{"id":59631,"date":"2025-07-11T17:09:45","date_gmt":"2025-07-11T15:09:45","guid":{"rendered":"https:\/\/dadorana.ch\/?page_id=59631"},"modified":"2026-03-03T10:40:48","modified_gmt":"2026-03-03T09:40:48","slug":"hundefutter-getreidefrei","status":"publish","type":"page","link":"https:\/\/dadorana.ch\/fr\/hundefutter\/hundefutter-getreidefrei\/","title":{"rendered":"Hundefutter getreidefrei"},"content":{"rendered":"\t\t<div data-elementor-type=\"wp-page\" data-elementor-id=\"59631\" class=\"elementor elementor-59631\" data-elementor-post-type=\"page\">\n\t\t\t\t<div class=\"elementor-element elementor-element-e55cc6a e-con-full e-flex e-con e-parent\" data-id=\"e55cc6a\" data-element_type=\"container\" data-e-type=\"container\">\n\t\t\t\t<div class=\"elementor-element elementor-element-e491e2c color-scheme-inherit text-left elementor-widget elementor-widget-text-editor\" data-id=\"e491e2c\" data-element_type=\"widget\" data-e-type=\"widget\" data-widget_type=\"text-editor.default\">\n\t\t\t\t\t\t\t\t\t<p>Viele Hunde leiden an Futtermittelunvertr\u00e4glichkeiten oder Allergien \u2013 vor allem gegen Getreide. Unser getreidefreies Hundefutter bietet eine gesunde, artgerechte Alternative f\u00fcr empfindliche Hunde. Ob Trocken- oder Nassfutter:&nbsp;<\/p><p>Bei Da Dorana findest du sorgf\u00e4ltig ausgew\u00e4hlte Markenprodukte, die ganz ohne Getreide auskommen \u2013 aber voller N\u00e4hrstoffe stecken.<\/p>\t\t\t\t\t\t\t\t<\/div>\n\t\t\t\t<div class=\"elementor-element elementor-element-8d76a43 elementor-widget elementor-widget-heading\" data-id=\"8d76a43\" data-element_type=\"widget\" data-e-type=\"widget\" data-widget_type=\"heading.default\">\n\t\t\t\t\t<h2 class=\"elementor-heading-title elementor-size-default\">Warum getreidefreies Hundefutter die bessere Wahl sein kann<\/h2>\t\t\t\t<\/div>\n\t\t\t\t<div class=\"elementor-element elementor-element-bfaed1b color-scheme-inherit text-left elementor-widget elementor-widget-text-editor\" data-id=\"bfaed1b\" data-element_type=\"widget\" data-e-type=\"widget\" data-widget_type=\"text-editor.default\">\n\t\t\t\t\t\t\t\t\t<p data-start=\"135\" data-end=\"399\">Immer mehr Hundebesitzer entscheiden sich bewusst f\u00fcr <strong data-start=\"189\" data-end=\"219\">getreidefreies Hundefutter<\/strong> \u2013 und das aus gutem Grund. Zwar ist Getreide nicht grunds\u00e4tzlich sch\u00e4dlich, doch viele Hunde vertragen es nicht gut oder entwickeln mit der Zeit Unvertr\u00e4glichkeiten und Allergien.<\/p><p data-start=\"401\" data-end=\"459\"><strong data-start=\"401\" data-end=\"459\">Getreidefreies Hundefutter bietet zahlreiche Vorteile:<\/strong><\/p><ul data-start=\"461\" data-end=\"1331\"><li data-start=\"461\" data-end=\"674\"><p data-start=\"463\" data-end=\"674\">\u2705 <strong data-start=\"465\" data-end=\"506\">Besser vertr\u00e4glich f\u00fcr sensible Hunde<\/strong><br data-start=\"506\" data-end=\"509\" \/>Besonders Hunde mit empfindlichem Magen-Darm-Trakt profitieren von getreidefreien Rezepturen. Reizstoffe wie Gluten werden vermieden, die Verdauung wird entlastet.<\/p><\/li><li data-start=\"676\" data-end=\"904\"><p data-start=\"678\" data-end=\"904\">\u2705 <strong data-start=\"680\" data-end=\"706\">Weniger Allergierisiko<\/strong><br data-start=\"706\" data-end=\"709\" \/>Viele Futterallergien stehen in Zusammenhang mit bestimmten Getreidesorten. Der Verzicht auf Weizen, Mais oder Gerste kann Hautprobleme, Juckreiz oder Verdauungsbeschwerden deutlich reduzieren.<\/p><\/li><li data-start=\"906\" data-end=\"1162\"><p data-start=\"908\" data-end=\"1162\">\u2705 <strong data-start=\"910\" data-end=\"933\">Naturnahe Ern\u00e4hrung<\/strong><br data-start=\"933\" data-end=\"936\" \/>Hunde stammen vom Wolf ab \u2013 und der fra\u00df kaum Getreide. Getreidefreies Futter kommt der nat\u00fcrlichen Ern\u00e4hrung deutlich n\u00e4her, mit einem hohen Fleischanteil und hochwertigen pflanzlichen Beilagen wie S\u00fc\u00dfkartoffel oder Erbsen.<\/p><\/li><li data-start=\"1164\" data-end=\"1331\"><p data-start=\"1166\" data-end=\"1331\">\u2705 <strong data-start=\"1168\" data-end=\"1199\">Mehr Energie &amp; Lebensfreude<\/strong><br data-start=\"1199\" data-end=\"1202\" \/>Viele Hundebesitzer berichten, dass ihr Vierbeiner mit getreidefreier Nahrung aktiver, fitter und insgesamt ausgeglichener ist.<\/p><\/li><\/ul><hr data-start=\"1333\" data-end=\"1336\" \/><h3 data-start=\"1338\" data-end=\"1350\">Fazit:<\/h3><p data-start=\"1351\" data-end=\"1521\"><strong data-start=\"1351\" data-end=\"1521\">Getreidefreies Hundefutter ist oft die bessere Wahl \u2013 besonders f\u00fcr Allergiker, sensible Hunde oder alle, die Wert auf eine naturnahe und hochwertige Ern\u00e4hrung legen.<\/strong><\/p>\t\t\t\t\t\t\t\t<\/div>\n\t\t\t\t<div class=\"elementor-element elementor-element-08d2224 elementor-align-center elementor-widget elementor-widget-button\" data-id=\"08d2224\" data-element_type=\"widget\" data-e-type=\"widget\" data-widget_type=\"button.default\">\n\t\t\t\t\t\t\t\t\t\t<a class=\"elementor-button elementor-button-link elementor-size-sm\" href=\"https:\/\/dadorana.ch\/produkt-kategorie\/hunde\/?filter_eigenschaften=getreidefrei-de\">\n\t\t\t\t\t\t<span class=\"elementor-button-content-wrapper\">\n\t\t\t\t\t\t\t\t\t<span class=\"elementor-button-text\">\ud83d\udc49 Jetzt entdecken &amp; deinem Hund etwas Gutes tun!<\/span>\n\t\t\t\t\t<\/span>\n\t\t\t\t\t<\/a>\n\t\t\t\t\t\t\t\t<\/div>\n\t\t<div class=\"wd-negative-gap elementor-element elementor-element-7eaffd8 e-flex e-con-boxed e-con e-child\" data-id=\"7eaffd8\" data-element_type=\"container\" data-e-type=\"container\">\n\t\t\t\t\t<div class=\"e-con-inner\">\n\t\t<div class=\"elementor-element elementor-element-b6741e5 e-con-full e-flex e-con e-child\" data-id=\"b6741e5\" data-element_type=\"container\" data-e-type=\"container\" data-settings=\"{&quot;background_background&quot;:&quot;classic&quot;}\">\n\t\t\t\t<div class=\"elementor-element elementor-element-0d72ab2 elementor-widget elementor-widget-image\" data-id=\"0d72ab2\" data-element_type=\"widget\" data-e-type=\"widget\" data-widget_type=\"image.default\">\n\t\t\t\t\t\t\t\t\t\t\t\t\t\t\t<img decoding=\"async\" width=\"354\" height=\"80\" src=\"https:\/\/dadorana.ch\/wp-content\/uploads\/2024\/09\/Logo-UPD_Homepage.png\" class=\"attachment-large size-large wp-image-285\" alt=\"Ultra Premium Direct Logo\" srcset=\"https:\/\/dadorana.ch\/wp-content\/uploads\/2024\/09\/Logo-UPD_Homepage.png 354w, https:\/\/dadorana.ch\/wp-content\/uploads\/2024\/09\/Logo-UPD_Homepage-300x68.png 300w, https:\/\/dadorana.ch\/wp-content\/uploads\/2024\/09\/Logo-UPD_Homepage-150x34.png 150w\" sizes=\"(max-width: 354px) 100vw, 354px\" title=\"\">\t\t\t\t\t\t\t\t\t\t\t\t\t\t\t<\/div>\n\t\t\t\t<\/div>\n\t\t\t\t\t<\/div>\n\t\t\t\t<\/div>\n\t\t\t\t<\/div>\n\t\t<div class=\"wd-negative-gap elementor-element elementor-element-e43ad10 e-flex e-con-boxed e-con e-parent\" data-id=\"e43ad10\" data-element_type=\"container\" data-e-type=\"container\" data-settings=\"{&quot;background_background&quot;:&quot;classic&quot;}\">\n\t\t\t\t\t<div class=\"e-con-inner\">\n\t\t<div class=\"elementor-element elementor-element-fd7a0f3 e-con-full e-flex e-con e-child\" data-id=\"fd7a0f3\" data-element_type=\"container\" data-e-type=\"container\">\n\t\t\t\t<div class=\"elementor-element elementor-element-79cfa9f elementor-widget elementor-widget-image\" data-id=\"79cfa9f\" data-element_type=\"widget\" data-e-type=\"widget\" data-widget_type=\"image.default\">\n\t\t\t\t\t\t\t\t\t\t\t\t\t\t\t<img decoding=\"async\" width=\"800\" height=\"800\" src=\"https:\/\/dadorana.ch\/wp-content\/uploads\/Ultra-Premium-Direct-with-Fresh-Chicken-Hund.jpg\" class=\"attachment-large size-large wp-image-55180\" alt=\"Ultra Premium Direct with Fresh Chicken - Hund\" srcset=\"https:\/\/dadorana.ch\/wp-content\/uploads\/Ultra-Premium-Direct-with-Fresh-Chicken-Hund.jpg 800w, https:\/\/dadorana.ch\/wp-content\/uploads\/Ultra-Premium-Direct-with-Fresh-Chicken-Hund-300x300.jpg 300w, https:\/\/dadorana.ch\/wp-content\/uploads\/Ultra-Premium-Direct-with-Fresh-Chicken-Hund-150x150.jpg 150w, https:\/\/dadorana.ch\/wp-content\/uploads\/Ultra-Premium-Direct-with-Fresh-Chicken-Hund-768x768.jpg 768w, https:\/\/dadorana.ch\/wp-content\/uploads\/Ultra-Premium-Direct-with-Fresh-Chicken-Hund-400x400.jpg 400w, https:\/\/dadorana.ch\/wp-content\/uploads\/Ultra-Premium-Direct-with-Fresh-Chicken-Hund-50x50.jpg 50w, https:\/\/dadorana.ch\/wp-content\/uploads\/Ultra-Premium-Direct-with-Fresh-Chicken-Hund-100x100.jpg 100w, https:\/\/dadorana.ch\/wp-content\/uploads\/Ultra-Premium-Direct-with-Fresh-Chicken-Hund-600x600.jpg 600w\" sizes=\"(max-width: 800px) 100vw, 800px\" title=\"\">\t\t\t\t\t\t\t\t\t\t\t\t\t\t\t<\/div>\n\t\t\t\t<\/div>\n\t\t<div class=\"elementor-element elementor-element-a70efb7 e-con-full e-flex e-con e-child\" data-id=\"a70efb7\" data-element_type=\"container\" data-e-type=\"container\">\n\t\t\t\t<div class=\"elementor-element elementor-element-7c71bb1 elementor-widget elementor-widget-heading\" data-id=\"7c71bb1\" data-element_type=\"widget\" data-e-type=\"widget\" data-widget_type=\"heading.default\">\n\t\t\t\t\t<h2 class=\"elementor-heading-title elementor-size-default\">Unsere beliebteste getreidefreie Marke<\/h2>\t\t\t\t<\/div>\n\t\t\t\t<div class=\"elementor-element elementor-element-0dc5629 color-scheme-inherit text-left elementor-widget elementor-widget-text-editor\" data-id=\"0dc5629\" data-element_type=\"widget\" data-e-type=\"widget\" data-widget_type=\"text-editor.default\">\n\t\t\t\t\t\t\t\t\t<p data-start=\"522\" data-end=\"765\"><strong data-start=\"524\" data-end=\"590\">Unsere beliebteste getreidefreie Marke: [Ultra Premium Direct]<\/strong><br data-start=\"590\" data-end=\"593\" \/>Die Rezepturen von Ultra Premium Direct wurden speziell f\u00fcr Hunde mit besonderen Bed\u00fcrfnissen entwickelt \u2013 nat\u00fcrlich, n\u00e4hrstoffreich und frei von k\u00fcnstlichen Zusatzstoffen.<\/p><h4 data-start=\"747\" data-end=\"779\">\u2705 Vorteile auf einen Blick:<\/h4><ul data-start=\"780\" data-end=\"1019\"><li data-start=\"780\" data-end=\"813\"><p data-start=\"782\" data-end=\"813\">Getreidefrei &amp; hochverdaulich<\/p><\/li><li data-start=\"814\" data-end=\"865\"><p data-start=\"816\" data-end=\"865\">Ideal bei Allergien &amp; Futterunvertr\u00e4glichkeiten<\/p><\/li><li data-start=\"866\" data-end=\"916\"><p data-start=\"868\" data-end=\"916\">Unterst\u00fctzt gesunde Haut &amp; ein gl\u00e4nzendes Fell<\/p><\/li><li data-start=\"917\" data-end=\"961\"><p data-start=\"919\" data-end=\"961\">F\u00fcr alle Rassen &amp; Altersgruppen geeignet<\/p><\/li><li data-start=\"962\" data-end=\"1019\"><p data-start=\"964\" data-end=\"1019\">Ohne k\u00fcnstliche Farb-, Aroma- oder Konservierungsstoffe<\/p><\/li><\/ul><p data-start=\"1020\" data-end=\"1139\">Schenke deinem Hund nat\u00fcrliche Ern\u00e4hrung \u2013 ohne Kompromisse.<\/p><p data-start=\"1020\" data-end=\"1139\"><strong data-start=\"1083\" data-end=\"1139\">Ultra Premium Direct: Qualit\u00e4t, die dein Hund sp\u00fcrt.<\/strong><\/p>\t\t\t\t\t\t\t\t<\/div>\n\t\t\t\t<\/div>\n\t\t\t\t\t<\/div>\n\t\t\t\t<\/div>\n\t\t<div class=\"wd-negative-gap elementor-element elementor-element-836c2fd e-flex e-con-boxed e-con e-parent\" data-id=\"836c2fd\" data-element_type=\"container\" data-e-type=\"container\">\n\t\t\t\t\t<div class=\"e-con-inner\">\n\t\t\t\t<div class=\"elementor-element elementor-element-b10ae50 elementor-widget-divider--view-line elementor-widget elementor-widget-divider\" data-id=\"b10ae50\" data-element_type=\"widget\" data-e-type=\"widget\" data-widget_type=\"divider.default\">\n\t\t\t\t\t\t\t<div class=\"elementor-divider\">\n\t\t\t<span class=\"elementor-divider-separator\">\n\t\t\t\t\t\t<\/span>\n\t\t<\/div>\n\t\t\t\t\t\t<\/div>\n\t\t\t\t\t<\/div>\n\t\t\t\t<\/div>\n\t\t<div class=\"wd-negative-gap elementor-element elementor-element-df7baf7 e-flex e-con-boxed e-con e-parent\" data-id=\"df7baf7\" data-element_type=\"container\" data-e-type=\"container\">\n\t\t\t\t\t<div class=\"e-con-inner\">\n\t\t<div class=\"elementor-element elementor-element-1f9313c e-con-full e-flex e-con e-child\" data-id=\"1f9313c\" data-element_type=\"container\" data-e-type=\"container\">\n\t\t\t\t<div class=\"elementor-element elementor-element-94d1fe0 elementor-widget elementor-widget-heading\" data-id=\"94d1fe0\" data-element_type=\"widget\" data-e-type=\"widget\" data-widget_type=\"heading.default\">\n\t\t\t\t\t<h2 class=\"elementor-heading-title elementor-size-default\">F\u00fcr Allergiker &amp; sensible Hunde geeignet<\/h2>\t\t\t\t<\/div>\n\t\t\t\t<div class=\"elementor-element elementor-element-cdbe09a color-scheme-inherit text-left elementor-widget elementor-widget-text-editor\" data-id=\"cdbe09a\" data-element_type=\"widget\" data-e-type=\"widget\" data-widget_type=\"text-editor.default\">\n\t\t\t\t\t\t\t\t\t<p data-start=\"220\" data-end=\"539\">Unser getreidefreies Hundefutter ist die ideale Wahl f\u00fcr Hunde mit Futtermittelallergien, Unvertr\u00e4glichkeiten oder empfindlichem Verdauungssystem. Es wird bewusst ohne Weizen, Mais oder andere Getreidesorten hergestellt und setzt stattdessen auf leicht verdauliche Kohlenhydratquellen wie Kartoffeln oder S\u00fc\u00dfkartoffeln.<\/p><p data-start=\"541\" data-end=\"570\">Dank der schonenden Rezeptur:<\/p><ul data-start=\"571\" data-end=\"726\"><li data-start=\"571\" data-end=\"613\"><p data-start=\"573\" data-end=\"613\"><strong data-start=\"573\" data-end=\"610\">entlastet es den Magen-Darm-Trakt<\/strong>,<\/p><\/li><li data-start=\"614\" data-end=\"668\"><p data-start=\"616\" data-end=\"668\"><strong data-start=\"616\" data-end=\"665\">verringert das Risiko allergischer Reaktionen<\/strong>,<\/p><\/li><li data-start=\"669\" data-end=\"726\"><p data-start=\"671\" data-end=\"726\">und <strong data-start=\"675\" data-end=\"725\">f\u00f6rdert ein gl\u00e4nzendes Fell sowie gesunde Haut<\/strong>.<\/p><\/li><\/ul><p data-start=\"728\" data-end=\"909\">Ob Welpe, Adult oder Senior \u2013 unsere getreidefreien Sorten bieten deinem Hund alle wichtigen N\u00e4hrstoffe, ohne unn\u00f6tige F\u00fcllstoffe. Ideal f\u00fcr Vierbeiner, die nur das Beste vertragen.<\/p>\t\t\t\t\t\t\t\t<\/div>\n\t\t\t\t<\/div>\n\t\t<div class=\"elementor-element elementor-element-b5f1b2e e-con-full e-flex e-con e-child\" data-id=\"b5f1b2e\" data-element_type=\"container\" data-e-type=\"container\">\n\t\t\t\t<div class=\"elementor-element elementor-element-377f4db elementor-widget elementor-widget-image\" data-id=\"377f4db\" data-element_type=\"widget\" data-e-type=\"widget\" data-widget_type=\"image.default\">\n\t\t\t\t\t\t\t\t\t\t\t\t\t\t\t<img decoding=\"async\" width=\"800\" height=\"800\" src=\"https:\/\/dadorana.ch\/wp-content\/uploads\/Sensitive-Digestion-all-Breed-\u2013-Lamb-Hund.jpg\" class=\"attachment-large size-large wp-image-55006\" alt=\"Ultra Premium DirectSensitive Digestion all Breed \u2013 Lamb Hund\" srcset=\"https:\/\/dadorana.ch\/wp-content\/uploads\/Sensitive-Digestion-all-Breed-\u2013-Lamb-Hund.jpg 800w, https:\/\/dadorana.ch\/wp-content\/uploads\/Sensitive-Digestion-all-Breed-\u2013-Lamb-Hund-300x300.jpg 300w, https:\/\/dadorana.ch\/wp-content\/uploads\/Sensitive-Digestion-all-Breed-\u2013-Lamb-Hund-150x150.jpg 150w, https:\/\/dadorana.ch\/wp-content\/uploads\/Sensitive-Digestion-all-Breed-\u2013-Lamb-Hund-768x768.jpg 768w, https:\/\/dadorana.ch\/wp-content\/uploads\/Sensitive-Digestion-all-Breed-\u2013-Lamb-Hund-400x400.jpg 400w, https:\/\/dadorana.ch\/wp-content\/uploads\/Sensitive-Digestion-all-Breed-\u2013-Lamb-Hund-50x50.jpg 50w, https:\/\/dadorana.ch\/wp-content\/uploads\/Sensitive-Digestion-all-Breed-\u2013-Lamb-Hund-100x100.jpg 100w, https:\/\/dadorana.ch\/wp-content\/uploads\/Sensitive-Digestion-all-Breed-\u2013-Lamb-Hund-600x600.jpg 600w\" sizes=\"(max-width: 800px) 100vw, 800px\" title=\"\">\t\t\t\t\t\t\t\t\t\t\t\t\t\t\t<\/div>\n\t\t\t\t<\/div>\n\t\t\t\t\t<\/div>\n\t\t\t\t<\/div>\n\t\t<div class=\"wd-negative-gap elementor-element elementor-element-f4a9d51 e-flex e-con-boxed e-con e-parent\" data-id=\"f4a9d51\" data-element_type=\"container\" data-e-type=\"container\">\n\t\t\t\t\t<div class=\"e-con-inner\">\n\t\t\t\t<div class=\"elementor-element elementor-element-10dfd5d elementor-widget-divider--view-line elementor-widget elementor-widget-divider\" data-id=\"10dfd5d\" data-element_type=\"widget\" data-e-type=\"widget\" data-widget_type=\"divider.default\">\n\t\t\t\t\t\t\t<div class=\"elementor-divider\">\n\t\t\t<span class=\"elementor-divider-separator\">\n\t\t\t\t\t\t<\/span>\n\t\t<\/div>\n\t\t\t\t\t\t<\/div>\n\t\t\t\t\t<\/div>\n\t\t\t\t<\/div>\n\t\t<div class=\"wd-negative-gap elementor-element elementor-element-9e4e674 e-flex e-con-boxed e-con e-parent\" data-id=\"9e4e674\" data-element_type=\"container\" data-e-type=\"container\">\n\t\t\t\t\t<div class=\"e-con-inner\">\n\t\t<div class=\"elementor-element elementor-element-dd55d4a e-con-full e-flex e-con e-child\" data-id=\"dd55d4a\" data-element_type=\"container\" data-e-type=\"container\">\n\t\t\t\t<div class=\"elementor-element elementor-element-213bf1a elementor-widget elementor-widget-heading\" data-id=\"213bf1a\" data-element_type=\"widget\" data-e-type=\"widget\" data-widget_type=\"heading.default\">\n\t\t\t\t\t<h3 class=\"elementor-heading-title elementor-size-default\">Trockenfutter ohne Getreide<\/h3>\t\t\t\t<\/div>\n\t\t\t\t<\/div>\n\t\t<div class=\"elementor-element elementor-element-ad9f17d e-con-full e-flex e-con e-child\" data-id=\"ad9f17d\" data-element_type=\"container\" data-e-type=\"container\">\n\t\t\t\t<div class=\"elementor-element elementor-element-c574de5 elementor-widget elementor-widget-heading\" data-id=\"c574de5\" data-element_type=\"widget\" data-e-type=\"widget\" data-widget_type=\"heading.default\">\n\t\t\t\t\t<h3 class=\"elementor-heading-title elementor-size-default\">Nassfutter ohne Getreide<\/h3>\t\t\t\t<\/div>\n\t\t\t\t<\/div>\n\t\t\t\t\t<\/div>\n\t\t\t\t<\/div>\n\t\t<div class=\"wd-negative-gap elementor-element elementor-element-cd05225 e-flex e-con-boxed e-con e-parent\" data-id=\"cd05225\" data-element_type=\"container\" data-e-type=\"container\">\n\t\t\t\t\t<div class=\"e-con-inner\">\n\t\t\t\t<div class=\"elementor-element elementor-element-8844ffb elementor-widget-divider--view-line elementor-widget elementor-widget-divider\" data-id=\"8844ffb\" data-element_type=\"widget\" data-e-type=\"widget\" data-widget_type=\"divider.default\">\n\t\t\t\t\t\t\t<div class=\"elementor-divider\">\n\t\t\t<span class=\"elementor-divider-separator\">\n\t\t\t\t\t\t<\/span>\n\t\t<\/div>\n\t\t\t\t\t\t<\/div>\n\t\t\t\t\t<\/div>\n\t\t\t\t<\/div>\n\t\t<div class=\"wd-negative-gap elementor-element elementor-element-346d0b7 e-flex e-con-boxed e-con e-parent\" data-id=\"346d0b7\" data-element_type=\"container\" data-e-type=\"container\" data-settings=\"{&quot;background_background&quot;:&quot;classic&quot;}\">\n\t\t\t\t\t<div class=\"e-con-inner\">\n\t\t\t\t<div class=\"elementor-element elementor-element-3890a31 elementor-widget elementor-widget-wd_accordion\" data-id=\"3890a31\" data-element_type=\"widget\" data-e-type=\"widget\" data-widget_type=\"wd_accordion.default\">\n\t\t\t\t<div class=\"elementor-widget-container\">\n\t\t\t\t\t\n\t\t<div class=\"wd-accordion wd-style-default wd-titles-left wd-opener-pos-left wd-opener-style-arrow\" data-state=\"first\">\n\t\t\t\t\t\t\t\n\t\t\t\t<div class=\"wd-accordion-item\">\n\t\t\t\t\t<div class=\"wd-accordion-title wd-role-btn wd-active\" data-accordion-index=\"0\" tabindex=\"0\">\n\t\t\t\t\t\t<div class=\"wd-accordion-title-text\">\n\t\t\t\t\t\t\t\t\t\t\t\t\t\t<span>\n\t\t\t\t\t\t\t\tIst gereidefreies Futter ges\u00fcnder?\t\t\t\t\t\t\t<\/span>\n\t\t\t\t\t\t<\/div>\n\t\t\t\t\t\t<span class=\"wd-accordion-opener\"><\/span>\n\t\t\t\t\t<\/div>\n\n\t\t\t\t\t<div class=\"wd-accordion-content wd-entry-content wd-active\" data-accordion-index=\"0\">\n\t\t\t\t\t\t\t\t\t\t\t\t\t\n\t\t\t\t\t\t\t<p>F\u00fcr viele Hunde mit Unvertr\u00e4glichkeiten ja \u2013 es reduziert Verdauungsprobleme und Hautirritationen.<\/p>\n\t\t\t\t\t\t\t\t\t\t\t\t\t\t\t\t\t\t<\/div>\n\t\t\t\t<\/div>\n\t\t\t\t\t\t\t\n\t\t\t\t<div class=\"wd-accordion-item\">\n\t\t\t\t\t<div class=\"wd-accordion-title wd-role-btn\" data-accordion-index=\"1\" tabindex=\"0\">\n\t\t\t\t\t\t<div class=\"wd-accordion-title-text\">\n\t\t\t\t\t\t\t\t\t\t\t\t\t\t<span>\n\t\t\t\t\t\t\t\tWas ist die Alternative zu Getreide?\t\t\t\t\t\t\t<\/span>\n\t\t\t\t\t\t<\/div>\n\t\t\t\t\t\t<span class=\"wd-accordion-opener\"><\/span>\n\t\t\t\t\t<\/div>\n\n\t\t\t\t\t<div class=\"wd-accordion-content wd-entry-content\" data-accordion-index=\"1\">\n\t\t\t\t\t\t\t\t\t\t\t\t\t\n\t\t\t\t\t\t\t<p>Statt Weizen &amp; Mais werden z.\u202fB. Kartoffeln, S\u00fc\u00dfkartoffeln oder Erbsen als Kohlenhydratquelle genutzt.<\/p>\n\t\t\t\t\t\t\t\t\t\t\t\t\t\t\t\t\t\t<\/div>\n\t\t\t\t<\/div>\n\t\t\t\t\t\t\t\n\t\t\t\t<div class=\"wd-accordion-item\">\n\t\t\t\t\t<div class=\"wd-accordion-title wd-role-btn\" data-accordion-index=\"2\" tabindex=\"0\">\n\t\t\t\t\t\t<div class=\"wd-accordion-title-text\">\n\t\t\t\t\t\t\t\t\t\t\t\t\t\t<span>\n\t\t\t\t\t\t\t\tKann ich sofort umstellen?\t\t\t\t\t\t\t<\/span>\n\t\t\t\t\t\t<\/div>\n\t\t\t\t\t\t<span class=\"wd-accordion-opener\"><\/span>\n\t\t\t\t\t<\/div>\n\n\t\t\t\t\t<div class=\"wd-accordion-content wd-entry-content\" data-accordion-index=\"2\">\n\t\t\t\t\t\t\t\t\t\t\t\t\t\n\t\t\t\t\t\t\t<p>Wir empfehlen eine schrittweise Umstellung \u00fcber 5\u20137 Tage, um die Verdauung nicht zu \u00fcberfordern.<\/p>\n\t\t\t\t\t\t\t\t\t\t\t\t\t\t\t\t\t\t<\/div>\n\t\t\t\t<\/div>\n\t\t\t\t\t<\/div>\n\t\t\t\t\t\t<\/div>\n\t\t\t\t<\/div>\n\t\t\t\t\t<\/div>\n\t\t\t\t<\/div>\n\t\t\t\t<\/div>\n\t\t","protected":false},"excerpt":{"rendered":"<p>Viele Hunde leiden an Futtermittelunvertr\u00e4glichkeiten oder Allergien \u2013 vor allem gegen Getreide. Unser getreidefreies Hundefutter bietet eine gesunde, artgerechte Alternative<\/p>\n","protected":false},"author":1,"featured_media":0,"parent":62458,"menu_order":0,"comment_status":"closed","ping_status":"closed","template":"","meta":{"footnotes":""},"class_list":["post-59631","page","type-page","status-publish","hentry"],"meta_box":[],"_links":{"self":[{"href":"https:\/\/dadorana.ch\/fr\/wp-json\/wp\/v2\/pages\/59631","targetHints":{"allow":["GET"]}}],"collection":[{"href":"https:\/\/dadorana.ch\/fr\/wp-json\/wp\/v2\/pages"}],"about":[{"href":"https:\/\/dadorana.ch\/fr\/wp-json\/wp\/v2\/types\/page"}],"author":[{"embeddable":true,"href":"https:\/\/dadorana.ch\/fr\/wp-json\/wp\/v2\/users\/1"}],"replies":[{"embeddable":true,"href":"https:\/\/dadorana.ch\/fr\/wp-json\/wp\/v2\/comments?post=59631"}],"version-history":[{"count":0,"href":"https:\/\/dadorana.ch\/fr\/wp-json\/wp\/v2\/pages\/59631\/revisions"}],"up":[{"embeddable":true,"href":"https:\/\/dadorana.ch\/fr\/wp-json\/wp\/v2\/pages\/62458"}],"wp:attachment":[{"href":"https:\/\/dadorana.ch\/fr\/wp-json\/wp\/v2\/media?parent=59631"}],"curies":[{"name":"wp","href":"https:\/\/api.w.org\/{rel}","templated":true}]}}