{"id":61118,"date":"2025-10-12T15:07:06","date_gmt":"2025-10-12T13:07:06","guid":{"rendered":"https:\/\/dadorana.ch\/?page_id=61118"},"modified":"2025-10-19T10:48:13","modified_gmt":"2025-10-19T08:48:13","slug":"katzennassfutter-ultra-premium-direct","status":"publish","type":"page","link":"https:\/\/dadorana.ch\/fr\/katzennassfutter-ultra-premium-direct\/","title":{"rendered":"Katzennassfutter \u2013 Ultra Premium Direct"},"content":{"rendered":"\t\t<div data-elementor-type=\"wp-page\" data-elementor-id=\"61118\" class=\"elementor elementor-61118\" data-elementor-post-type=\"page\">\n\t\t\t\t<div class=\"wd-negative-gap elementor-element elementor-element-93068b3 e-flex e-con-boxed e-con e-parent\" data-id=\"93068b3\" data-element_type=\"container\" data-e-type=\"container\">\n\t\t\t\t\t<div class=\"e-con-inner\">\n\t\t<div class=\"elementor-element elementor-element-813d7e1 e-grid e-con-full e-con e-child\" data-id=\"813d7e1\" data-element_type=\"container\" data-e-type=\"container\">\n\t\t\t\t<div class=\"elementor-element elementor-element-b250128 elementor-widget__width-initial color-scheme-inherit text-left elementor-widget elementor-widget-text-editor\" data-id=\"b250128\" data-element_type=\"widget\" data-e-type=\"widget\" data-widget_type=\"text-editor.default\">\n\t\t\t\t\t\t\t\t\t<p class=\"hidden lg:container lg:mt-4 lg:block lg:pr-[420px] lg:text-sm\" data-v-0639fdde=\"\">Es ist wichtig, eine qualitativ hochwertige Ern\u00e4hrung anzubieten, die auf die spezifischen Bed\u00fcrfnisse Ihrer kleinen Katze abgestimmt ist.&nbsp;<\/p><p class=\"hidden lg:container lg:mt-4 lg:block lg:pr-[420px] lg:text-sm\" data-v-0639fdde=\"\">Bei Ultra Premium Direct haben wir ein komplettes Sortiment an Katzenfutter und Nassfutter aus franz\u00f6sischer Produktion entwickelt, das auf die spezifischen Bed\u00fcrfnisse Ihrer Katzen zugeschnitten ist.&nbsp;<\/p><p class=\"hidden lg:container lg:mt-4 lg:block lg:pr-[420px] lg:text-sm\" data-v-0639fdde=\"\">Unsere Rezepturen werden ohne Getreide oder mit wenig Getreide hergestellt und sind reich an tierischen Inhaltsstoffen, um die fleischfressende Natur aller Katzen zu respektieren.<\/p>\t\t\t\t\t\t\t\t<\/div>\n\t\t\t\t<div class=\"elementor-element elementor-element-99ae150 elementor-widget__width-initial elementor-widget elementor-widget-image\" data-id=\"99ae150\" data-element_type=\"widget\" data-e-type=\"widget\" data-widget_type=\"image.default\">\n\t\t\t\t\t\t\t\t\t\t\t\t\t\t\t<img decoding=\"async\" width=\"300\" height=\"300\" src=\"https:\/\/dadorana.ch\/wp-content\/uploads\/6-300x300.jpg\" class=\"attachment-medium size-medium wp-image-66350\" alt=\"Natural Mousse von Ultra Premium Direct\" srcset=\"https:\/\/dadorana.ch\/wp-content\/uploads\/6-300x300.jpg 300w, https:\/\/dadorana.ch\/wp-content\/uploads\/6-800x800.jpg 800w, https:\/\/dadorana.ch\/wp-content\/uploads\/6-150x150.jpg 150w, https:\/\/dadorana.ch\/wp-content\/uploads\/6-768x768.jpg 768w, https:\/\/dadorana.ch\/wp-content\/uploads\/6-1536x1536.jpg 1536w, https:\/\/dadorana.ch\/wp-content\/uploads\/6-1320x1320.jpg 1320w, https:\/\/dadorana.ch\/wp-content\/uploads\/6-400x400.jpg 400w, https:\/\/dadorana.ch\/wp-content\/uploads\/6-50x50.jpg 50w, https:\/\/dadorana.ch\/wp-content\/uploads\/6-100x100.jpg 100w, https:\/\/dadorana.ch\/wp-content\/uploads\/6.jpg 2000w\" sizes=\"(max-width: 300px) 100vw, 300px\" title=\"\">\t\t\t\t\t\t\t\t\t\t\t\t\t\t\t<\/div>\n\t\t\t\t<\/div>\n\t\t\t\t<div class=\"elementor-element elementor-element-9245b9f elementor-widget elementor-widget-heading\" data-id=\"9245b9f\" data-element_type=\"widget\" data-e-type=\"widget\" data-widget_type=\"heading.default\">\n\t\t\t\t\t<h2 class=\"elementor-heading-title elementor-size-default\">Ultra Premium Direct Katzenfutter \u2013 die passende Ern\u00e4hrung f\u00fcr jede Katze<\/h2>\t\t\t\t<\/div>\n\t\t\t\t<div class=\"elementor-element elementor-element-74f2174 color-scheme-inherit text-left elementor-widget elementor-widget-text-editor\" data-id=\"74f2174\" data-element_type=\"widget\" data-e-type=\"widget\" data-widget_type=\"text-editor.default\">\n\t\t\t\t\t\t\t\t\t<p data-start=\"595\" data-end=\"836\">Jede Katze ist einzigartig. Manche sind aktiv und verbringen viel Zeit draussen, andere leben als Wohnungskatze und sind sterilisiert. Damit sich Ihr Tier rundum wohlf\u00fchlt, ist eine auf seine Bed\u00fcrfnisse abgestimmte Ern\u00e4hrung entscheidend.<\/p><p data-start=\"838\" data-end=\"1251\">Katzen sind reine Fleischfresser und ben\u00f6tigen daher <strong data-start=\"891\" data-end=\"916\">eiweissreiche Nahrung<\/strong>. Anders als Hunde kann ihr K\u00f6rper <strong data-start=\"951\" data-end=\"961\">Taurin<\/strong> nicht selbst produzieren. Diese essentielle Aminos\u00e4ure, die in tierischen Proteinen vorkommt, unterst\u00fctzt Herz, Augen und allgemeine Vitalit\u00e4t. Ein Mangel an Taurin kann ernsthafte Gesundheitsprobleme verursachen \u2013 darum ist hochwertiges, fleischbasiertes <strong data-start=\"1218\" data-end=\"1234\">Katzenfutter<\/strong> unverzichtbar.<\/p><p data-start=\"1253\" data-end=\"1637\">Gleichzeitig sollten Katzen nicht zu viele Kohlenhydrate aufnehmen. Zu viel Getreide im Futter kann Verdauungsst\u00f6rungen oder \u00dcbergewicht f\u00f6rdern. Deshalb bietet <strong data-start=\"1414\" data-end=\"1438\">Ultra Premium Direct<\/strong> eine grosse Auswahl an <strong data-start=\"1462\" data-end=\"1493\">getreidefreiem Katzenfutter<\/strong> \u2013 sowohl als Trocken- als auch als Nassfutter \u2013 entwickelt von Tierern\u00e4hrungsexperten und perfekt auf die Bed\u00fcrfnisse Ihrer Katze abgestimmt.<\/p>\t\t\t\t\t\t\t\t<\/div>\n\t\t\t\t<div class=\"elementor-element elementor-element-b2bfb21 elementor-widget elementor-widget-heading\" data-id=\"b2bfb21\" data-element_type=\"widget\" data-e-type=\"widget\" data-widget_type=\"heading.default\">\n\t\t\t\t\t<h2 class=\"elementor-heading-title elementor-size-default\">Katzenfutter f\u00fcr jede Lebensphase und jedes Bed\u00fcrfnis<\/h2>\t\t\t\t<\/div>\n\t\t\t\t<div class=\"elementor-element elementor-element-d843670 color-scheme-inherit text-left elementor-widget elementor-widget-text-editor\" data-id=\"d843670\" data-element_type=\"widget\" data-e-type=\"widget\" data-widget_type=\"text-editor.default\">\n\t\t\t\t\t\t\t\t\t<p data-start=\"1703\" data-end=\"2032\"><a href=\"https:\/\/dadorana.ch\/produkt-kategorie\/produkte-katzen\/trockenfutter-katzen\/?filter_eigenschaften=sterilisation-kastration-de\"><strong data-start=\"1703\" data-end=\"1745\">Katzenfutter f\u00fcr sterilisierte Katzen:<\/strong><\/a><br data-start=\"1745\" data-end=\"1748\" \/>Nach einer Sterilisation ver\u00e4ndern sich Stoffwechsel und Energiebedarf. Sterilisierte Katzen ben\u00f6tigen Futter mit weniger Fett, um ihr Gewicht zu halten. Unser <strong data-start=\"1908\" data-end=\"1950\">Trockenfutter f\u00fcr sterilisierte Katzen<\/strong> ist kalorienreduziert, getreidefrei und speziell f\u00fcr Wohnungskatzen entwickelt.<\/p><p data-start=\"2034\" data-end=\"2338\"><strong data-start=\"2034\" data-end=\"2053\">K\u00e4tzchenfutter:<\/strong><br data-start=\"2053\" data-end=\"2056\" \/>Ein K\u00e4tzchen braucht Futter mit besonders viel Eiweiss und gesunden Fetten, um sein Wachstum, die Muskulatur und das Immunsystem zu f\u00f6rdern. Unser <strong data-start=\"2203\" data-end=\"2232\">Katzenfutter f\u00fcr K\u00e4tzchen<\/strong> enth\u00e4lt hochwertige tierische Proteine und Taurin f\u00fcr eine gesunde Entwicklung von Gehirn und Sehkraft.<\/p><p data-start=\"2340\" data-end=\"2609\"><a href=\"https:\/\/dadorana.ch\/produkt-kategorie\/produkte-katzen\/trockenfutter-katzen\/?filter_eigenschaften=light-de\"><strong data-start=\"2340\" data-end=\"2377\">Futter f\u00fcr \u00fcbergewichtige Katzen:<\/strong><\/a><br data-start=\"2377\" data-end=\"2380\" \/>Wenn Ihre Katze zu schnell an Gewicht zulegt, hilft ein <strong data-start=\"2436\" data-end=\"2472\">kalorienreduziertes Katzenfutter<\/strong>, um die Fettaufnahme zu kontrollieren. Die ausgewogenen Rezepturen unterst\u00fctzen eine sanfte Gewichtsregulierung ohne N\u00e4hrstoffverlust.<\/p><p data-start=\"2611\" data-end=\"2863\"><strong data-start=\"2611\" data-end=\"2638\">Anti-Haarballen-Futter:<\/strong><br data-start=\"2638\" data-end=\"2641\" \/>Katzen mit dichtem Fell leiden h\u00e4ufig unter Haarballen. Unsere <strong data-start=\"2704\" data-end=\"2733\">Anti-Haarballen-Kroketten<\/strong> sind reich an Ballaststoffen und unterst\u00fctzen die nat\u00fcrliche Verdauung, damit Haarballen auf sanfte Weise ausgeschieden werden.<\/p><p data-start=\"2865\" data-end=\"3146\"><a href=\"https:\/\/dadorana.ch\/produkt-kategorie\/produkte-katzen\/nassfutter-katze\/\"><strong data-start=\"2865\" data-end=\"2891\">Nassfutter f\u00fcr Katzen:<\/strong><\/a><br data-start=\"2891\" data-end=\"2894\" \/>Nassfutter ist ideal, um den t\u00e4glichen Fl\u00fcssigkeitsbedarf Ihrer Katze zu decken. Ob als <strong data-start=\"2982\" data-end=\"2993\">Terrine<\/strong>, <strong data-start=\"2995\" data-end=\"3005\">Mousse<\/strong> oder <strong data-start=\"3011\" data-end=\"3028\">Frischebeutel<\/strong> \u2013 unsere Sorten aus Huhn, Lachs oder Kabeljau sind reich an Proteinen, frei von Getreide und besonders schmackhaft.<\/p>\t\t\t\t\t\t\t\t<\/div>\n\t\t\t\t\t<\/div>\n\t\t\t\t<\/div>\n\t\t\t\t<\/div>\n\t\t","protected":false},"excerpt":{"rendered":"<p>Es ist wichtig, eine qualitativ hochwertige Ern\u00e4hrung anzubieten, die auf die spezifischen Bed\u00fcrfnisse Ihrer kleinen Katze abgestimmt ist.&nbsp; Bei Ultra<\/p>\n","protected":false},"author":1,"featured_media":0,"parent":0,"menu_order":0,"comment_status":"closed","ping_status":"closed","template":"","meta":{"footnotes":""},"class_list":["post-61118","page","type-page","status-publish","hentry"],"meta_box":[],"_links":{"self":[{"href":"https:\/\/dadorana.ch\/fr\/wp-json\/wp\/v2\/pages\/61118","targetHints":{"allow":["GET"]}}],"collection":[{"href":"https:\/\/dadorana.ch\/fr\/wp-json\/wp\/v2\/pages"}],"about":[{"href":"https:\/\/dadorana.ch\/fr\/wp-json\/wp\/v2\/types\/page"}],"author":[{"embeddable":true,"href":"https:\/\/dadorana.ch\/fr\/wp-json\/wp\/v2\/users\/1"}],"replies":[{"embeddable":true,"href":"https:\/\/dadorana.ch\/fr\/wp-json\/wp\/v2\/comments?post=61118"}],"version-history":[{"count":0,"href":"https:\/\/dadorana.ch\/fr\/wp-json\/wp\/v2\/pages\/61118\/revisions"}],"wp:attachment":[{"href":"https:\/\/dadorana.ch\/fr\/wp-json\/wp\/v2\/media?parent=61118"}],"curies":[{"name":"wp","href":"https:\/\/api.w.org\/{rel}","templated":true}]}}