{"id":65576,"date":"2025-08-26T14:24:58","date_gmt":"2025-08-26T12:24:58","guid":{"rendered":"https:\/\/dadorana.ch\/newsletter\/"},"modified":"2026-02-20T10:30:41","modified_gmt":"2026-02-20T09:30:41","slug":"newsletter","status":"publish","type":"page","link":"https:\/\/dadorana.ch\/fr\/newsletter\/","title":{"rendered":"Newsletter"},"content":{"rendered":"\t\t<div data-elementor-type=\"wp-page\" data-elementor-id=\"65576\" class=\"elementor elementor-65576 elementor-60387\" data-elementor-post-type=\"page\">\n\t\t\t\t<div class=\"wd-negative-gap elementor-element elementor-element-3e630685 e-flex e-con-boxed e-con e-parent\" data-id=\"3e630685\" data-element_type=\"container\" data-e-type=\"container\" data-settings=\"{&quot;background_background&quot;:&quot;classic&quot;}\">\n\t\t\t\t\t<div class=\"e-con-inner\">\n\t\t<div class=\"elementor-element elementor-element-28d7ff98 e-con-full e-flex e-con e-child\" data-id=\"28d7ff98\" data-element_type=\"container\" data-e-type=\"container\">\n\t\t\t\t<div class=\"elementor-element elementor-element-64ea42fc elementor-widget elementor-widget-heading\" data-id=\"64ea42fc\" data-element_type=\"widget\" data-e-type=\"widget\" data-widget_type=\"heading.default\">\n\t\t\t\t\t<h2 class=\"elementor-heading-title elementor-size-default\">Abonnez-vous \u00e0 la newsletter et profitez-en&nbsp;!<\/h2>\t\t\t\t<\/div>\n\t\t\t\t<div class=\"elementor-element elementor-element-4544e35a color-scheme-inherit text-left elementor-widget elementor-widget-text-editor\" data-id=\"4544e35a\" data-element_type=\"widget\" data-e-type=\"widget\" data-widget_type=\"text-editor.default\">\n\t\t\t\t\t\t\t\t\t<ul><li>Re\u00e7ois des remises exclusives &amp; des nouveaut\u00e9s par e-mail.<\/li><li>Bon de bienvenue <strong>de CHF 5.00<\/strong><\/li><li>Les donn\u00e9es ne seront pas transmises \u00e0 des tiers.<\/li><li>D\u00e9sinscription possible \u00e0 tout moment.<\/li><\/ul>\t\t\t\t\t\t\t\t<\/div>\n\t\t\t\t<\/div>\n\t\t<div class=\"elementor-element elementor-element-4699a531 e-con-full e-flex e-con e-child\" data-id=\"4699a531\" data-element_type=\"container\" data-e-type=\"container\">\n\t\t\t\t<div class=\"elementor-element elementor-element-a534e25 elementor-widget elementor-widget-shortcode\" data-id=\"a534e25\" data-element_type=\"widget\" data-e-type=\"widget\" data-widget_type=\"shortcode.default\">\n\t\t\t\t\t\t\t<div class=\"elementor-shortcode\">  \n  \n  <div class=\"\n    mailpoet_form_popup_overlay\n      \"><\/div>\n  <div\n    id=\"mailpoet_form_3\"\n    class=\"\n      mailpoet_form\n      mailpoet_form_shortcode\n      mailpoet_form_position_\n      mailpoet_form_animation_\n    \"\n      >\n\n    <style type=\"text\/css\">\n     #mailpoet_form_3 .mailpoet_form {  }\n#mailpoet_form_3 form { margin-bottom: 0; }\n#mailpoet_form_3 p.mailpoet_form_paragraph { margin-bottom: 10px; }\n#mailpoet_form_3 .mailpoet_column_with_background { padding: 10px; }\n#mailpoet_form_3 .mailpoet_form_column:not(:first-child) { margin-left: 20px; }\n#mailpoet_form_3 .mailpoet_paragraph { line-height: 20px; margin-bottom: 20px; }\n#mailpoet_form_3 .mailpoet_segment_label, #mailpoet_form_3 .mailpoet_text_label, #mailpoet_form_3 .mailpoet_textarea_label, #mailpoet_form_3 .mailpoet_select_label, #mailpoet_form_3 .mailpoet_radio_label, #mailpoet_form_3 .mailpoet_checkbox_label, #mailpoet_form_3 .mailpoet_list_label, #mailpoet_form_3 .mailpoet_date_label { display: block; font-weight: normal; }\n#mailpoet_form_3 .mailpoet_text, #mailpoet_form_3 .mailpoet_textarea, #mailpoet_form_3 .mailpoet_select, #mailpoet_form_3 .mailpoet_date_month, #mailpoet_form_3 .mailpoet_date_day, #mailpoet_form_3 .mailpoet_date_year, #mailpoet_form_3 .mailpoet_date { display: block; }\n#mailpoet_form_3 .mailpoet_text, #mailpoet_form_3 .mailpoet_textarea { width: 200px; }\n#mailpoet_form_3 .mailpoet_checkbox {  }\n#mailpoet_form_3 .mailpoet_submit {  }\n#mailpoet_form_3 .mailpoet_divider {  }\n#mailpoet_form_3 .mailpoet_message {  }\n#mailpoet_form_3 .mailpoet_form_loading { width: 30px; text-align: center; line-height: normal; }\n#mailpoet_form_3 .mailpoet_form_loading > span { width: 5px; height: 5px; background-color: #5b5b5b; }\n#mailpoet_form_3 h2.mailpoet-heading { margin: 0 0 20px 0; }\n#mailpoet_form_3 h1.mailpoet-heading { margin: 0 0 10px; }#mailpoet_form_3{border: 0px solid #ffffff;border-radius: 2px;text-align: left;}#mailpoet_form_3 form.mailpoet_form {padding: 16px;}#mailpoet_form_3{width: 100%;}#mailpoet_form_3 .mailpoet_message {margin: 0; padding: 0 20px;}\n        #mailpoet_form_3 .mailpoet_validate_success {color: #00d084}\n        #mailpoet_form_3 input.parsley-success {color: #00d084}\n        #mailpoet_form_3 select.parsley-success {color: #00d084}\n        #mailpoet_form_3 textarea.parsley-success {color: #00d084}\n      \n        #mailpoet_form_3 .mailpoet_validate_error {color: #cf2e2e}\n        #mailpoet_form_3 input.parsley-error {color: #cf2e2e}\n        #mailpoet_form_3 select.parsley-error {color: #cf2e2e}\n        #mailpoet_form_3 textarea.textarea.parsley-error {color: #cf2e2e}\n        #mailpoet_form_3 .parsley-errors-list {color: #cf2e2e}\n        #mailpoet_form_3 .parsley-required {color: #cf2e2e}\n        #mailpoet_form_3 .parsley-custom-error-message {color: #cf2e2e}\n      #mailpoet_form_3 .mailpoet_paragraph.last {margin-bottom: 0} @media (max-width: 500px) {#mailpoet_form_3 {background-image: none;}} @media (min-width: 500px) {#mailpoet_form_3 .last .mailpoet_paragraph:last-child {margin-bottom: 0}}  @media (max-width: 500px) {#mailpoet_form_3 .mailpoet_form_column:last-child .mailpoet_paragraph:last-child {margin-bottom: 0}} \n    <\/style>\n\n    <form\n      target=\"_self\"\n      method=\"post\"\n      action=\"https:\/\/dadorana.ch\/wp-admin\/admin-post.php?action=mailpoet_subscription_form\"\n      class=\"mailpoet_form mailpoet_form_form mailpoet_form_shortcode\"\n      novalidate\n      data-delay=\"\"\n      data-exit-intent-enabled=\"\"\n      data-font-family=\"\"\n      data-cookie-expiration-time=\"\"\n    >\n      <input type=\"hidden\" name=\"data[form_id]\" value=\"3\" \/>\n      <input type=\"hidden\" name=\"token\" value=\"4df9cde2de\" \/>\n      <input type=\"hidden\" name=\"api_version\" value=\"v1\" \/>\n      <input type=\"hidden\" name=\"endpoint\" value=\"subscribers\" \/>\n      <input type=\"hidden\" name=\"mailpoet_method\" value=\"subscribe\" \/>\n\n      <label class=\"mailpoet_hp_email_label\" style=\"display: none !important;\">Veuillez laisser ce champ vide<input type=\"email\" name=\"data[email]\"\/><\/label><div class=\"mailpoet_paragraph \"><input type=\"email\" autocomplete=\"email\" class=\"mailpoet_text\" id=\"form_email_3\" name=\"data[form_field_MWM0NTg5ZWM0ZjgzX2VtYWls]\" title=\"E-Mail-Adresse\" value=\"\" style=\"width:100%;box-sizing:border-box;background-color:#ffffff;border-style:solid;border-radius:0px !important;border-width:1px;border-color:#ffffff;padding:15px;margin: 0 auto 0 0;font-family:&#039;Montserrat&#039;;font-size:16px;line-height:1.5;height:auto;\" data-automation-id=\"form_email\"  placeholder=\"E-Mail-Adresse *\" aria-label=\"E-Mail-Adresse *\" data-parsley-errors-container=\".mailpoet_error_sj86o\" data-parsley-required=\"true\" required aria-required=\"true\" data-parsley-minlength=\"6\" data-parsley-maxlength=\"150\" data-parsley-type-message=\"Cette valeur doit \u00eatre un e-mail valide.\" data-parsley-required-message=\"Ce champ est n\u00e9cessaire.\"\/><span class=\"mailpoet_error_sj86o\"><\/span><\/div>\n<div class=\"mailpoet_paragraph \"><input type=\"submit\" class=\"mailpoet_submit\" value=\"Abonnieren\" data-automation-id=\"subscribe-submit-button\" data-font-family='Montserrat' style=\"background-color:#ff8800;border-style:solid;border-radius:22px !important;border-width:0px;border-color:#ffffff;padding:15px;margin: 0 auto 0 0;font-family:&#039;Montserrat&#039;;font-size:16px;line-height:1.5;height:auto;color:#ffffff;font-weight:bold;\" \/><span class=\"mailpoet_form_loading\"><span class=\"mailpoet_bounce1\"><\/span><span class=\"mailpoet_bounce2\"><\/span><span class=\"mailpoet_bounce3\"><\/span><\/span><\/div>\n<p class=\"mailpoet_form_paragraph  mailpoet-has-font-size\" style=\"text-align: left; font-size: 13px; line-height: 1.5\"><\/p>\n\n      <div class=\"mailpoet_message\">\n        <p class=\"mailpoet_validate_success\"\n                style=\"display:none;\"\n                >Pr\u00fcfe deinen Posteingang oder Spam-Ordner, um dein Abonnement zu best\u00e4tigen.\n        <\/p>\n        <p class=\"mailpoet_validate_error\"\n                style=\"display:none;\"\n                >        <\/p>\n      <\/div>\n    <\/form>\n\n      <\/div>\n\n  <\/div>\n\t\t\t\t\t\t<\/div>\n\t\t\t\t<div class=\"elementor-element elementor-element-92194a5 color-scheme-inherit text-left elementor-widget elementor-widget-text-editor\" data-id=\"92194a5\" data-element_type=\"widget\" data-e-type=\"widget\" data-widget_type=\"text-editor.default\">\n\t\t\t\t\t\t\t\t\t<p><strong>Inscrivez-vous en toute simplicit\u00e9&nbsp;: <br><\/strong>Saisissez votre adresse e-mail et cliquez sur \u00ab&nbsp;S\u2019abonner&nbsp;\u00bb. Confirmez votre inscription \u00e0 la newsletter en cliquant sur le lien contenu dans l\u2019e-mail de confirmation. &nbsp;<br>Recevez votre cadeau de bienvenue par e-mail et profitez-en.<\/p>\t\t\t\t\t\t\t\t<\/div>\n\t\t\t\t<\/div>\n\t\t\t\t\t<\/div>\n\t\t\t\t<\/div>\n\t\t<div class=\"elementor-element elementor-element-d2a291b e-con-full e-flex e-con e-parent\" data-id=\"d2a291b\" data-element_type=\"container\" data-e-type=\"container\">\n\t\t\t\t<div class=\"elementor-element elementor-element-9afe0cf color-scheme-inherit text-left elementor-widget elementor-widget-text-editor\" data-id=\"9afe0cf\" data-element_type=\"widget\" data-e-type=\"widget\" data-widget_type=\"text-editor.default\">\n\t\t\t\t\t\t\t\t\t<p>Nous respectons ta vie priv\u00e9e. Ton adresse e-mail ne sera pas transmise \u00e0 des tiers. Tu peux te <a href=\"https:\/\/dadorana.ch\/fr\/declaration-de-confidentialite\/\">d\u00e9sinscrire<\/a> de la newsletter \u00e0 tout moment. Plus d\u2019informations dans notre <g id=\"gid_1\">politique de confidentialit\u00e9<\/g>.   <\/p>\t\t\t\t\t\t\t\t<\/div>\n\t\t\t\t<\/div>\n\t\t\t\t<\/div>\n\t\t","protected":false},"excerpt":{"rendered":"<p>Abonnez-vous \u00e0 la newsletter et profitez-en&nbsp;! Re\u00e7ois des remises exclusives &amp; des nouveaut\u00e9s par e-mail. Bon de bienvenue de CHF<\/p>\n","protected":false},"author":1,"featured_media":0,"parent":0,"menu_order":0,"comment_status":"closed","ping_status":"closed","template":"","meta":{"footnotes":""},"class_list":["post-65576","page","type-page","status-publish","hentry"],"meta_box":[],"_links":{"self":[{"href":"https:\/\/dadorana.ch\/fr\/wp-json\/wp\/v2\/pages\/65576","targetHints":{"allow":["GET"]}}],"collection":[{"href":"https:\/\/dadorana.ch\/fr\/wp-json\/wp\/v2\/pages"}],"about":[{"href":"https:\/\/dadorana.ch\/fr\/wp-json\/wp\/v2\/types\/page"}],"author":[{"embeddable":true,"href":"https:\/\/dadorana.ch\/fr\/wp-json\/wp\/v2\/users\/1"}],"replies":[{"embeddable":true,"href":"https:\/\/dadorana.ch\/fr\/wp-json\/wp\/v2\/comments?post=65576"}],"version-history":[{"count":0,"href":"https:\/\/dadorana.ch\/fr\/wp-json\/wp\/v2\/pages\/65576\/revisions"}],"wp:attachment":[{"href":"https:\/\/dadorana.ch\/fr\/wp-json\/wp\/v2\/media?parent=65576"}],"curies":[{"name":"wp","href":"https:\/\/api.w.org\/{rel}","templated":true}]}}