{"id":69945,"date":"2026-03-01T12:19:16","date_gmt":"2026-03-01T11:19:16","guid":{"rendered":"https:\/\/dadorana.ch\/?page_id=69945"},"modified":"2026-03-18T13:43:59","modified_gmt":"2026-03-18T12:43:59","slug":"vitawoof-funktionelle-hundesnacks","status":"publish","type":"page","link":"https:\/\/dadorana.ch\/fr\/vitawoof-funktionelle-hundesnacks\/","title":{"rendered":"VITAWOOF \u2013 Funktionale Hundesnacks"},"content":{"rendered":"\t\t<div data-elementor-type=\"wp-page\" data-elementor-id=\"69945\" class=\"elementor elementor-69945\" data-elementor-post-type=\"page\">\n\t\t\t\t<div class=\"wd-negative-gap elementor-element elementor-element-1d821ffb wd-section-stretch e-flex e-con-boxed e-con e-parent\" data-id=\"1d821ffb\" data-element_type=\"container\" data-e-type=\"container\" data-settings=\"{&quot;background_background&quot;:&quot;classic&quot;}\">\n\t\t\t\t\t<div class=\"e-con-inner\">\n\t\t\t\t<div class=\"elementor-element elementor-element-402b6a6a wd-width-100 elementor-widget elementor-widget-wd_title\" data-id=\"402b6a6a\" data-element_type=\"widget\" data-e-type=\"widget\" data-widget_type=\"wd_title.default\">\n\t\t\t\t<div class=\"elementor-widget-container\">\n\t\t\t\t\t\t\t<div class=\"title-wrapper wd-set-mb reset-last-child wd-title-color-primary wd-title-style-default wd-title-size-large text-center\">\n\n\t\t\t\t\t\t\t\t\t\t\t<div class=\"title-subtitle subtitle-color-primary subtitle-style-default wd-fontsize-xs\">\n\t\t\t\t\tWeil dein Hund mehr verdient als Standard.\t\t\t\t<\/div>\n\t\t\t\n\t\t\t<div class=\"liner-continer\">\n\t\t\t\t<h4 class=\"woodmart-title-container title wd-fontsize-xxl\">VITAWOOF - FUNKTIONALE HUNDESNACKS<\/h4> \n\t\t\t\t\t\t\t<\/div>\n\n\t\t\t\t\t<\/div>\n\t\t\t\t\t\t<\/div>\n\t\t\t\t<\/div>\n\t\t\t\t<div class=\"elementor-element elementor-element-24b4d075 elementor-widget elementor-widget-wd_text_block\" data-id=\"24b4d075\" data-element_type=\"widget\" data-e-type=\"widget\" data-widget_type=\"wd_text_block.default\">\n\t\t\t\t<div class=\"elementor-widget-container\">\n\t\t\t\t\t\t\t<div class=\"wd-text-block reset-last-child text-center\">\n\t\t\t\n\t\t\t<p>Vitawoof ist eine innovative <b>Schweizer Marke f\u00fcr funktionale Hundesnacks<\/b>, die <b>hochwertige Naturzutaten<\/b> mit wissenschaftlich fundierter Entwicklung kombiniert. Das Unternehmen wurde von Mary und Dennis gemeinsam mit ihrer H\u00fcndin Chita gegr\u00fcndet, nachdem sie selbst nach gesunden und effektiven Snacks f\u00fcr ihren Hund gesucht hatten. Aus dieser pers\u00f6nlichen Erfahrung entstand Vitawoof mit dem klaren Ziel, <b>funktionale Hundesnacks<\/b> zu entwickeln, die <b>ohne unn\u00f6tige Zusatzstoffe<\/b> auskommen und die Gesundheit von Hunden nachhaltig unterst\u00fctzen.<\/p>\n\t\t\t\t\t<\/div>\n\t\t\t\t\t\t<\/div>\n\t\t\t\t<\/div>\n\t\t\t\t\t<\/div>\n\t\t\t\t<\/div>\n\t\t<div class=\"wd-negative-gap elementor-element elementor-element-752eb3a wd-section-stretch e-flex e-con-boxed e-con e-parent\" data-id=\"752eb3a\" data-element_type=\"container\" data-e-type=\"container\">\n\t\t\t\t\t<div class=\"e-con-inner\">\n\t\t<div class=\"elementor-element elementor-element-3496a3bc e-con-full e-flex e-con e-child\" data-id=\"3496a3bc\" data-element_type=\"container\" data-e-type=\"container\">\n\t\t\t\t<div class=\"elementor-element elementor-element-680969ea elementor-widget elementor-widget-wd_banner\" data-id=\"680969ea\" data-element_type=\"widget\" data-e-type=\"widget\" data-widget_type=\"wd_banner.default\">\n\t\t\t\t<div class=\"elementor-widget-container\">\n\t\t\t\t\t\t\t<div class=\"promo-banner-wrapper\">\n\t\t\t<div class=\"promo-banner banner-default banner-hover-parallax color-scheme-dark banner-btn-size-small banner-btn-style-link wd-with-link\">\n\t\t\t\t<div class=\"main-wrapp-img\">\n\t\t\t\t\t<div class=\"banner-image wd-without-height\">\n\t\t\t\t\t\t\t\t\t\t\t\t\t\t\t\t\t\t\t\t\t<img decoding=\"async\" width=\"600\" height=\"400\" src=\"https:\/\/dadorana.ch\/wp-content\/uploads\/Hip-Hop-Hooray_1-600x400.jpg\" class=\"attachment-600x400 size-600x400\" alt=\"Hip Hop Hooray_1\" title=\"\">\t\t\t\t\t\t\t\t\t\t\t\t\t\t\t\t\t\t<\/div>\n\t\t\t\t<\/div>\n\n\t\t\t\t<div class=\"wrapper-content-banner wd-fill wd-items-middle wd-justify-center\">\n\t\t\t\t\t<div class=\"content-banner  text-center\">\n\t\t\t\t\t\t\n\t\t\t\t\t\t\n\t\t\t\t\t\t\n\t\t\t\t\t\t\n\t\t\t\t\t\t\t\t\t\t\t<\/div>\n\t\t\t\t<\/div>\n\n\t\t\t\t\t\t\t\t\t<a href=\"#\" class=\"wd-promo-banner-link wd-fill\" aria-label=\"Banner link\"><\/a>\n\t\t\t\t\t\t\t<\/div>\n\t\t<\/div>\n\t\t\t\t\t\t<\/div>\n\t\t\t\t<\/div>\n\t\t\t\t<div class=\"elementor-element elementor-element-63a48b88 elementor-widget elementor-widget-wd_infobox\" data-id=\"63a48b88\" data-element_type=\"widget\" data-e-type=\"widget\" data-widget_type=\"wd_infobox.default\">\n\t\t\t\t<div class=\"elementor-widget-container\">\n\t\t\t\t\t\t\t<div class=\"info-box-wrapper\">\n\t\t\t<div class=\"wd-info-box text-center box-icon-align-top box-style-base color-scheme- with-btn box-btn-static\">\n\t\t\t\t\n\t\t\t\t<div class=\"info-box-content\">\n\t\t\t\t\t\t\t\t\t\t\t\n\t\t\t\t\t\t<div class=\"info-box-subtitle subtitle-color-primary subtitle-style-default wd-fontsize-xs\" data-elementor-setting-key=\"subtitle\">\n\t\t\t\t\t\t\tHip Hip, Hooray\t\t\t\t\t\t<\/div>\n\t\t\t\t\t\n\t\t\t\t\t\t\t\t\t\t\t<h4\t\t\t\t\t\tclass=\"info-box-title title box-title-style-default wd-fontsize-m\" data-elementor-setting-key=\"title\">\n\t\t\t\t\t\t\t\tMobilit\u00e4t Snack\t\t\t\t\t\t<\/h4>\n\t\t\t\t\t\n\t\t\t\t\t<div class=\"info-box-inner reset-last-child\"data-elementor-setting-key=\"content\"><p>T\u00e4glicher Hundesnack zur F\u00f6rderung der Beweglichkeit und Gelenkfunktion<\/p>\n<\/div>\n\n\t\t\t\t\t\t\t\t\t\t\t<div class=\"info-btn-wrapper\">\n\t\t\t\t\t\t\t\t\t<div class=\"wd-button-wrapper text-center\" >\n\t\t\t<a class=\"btn btn-style-link btn-shape- btn-size-default btn-color-primary btn-icon-pos-right\"  href=\"#\">\n\t\t\t\t<span class=\"wd-btn-text\" data-elementor-setting-key=\"text\">\n\t\t\t\t\tMehr\t\t\t\t<\/span>\n\n\t\t\t\t\t\t\t<\/a>\n\t\t<\/div>\n\t\t\t\t\t\t\t\t<\/div>\n\t\t\t\t\t\t\t\t\t<\/div>\n\n\t\t\t\t\t\t\t<\/div>\n\t\t<\/div>\n\t\t\t\t\t\t<\/div>\n\t\t\t\t<\/div>\n\t\t\t\t<\/div>\n\t\t<div class=\"elementor-element elementor-element-6416aa81 e-con-full e-flex e-con e-child\" data-id=\"6416aa81\" data-element_type=\"container\" data-e-type=\"container\">\n\t\t\t\t<div class=\"elementor-element elementor-element-5c622d59 elementor-widget elementor-widget-wd_banner\" data-id=\"5c622d59\" data-element_type=\"widget\" data-e-type=\"widget\" data-widget_type=\"wd_banner.default\">\n\t\t\t\t<div class=\"elementor-widget-container\">\n\t\t\t\t\t\t\t<div class=\"promo-banner-wrapper\">\n\t\t\t<div class=\"promo-banner banner-default banner-hover-parallax color-scheme-dark banner-btn-size-small banner-btn-style-link wd-with-link\">\n\t\t\t\t<div class=\"main-wrapp-img\">\n\t\t\t\t\t<div class=\"banner-image wd-without-height\">\n\t\t\t\t\t\t\t\t\t\t\t\t\t\t\t\t\t\t\t\t\t<img decoding=\"async\" width=\"600\" height=\"400\" src=\"https:\/\/dadorana.ch\/wp-content\/uploads\/VITAWOOF-Happy-Tummy-600x400.jpg\" class=\"attachment-600x400 size-600x400\" alt=\"VITAWOOF Happy Tummy\" title=\"\">\t\t\t\t\t\t\t\t\t\t\t\t\t\t\t\t\t\t<\/div>\n\t\t\t\t<\/div>\n\n\t\t\t\t<div class=\"wrapper-content-banner wd-fill wd-items-middle wd-justify-center\">\n\t\t\t\t\t<div class=\"content-banner  text-center\">\n\t\t\t\t\t\t\n\t\t\t\t\t\t\n\t\t\t\t\t\t\n\t\t\t\t\t\t\n\t\t\t\t\t\t\t\t\t\t\t<\/div>\n\t\t\t\t<\/div>\n\n\t\t\t\t\t\t\t\t\t<a href=\"#\" class=\"wd-promo-banner-link wd-fill\" aria-label=\"Banner link\"><\/a>\n\t\t\t\t\t\t\t<\/div>\n\t\t<\/div>\n\t\t\t\t\t\t<\/div>\n\t\t\t\t<\/div>\n\t\t\t\t<div class=\"elementor-element elementor-element-6d4563e1 elementor-widget elementor-widget-wd_infobox\" data-id=\"6d4563e1\" data-element_type=\"widget\" data-e-type=\"widget\" data-widget_type=\"wd_infobox.default\">\n\t\t\t\t<div class=\"elementor-widget-container\">\n\t\t\t\t\t\t\t<div class=\"info-box-wrapper\">\n\t\t\t<div class=\"wd-info-box text-center box-icon-align-top box-style-base color-scheme- with-btn box-btn-static\">\n\t\t\t\t\n\t\t\t\t<div class=\"info-box-content\">\n\t\t\t\t\t\t\t\t\t\t\t\n\t\t\t\t\t\t<div class=\"info-box-subtitle subtitle-color-primary subtitle-style-default wd-fontsize-xs\" data-elementor-setting-key=\"subtitle\">\n\t\t\t\t\t\t\tHappy Tummy\t\t\t\t\t\t<\/div>\n\t\t\t\t\t\n\t\t\t\t\t\t\t\t\t\t\t<h4\t\t\t\t\t\tclass=\"info-box-title title box-title-style-default wd-fontsize-m\" data-elementor-setting-key=\"title\">\n\t\t\t\t\t\t\t\tMagen-Darm Snack\t\t\t\t\t\t<\/h4>\n\t\t\t\t\t\n\t\t\t\t\t<div class=\"info-box-inner reset-last-child\"data-elementor-setting-key=\"content\"><p>T\u00e4glicher Hundesnack zur Unterst\u00fctzung der Verdauung und des Magem-Darm-Trakts<\/p>\n<\/div>\n\n\t\t\t\t\t\t\t\t\t\t\t<div class=\"info-btn-wrapper\">\n\t\t\t\t\t\t\t\t\t<div class=\"wd-button-wrapper text-center\" >\n\t\t\t<a class=\"btn btn-style-link btn-shape- btn-size-default btn-color-primary btn-icon-pos-right\"  href=\"#\">\n\t\t\t\t<span class=\"wd-btn-text\" data-elementor-setting-key=\"text\">\n\t\t\t\t\tMehr\t\t\t\t<\/span>\n\n\t\t\t\t\t\t\t<\/a>\n\t\t<\/div>\n\t\t\t\t\t\t\t\t<\/div>\n\t\t\t\t\t\t\t\t\t<\/div>\n\n\t\t\t\t\t\t\t<\/div>\n\t\t<\/div>\n\t\t\t\t\t\t<\/div>\n\t\t\t\t<\/div>\n\t\t\t\t<\/div>\n\t\t<div class=\"elementor-element elementor-element-6a573ded e-con-full e-flex e-con e-child\" data-id=\"6a573ded\" data-element_type=\"container\" data-e-type=\"container\">\n\t\t\t\t<div class=\"elementor-element elementor-element-4fbc044e elementor-widget elementor-widget-wd_banner\" data-id=\"4fbc044e\" data-element_type=\"widget\" data-e-type=\"widget\" data-widget_type=\"wd_banner.default\">\n\t\t\t\t<div class=\"elementor-widget-container\">\n\t\t\t\t\t\t\t<div class=\"promo-banner-wrapper\">\n\t\t\t<div class=\"promo-banner banner-default banner-hover-parallax color-scheme-dark banner-btn-size-small banner-btn-style-link wd-with-link\">\n\t\t\t\t<div class=\"main-wrapp-img\">\n\t\t\t\t\t<div class=\"banner-image wd-without-height\">\n\t\t\t\t\t\t\t\t\t\t\t\t\t\t\t\t\t\t\t\t\t<img decoding=\"async\" width=\"600\" height=\"400\" src=\"https:\/\/dadorana.ch\/wp-content\/uploads\/Pawsitive-Vibes_2-600x400.jpg\" class=\"attachment-600x400 size-600x400\" alt=\"Pawsitive Vibes_2\" title=\"\">\t\t\t\t\t\t\t\t\t\t\t\t\t\t\t\t\t\t<\/div>\n\t\t\t\t<\/div>\n\n\t\t\t\t<div class=\"wrapper-content-banner wd-fill wd-items-middle wd-justify-center\">\n\t\t\t\t\t<div class=\"content-banner  text-center\">\n\t\t\t\t\t\t\n\t\t\t\t\t\t\n\t\t\t\t\t\t\n\t\t\t\t\t\t\n\t\t\t\t\t\t\t\t\t\t\t<\/div>\n\t\t\t\t<\/div>\n\n\t\t\t\t\t\t\t\t\t<a href=\"#\" class=\"wd-promo-banner-link wd-fill\" aria-label=\"Banner link\"><\/a>\n\t\t\t\t\t\t\t<\/div>\n\t\t<\/div>\n\t\t\t\t\t\t<\/div>\n\t\t\t\t<\/div>\n\t\t\t\t<div class=\"elementor-element elementor-element-37ec6f41 elementor-widget elementor-widget-wd_infobox\" data-id=\"37ec6f41\" data-element_type=\"widget\" data-e-type=\"widget\" data-widget_type=\"wd_infobox.default\">\n\t\t\t\t<div class=\"elementor-widget-container\">\n\t\t\t\t\t\t\t<div class=\"info-box-wrapper\">\n\t\t\t<div class=\"wd-info-box text-center box-icon-align-top box-style-base color-scheme- with-btn box-btn-static\">\n\t\t\t\t\n\t\t\t\t<div class=\"info-box-content\">\n\t\t\t\t\t\t\t\t\t\t\t\n\t\t\t\t\t\t<div class=\"info-box-subtitle subtitle-color-primary subtitle-style-default wd-fontsize-xs\" data-elementor-setting-key=\"subtitle\">\n\t\t\t\t\t\t\tPawsitive Vibes\t\t\t\t\t\t<\/div>\n\t\t\t\t\t\n\t\t\t\t\t\t\t\t\t\t\t<h4\t\t\t\t\t\tclass=\"info-box-title title box-title-style-default wd-fontsize-m\" data-elementor-setting-key=\"title\">\n\t\t\t\t\t\t\t\tEntspannungs-Snack\t\t\t\t\t\t<\/h4>\n\t\t\t\t\t\n\t\t\t\t\t<div class=\"info-box-inner reset-last-child\"data-elementor-setting-key=\"content\"><p>T\u00e4glicher Hundesnack zur F\u00f6rderung der inneren Ruhe und Entspannung<\/p>\n<\/div>\n\n\t\t\t\t\t\t\t\t\t\t\t<div class=\"info-btn-wrapper\">\n\t\t\t\t\t\t\t\t\t<div class=\"wd-button-wrapper text-center\" >\n\t\t\t<a class=\"btn btn-style-link btn-shape- btn-size-default btn-color-primary btn-icon-pos-right\"  href=\"#\">\n\t\t\t\t<span class=\"wd-btn-text\" data-elementor-setting-key=\"text\">\n\t\t\t\t\tMehr\t\t\t\t<\/span>\n\n\t\t\t\t\t\t\t<\/a>\n\t\t<\/div>\n\t\t\t\t\t\t\t\t<\/div>\n\t\t\t\t\t\t\t\t\t<\/div>\n\n\t\t\t\t\t\t\t<\/div>\n\t\t<\/div>\n\t\t\t\t\t\t<\/div>\n\t\t\t\t<\/div>\n\t\t\t\t<\/div>\n\t\t\t\t\t<\/div>\n\t\t\t\t<\/div>\n\t\t<div class=\"wd-negative-gap elementor-element elementor-element-caa8e44 e-flex e-con-boxed e-con e-parent\" data-id=\"caa8e44\" data-element_type=\"container\" data-e-type=\"container\">\n\t\t\t\t\t<div class=\"e-con-inner\">\n\t\t\t\t<div class=\"elementor-element elementor-element-3de31c1d elementor-widget elementor-widget-wd_text_block\" data-id=\"3de31c1d\" data-element_type=\"widget\" data-e-type=\"widget\" data-widget_type=\"wd_text_block.default\">\n\t\t\t\t<div class=\"elementor-widget-container\">\n\t\t\t\t\t\t\t<div class=\"wd-text-block reset-last-child text-center\">\n\t\t\t\n\t\t\t<p data-start=\"50\" data-end=\"499\">Alle Produkte von Vitawoof werden <b>in Z\u00fcrich kuratiert<\/b> und folgen einer klaren Philosophie: funktionale Hundesnacks <strong>mit ehrlichen Inhaltsstoffen und ohne unn\u00f6tige Zus\u00e4tze<\/strong>. Die Rezepturen bestehen ausschliesslich aus ausgew\u00e4hlten, hochwertigen Rohstoffen und sind konsequent <strong>frei von Getreide, Soja, F\u00fcllstoffen sowie k\u00fcnstlichen Zusatzstoffen<\/strong>. Jede einzelne Zutat wird gezielt eingesetzt und tr\u00e4gt messbar zum Wohlbefinden des Hundes bei.<\/p><p data-start=\"501\" data-end=\"929\">Die Entwicklung der <strong>Vitawoof Hundesnacks<\/strong> erfolgt gemeinsam mit erfahrenen <strong>Tierern\u00e4hrungsexperten<\/strong> und basiert auf aktuellen wissenschaftlichen Erkenntnissen. Produziert werden die Snacks in einer <b>GMP+ zertifizierten Anlage<\/b>, die h\u00f6chste Standards in Bezug auf Qualit\u00e4t, Sicherheit und R\u00fcckverfolgbarkeit gew\u00e4hrleistet. Jede Produktionscharge wird sorgf\u00e4ltig kontrolliert, damit gleichbleibend zuverl\u00e4ssige Qualit\u00e4t garantiert ist.<\/p><p data-start=\"931\" data-end=\"1201\">Die weichen und besonders schmackhaften Vitawoof Snacks lassen sich <b>einfach portionieren<\/b> und eignen sich <b>ideal f\u00fcr die t\u00e4gliche F\u00fctterung<\/b>. Sie k\u00f6nnen problemlos in den Alltag integriert werden und verbinden gezielte Unterst\u00fctzung der Hundegesundheit mit hoher Akzeptanz.<\/p><p data-start=\"1203\" data-end=\"1410\">Vitawoof richtet sich an verantwortungsbewusste Hundehalterinnen und Hundehalter, die ihren Hund als Teil der Familie sehen und Wert auf <b>hochwertige Inhaltsstoffe, Transparenz und nachweisbare Wirkung<\/b> legen.<\/p>\n\t\t\t\t\t<\/div>\n\t\t\t\t\t\t<\/div>\n\t\t\t\t<\/div>\n\t\t\t\t\t<\/div>\n\t\t\t\t<\/div>\n\t\t\t\t<\/div>\n\t\t","protected":false},"excerpt":{"rendered":"<p>Weil dein Hund mehr verdient als Standard. VITAWOOF \u2013 FUNKTIONALE HUNDESNACKS Vitawoof ist eine innovative Schweizer Marke f\u00fcr funktionale Hundesnacks,<\/p>\n","protected":false},"author":1,"featured_media":0,"parent":0,"menu_order":0,"comment_status":"closed","ping_status":"closed","template":"","meta":{"footnotes":""},"class_list":["post-69945","page","type-page","status-publish","hentry"],"meta_box":[],"_links":{"self":[{"href":"https:\/\/dadorana.ch\/fr\/wp-json\/wp\/v2\/pages\/69945","targetHints":{"allow":["GET"]}}],"collection":[{"href":"https:\/\/dadorana.ch\/fr\/wp-json\/wp\/v2\/pages"}],"about":[{"href":"https:\/\/dadorana.ch\/fr\/wp-json\/wp\/v2\/types\/page"}],"author":[{"embeddable":true,"href":"https:\/\/dadorana.ch\/fr\/wp-json\/wp\/v2\/users\/1"}],"replies":[{"embeddable":true,"href":"https:\/\/dadorana.ch\/fr\/wp-json\/wp\/v2\/comments?post=69945"}],"version-history":[{"count":0,"href":"https:\/\/dadorana.ch\/fr\/wp-json\/wp\/v2\/pages\/69945\/revisions"}],"wp:attachment":[{"href":"https:\/\/dadorana.ch\/fr\/wp-json\/wp\/v2\/media?parent=69945"}],"curies":[{"name":"wp","href":"https:\/\/api.w.org\/{rel}","templated":true}]}}