{"id":65854,"date":"2025-11-11T15:03:28","date_gmt":"2025-11-11T14:03:28","guid":{"rendered":"https:\/\/dadorana.ch\/produkt\/ultra-premium-direct-sensible-chat-adulte-sterilise-poulet-frais\/"},"modified":"2026-04-22T11:56:11","modified_gmt":"2026-04-22T09:56:11","slug":"ultra-premium-direct-sensible-chat-adulte-sterilise-poulet-frais","status":"publish","type":"product","link":"https:\/\/dadorana.ch\/fr\/produit\/ultra-premium-direct-sensible-chat-adulte-sterilise-poulet-frais\/","title":{"rendered":"Ultra Premium Direct \u2013 Sensible chat adulte st\u00e9rilis\u00e9 \u2013 poulet frais"},"content":{"rendered":"<p><strong>D\u00e9couvrez le meilleur de la nature et de la nutrition pour votre chat st\u00e9rilis\u00e9<\/strong><\/p>\n<p>Votre chat m\u00e9rite le meilleur, et nos croquettes fra\u00eeches de poulet sont con\u00e7ues pour offrir une alimentation \u00e9quilibr\u00e9e et savoureuse, parfaitement adapt\u00e9e \u00e0 ses besoins apr\u00e8s la st\u00e9rilisation.<\/p>\n<p><strong>Pourquoi choisir ces croquettes ?<\/strong><\/p>\n<ul>\n<li><strong>Recette \u00e9quilibr\u00e9e :<\/strong> les chats st\u00e9rilis\u00e9s sont souvent plus s\u00e9dentaires et ont tendance \u00e0 \u00eatre en surpoids. Ces croquettes offrent une solution nutritionnelle parfaitement adapt\u00e9e \u00e0 ce moment de la vie. Leur teneur mod\u00e9r\u00e9e en calories et leur forte concentration en fibres contribuent \u00e0 r\u00e9guler l&rsquo;app\u00e9tit de votre chat et \u00e0 favoriser la sensation de sati\u00e9t\u00e9.<\/li>\n<li><strong>Poulet frais comme ingr\u00e9dient principal :<\/strong> avec 20,0% de poulet frais, ces croquettes sont riches en prot\u00e9ines de haute qualit\u00e9. Le poulet frais permet une absorption optimale des nutriments, une app\u00e9tence \u00e9lev\u00e9e et un haut niveau de digestibilit\u00e9.<\/li>\n<li><strong>Sans c\u00e9r\u00e9ales :<\/strong> cette recette sans c\u00e9r\u00e9ales a \u00e9t\u00e9 con\u00e7ue pour mieux respecter le r\u00e9gime carnivore naturel de votre chat et favoriser une bonne digestion.<\/li>\n<\/ul>\n<p><strong>Super ingr\u00e9dients avec plusieurs avantages :<\/strong><\/p>\n<ul>\n<li><strong>Carotte, framboise, cranberry, myrtille et betterave<\/strong>: un m\u00e9lange de super-aliments riches en fibres, vitamines et antioxydants qui contribuent \u00e0 une digestion optimale et favorisent le bon fonctionnement du syst\u00e8me immunitaire.<\/li>\n<li><strong>Algues anti-tartre :<\/strong> Ascophyllum nodosum est connu pour sa fonction anti-tartre et aide \u00e0 garder la bouche de votre chat propre.<\/li>\n<li><strong>Yucca Schidigera : <\/strong>aide \u00e0 r\u00e9duire les odeurs de selles et \u00e0 am\u00e9liorer le confort digestif.<\/li>\n<li><strong>Soutien des articulations :<\/strong> gr\u00e2ce \u00e0 la chondro\u00eftine et \u00e0 la glucosamine, ces croquettes favorisent quotidiennement la mobilit\u00e9 de votre chat.<\/li>\n<\/ul>\n<p><strong>Un plaisir \u00e0 chaque repas<\/strong> Ces croquettes offrent non seulement une recette riche en ingr\u00e9dients de qualit\u00e9 d&rsquo;origine naturelle, mais elles sont \u00e9galement formul\u00e9es pour le plaisir de votre chat st\u00e9rilis\u00e9. Chaque repas devient un v\u00e9ritable moment de bonheur pour votre chat !<\/p>\n","protected":false},"excerpt":{"rendered":"<p><span style=\"color: #ff8800\">Offrez \u00e0 votre chat st\u00e9rilis\u00e9 une alimentation de haute qualit\u00e9, adapt\u00e9e \u00e0 ses besoins sp\u00e9cifiques, avec cette nourriture s\u00e8che contenant beaucoup de poulet frais. Il est riche en ingr\u00e9dients naturels et fabriqu\u00e9 sans c\u00e9r\u00e9ales. Il soutient l&rsquo;alimentation carnivore de votre chat et l&rsquo;aide \u00e0 maintenir son poids id\u00e9al. <\/span><\/p>\n","protected":false},"featured_media":65863,"template":"","meta":[],"pwb-brand":[7189],"product_brand":[7284],"product_cat":[7238,7230,7167],"product_tag":[],"class_list":{"0":"post-65854","1":"product","2":"type-product","3":"status-publish","4":"has-post-thumbnail","6":"pwb-brand-ultra-premium-direct-suisse","7":"product_brand-ultra-premium-direct-suisse","8":"product_cat-chats","9":"product_cat-nourriture-seche-chat","10":"product_cat-tous","11":"pa_brand-ultra-premium-direct-suisse","12":"pa_eigenschaften-perte-dappetit","13":"pa_eigenschaften-sans-ble","14":"pa_eigenschaften-sans-cereales","15":"pa_eigenschaften-sans-gluten","16":"pa_geschmack-poulet","17":"pa_haustier-chat","18":"pa_lebensphase-katze-adulte","19":"pa_marke-ultra-premium-direct-de","20":"pa_ursprungsland-france","21":"pa_z_cat2-katzenfutter","23":"first","24":"instock","25":"featured","26":"taxable","27":"shipping-taxable","28":"purchasable","29":"product-type-simple"},"brands":[{"id":7189,"name":"Ultra Premium Direct","slug":"ultra-premium-direct-suisse"}],"meta_box":{"lieferant":"Eigenlager (Da Dorana)","lieferanten_email":"","produktzusammensetzung":"","restock_quantities_galaxus":"5","galaxus_restock_time":"21","galaxus_restock_date":"","galaxus_preis":"","export":"Ja","signalwort":[],"gefahrenpiktogramm":[],"gefahrenhinweise":[]},"_links":{"self":[{"href":"https:\/\/dadorana.ch\/fr\/wp-json\/wp\/v2\/product\/65854","targetHints":{"allow":["GET"]}}],"collection":[{"href":"https:\/\/dadorana.ch\/fr\/wp-json\/wp\/v2\/product"}],"about":[{"href":"https:\/\/dadorana.ch\/fr\/wp-json\/wp\/v2\/types\/product"}],"version-history":[{"count":0,"href":"https:\/\/dadorana.ch\/fr\/wp-json\/wp\/v2\/product\/65854\/revisions"}],"wp:featuredmedia":[{"embeddable":true,"href":"https:\/\/dadorana.ch\/fr\/wp-json\/wp\/v2\/media\/65863"}],"wp:attachment":[{"href":"https:\/\/dadorana.ch\/fr\/wp-json\/wp\/v2\/media?parent=65854"}],"wp:term":[{"taxonomy":"pwb-brand","embeddable":true,"href":"https:\/\/dadorana.ch\/fr\/wp-json\/wp\/v2\/pwb-brand?post=65854"},{"taxonomy":"product_brand","embeddable":true,"href":"https:\/\/dadorana.ch\/fr\/wp-json\/wp\/v2\/product_brand?post=65854"},{"taxonomy":"product_cat","embeddable":true,"href":"https:\/\/dadorana.ch\/fr\/wp-json\/wp\/v2\/product_cat?post=65854"},{"taxonomy":"product_tag","embeddable":true,"href":"https:\/\/dadorana.ch\/fr\/wp-json\/wp\/v2\/product_tag?post=65854"}],"curies":[{"name":"wp","href":"https:\/\/api.w.org\/{rel}","templated":true}]}}