{"id":65883,"date":"2025-09-05T21:17:34","date_gmt":"2025-09-05T19:17:34","guid":{"rendered":"https:\/\/dadorana.ch\/produkt\/ultra-premium-direct-pour-chiots-de-toutes-races-au-poulet-frais\/"},"modified":"2026-04-11T15:44:11","modified_gmt":"2026-04-11T13:44:11","slug":"ultra-premium-direct-pour-chiots-de-toutes-races-au-poulet-frais","status":"publish","type":"product","link":"https:\/\/dadorana.ch\/fr\/produit\/ultra-premium-direct-pour-chiots-de-toutes-races-au-poulet-frais\/","title":{"rendered":"Ultra Premium Direct pour chiots de toutes races \u2013 au poulet frais"},"content":{"rendered":"<p><strong>Aliment pour chiots<\/strong> (Puppy) : Favorisez la croissance de votre chiot avec cette recette d&rsquo;aliments secs compl\u00e8te et \u00e9quilibr\u00e9e au poulet frais.<\/p>\n<ul>\n<li><span style=\"color: #000000;\">Sans c\u00e9r\u00e9ales &amp; facile \u00e0 dig\u00e9rer<\/span><\/li>\n<li><span style=\"color: #000000;\">Teneur \u00e9lev\u00e9e en viande<\/span><\/li>\n<li><span style=\"color: #000000;\">Pour une croissance saine &amp; des d\u00e9fenses immunitaires fortes<\/span><\/li>\n<li><span style=\"color: #000000;\">Id\u00e9al pour les chiots de toutes races<\/span><\/li>\n<\/ul>\n<p><strong>Le poulet frais est l&rsquo;ingr\u00e9dient principal (20,0 %) de la recette<\/strong>, afin de soutenir l&rsquo;alimentation carnivore traditionnelle de votre chiot d\u00e8s son plus jeune \u00e2ge. Les morceaux sont <strong>transform\u00e9s frais et non d\u00e9shydrat\u00e9s<\/strong>, afin d&rsquo;offrir \u00e0 votre petit compagnon un menu aussi naturel que possible.<\/p>\n<p>Le menu offre des <strong>prot\u00e9ines de haute qualit\u00e9<\/strong>, <strong>riches en acides amin\u00e9s<\/strong>, une excellente app\u00e9tence, une meilleure absorption des nutriments et une <strong>haute digestibilit\u00e9<\/strong>.<br \/>Cette recette sans c\u00e9r\u00e9ales contient des ingr\u00e9dients naturels et fonctionnels, s\u00e9lectionn\u00e9s pour leurs effets positifs :<\/p>\n<ul>\n<li><strong>Pommes, cranberries, brocolis, fenouil, gingembre et graines de chia<\/strong> : Ces ingr\u00e9dients sont des superaliments aux propri\u00e9t\u00e9s reconnues. Riches en antioxydants et en fibres, ils renforcent le syst\u00e8me immunitaire et favorisent une digestion optimale.<\/li>\n<li><strong>La chondro\u00eftine et la glucosamine<\/strong> soutiennent les articulations de votre chiot. Les <strong>pr\u00e9biotiques<\/strong> contribuent \u00e0 une digestion saine.<\/li>\n<li><strong>L&rsquo;huile de saumon<\/strong>, source d&rsquo;<strong>acides gras om\u00e9ga-3<\/strong> de haute qualit\u00e9, est b\u00e9n\u00e9fique pour la peau et le pelage.<\/li>\n<li>Cette recette est <strong>sans colorants, ar\u00f4mes ni conservateurs artificiels<\/strong>.<\/li>\n<\/ul>\n<p>Le sac est largement recyclable, offre des possibilit\u00e9s de stockage optimales et s&rsquo;ouvre et se ferme facilement pour une utilisation pratique au quotidien.<\/p>\n<p><strong>Cet aliment sec favorise une croissance optimale de votre chiot<\/strong>, lui permet de prendre le meilleur d\u00e9part dans la vie et lui permet de partager une vie pleine d&rsquo;aventures avec vous.<\/p>\n","protected":false},"excerpt":{"rendered":"<p><span style=\"color: #ff8800;\">R\u00e9volutionnez l&rsquo;alimentation de votre chiot avec notre recette innovante \u00e0 base de poulet frais. Elle offre \u00e0 votre chiot un concentr\u00e9 de go\u00fbt et d&rsquo;\u00e9nergie. Sp\u00e9cialement con\u00e7ue pour une croissance optimale, elle convient aux chiots de toutes tailles. <\/span><\/p>\n","protected":false},"featured_media":67174,"template":"","meta":[],"pwb-brand":[7189],"product_brand":[7284],"product_cat":[7155,7156,7167],"product_tag":[7418,7160,7161,7257,7163,7237,7417],"class_list":{"0":"post-65883","1":"product","2":"type-product","3":"status-publish","4":"has-post-thumbnail","6":"pwb-brand-ultra-premium-direct-suisse","7":"product_brand-ultra-premium-direct-suisse","8":"product_cat-chiens","9":"product_cat-nourriture-seche","10":"product_cat-tous","11":"product_tag-aliment-pour-chiots","12":"product_tag-aliments-secs","13":"product_tag-chien","14":"product_tag-croquettes-pour-chien","15":"product_tag-croquettes-sans-cereales","16":"product_tag-ingredients-frais","17":"product_tag-ultra-premium-direct","18":"pa_brand-ultra-premium-direct-suisse","19":"pa_eigenschaften-perte-dappetit","20":"pa_eigenschaften-sans-ble","21":"pa_eigenschaften-sans-cereales","22":"pa_eigenschaften-sans-gluten","23":"pa_geschmack-poulet","24":"pa_haustier-chien-2","25":"pa_lebensphase-de-junior","26":"pa_marke-ultra-premium-direct-de","27":"pa_ursprungsland-france","28":"pa_z_cat2-hundefutter","30":"first","31":"instock","32":"featured","33":"taxable","34":"shipping-taxable","35":"purchasable","36":"product-type-variable"},"brands":[{"id":7189,"name":"Ultra Premium Direct","slug":"ultra-premium-direct-suisse"}],"meta_box":{"lieferant":"Eigenlager (Da Dorana)","lieferanten_email":"","produktzusammensetzung":"","restock_quantities_galaxus":"5","galaxus_restock_time":"21","galaxus_restock_date":"","galaxus_preis":"","export":"Ja","signalwort":[],"gefahrenpiktogramm":[],"gefahrenhinweise":[]},"_links":{"self":[{"href":"https:\/\/dadorana.ch\/fr\/wp-json\/wp\/v2\/product\/65883","targetHints":{"allow":["GET"]}}],"collection":[{"href":"https:\/\/dadorana.ch\/fr\/wp-json\/wp\/v2\/product"}],"about":[{"href":"https:\/\/dadorana.ch\/fr\/wp-json\/wp\/v2\/types\/product"}],"version-history":[{"count":0,"href":"https:\/\/dadorana.ch\/fr\/wp-json\/wp\/v2\/product\/65883\/revisions"}],"wp:featuredmedia":[{"embeddable":true,"href":"https:\/\/dadorana.ch\/fr\/wp-json\/wp\/v2\/media\/67174"}],"wp:attachment":[{"href":"https:\/\/dadorana.ch\/fr\/wp-json\/wp\/v2\/media?parent=65883"}],"wp:term":[{"taxonomy":"pwb-brand","embeddable":true,"href":"https:\/\/dadorana.ch\/fr\/wp-json\/wp\/v2\/pwb-brand?post=65883"},{"taxonomy":"product_brand","embeddable":true,"href":"https:\/\/dadorana.ch\/fr\/wp-json\/wp\/v2\/product_brand?post=65883"},{"taxonomy":"product_cat","embeddable":true,"href":"https:\/\/dadorana.ch\/fr\/wp-json\/wp\/v2\/product_cat?post=65883"},{"taxonomy":"product_tag","embeddable":true,"href":"https:\/\/dadorana.ch\/fr\/wp-json\/wp\/v2\/product_tag?post=65883"}],"curies":[{"name":"wp","href":"https:\/\/api.w.org\/{rel}","templated":true}]}}