{"id":65894,"date":"2025-09-27T13:43:08","date_gmt":"2025-09-27T11:43:08","guid":{"rendered":"https:\/\/dadorana.ch\/produkt\/natural-greatness-thunfisch-mit-krabben-unterstuetzung-fuer-haar-und-haut\/"},"modified":"2026-04-16T04:26:26","modified_gmt":"2026-04-16T02:26:26","slug":"natural-greatness-thunfisch-mit-krabben-unterstuetzung-fuer-haar-und-haut","status":"publish","type":"product","link":"https:\/\/dadorana.ch\/fr\/produit\/natural-greatness-thunfisch-mit-krabben-unterstuetzung-fuer-haar-und-haut\/","title":{"rendered":"Natural Greatness Thon et Crabe \u2013 Soin des cheveux et de la peau"},"content":{"rendered":"<p><b>NATURAL GREATNESS THON AVEC CRABES<\/b> est un soft-snack cr\u00e9meux hypoallerg\u00e9nique et sans c\u00e9r\u00e9ales, \u00e0 base de thon et de crabes de haute qualit\u00e9, enrichi en extrait de thon, taurine, vitamine E et huile de saumon pour une peau saine et un pelage soyeux et brillant pour votre chat.<\/p>\n<p>&nbsp;<\/p>\n","protected":false},"excerpt":{"rendered":"<p>NATURAL GREATNESS THON AVEC CRABES est un soft-snack cr\u00e9meux hypoallerg\u00e9nique et sans c\u00e9r\u00e9ales, \u00e0 base de thon et de crabes<\/p>\n","protected":false},"featured_media":60708,"template":"","meta":[],"pwb-brand":[7185],"product_brand":[7311],"product_cat":[7238,7271,7157,7167],"product_tag":[],"class_list":{"0":"post-65894","1":"product","2":"type-product","3":"status-publish","4":"has-post-thumbnail","6":"pwb-brand-natural-greatness","7":"product_brand-natural-greatness","8":"product_cat-chats","9":"product_cat-snacks-chats","10":"product_cat-offres","11":"product_cat-tous","12":"pa_brand-natural-greatness","13":"pa_eigenschaften-peau-et-fourrure","14":"pa_eigenschaften-perte-dappetit","15":"pa_eigenschaften-sans-ble","16":"pa_eigenschaften-sans-cereales","17":"pa_eigenschaften-sans-gluten","18":"pa_geschmack-crabes","19":"pa_geschmack-poulet","20":"pa_haustier-chat","21":"pa_lebensphase-katze-adulte","22":"pa_lebensphase-katze-kitten-chatons","23":"pa_lebensphase-katze-senior","24":"pa_marke-natural-greatness","25":"pa_ursprungsland-espagne","26":"pa_z_cat2-katzenfutter","28":"first","29":"instock","30":"sale","31":"taxable","32":"shipping-taxable","33":"purchasable","34":"product-type-simple"},"brands":[{"id":7185,"name":"Natural Greatness","slug":"natural-greatness"}],"meta_box":{"lieferant":"Eigenlager (Da Dorana)","lieferanten_email":"","produktzusammensetzung":"","restock_quantities_galaxus":"5","galaxus_restock_time":"21","galaxus_restock_date":"","galaxus_preis":"","export":"Ja","signalwort":[],"gefahrenpiktogramm":[],"gefahrenhinweise":[]},"_links":{"self":[{"href":"https:\/\/dadorana.ch\/fr\/wp-json\/wp\/v2\/product\/65894","targetHints":{"allow":["GET"]}}],"collection":[{"href":"https:\/\/dadorana.ch\/fr\/wp-json\/wp\/v2\/product"}],"about":[{"href":"https:\/\/dadorana.ch\/fr\/wp-json\/wp\/v2\/types\/product"}],"version-history":[{"count":0,"href":"https:\/\/dadorana.ch\/fr\/wp-json\/wp\/v2\/product\/65894\/revisions"}],"wp:featuredmedia":[{"embeddable":true,"href":"https:\/\/dadorana.ch\/fr\/wp-json\/wp\/v2\/media\/60708"}],"wp:attachment":[{"href":"https:\/\/dadorana.ch\/fr\/wp-json\/wp\/v2\/media?parent=65894"}],"wp:term":[{"taxonomy":"pwb-brand","embeddable":true,"href":"https:\/\/dadorana.ch\/fr\/wp-json\/wp\/v2\/pwb-brand?post=65894"},{"taxonomy":"product_brand","embeddable":true,"href":"https:\/\/dadorana.ch\/fr\/wp-json\/wp\/v2\/product_brand?post=65894"},{"taxonomy":"product_cat","embeddable":true,"href":"https:\/\/dadorana.ch\/fr\/wp-json\/wp\/v2\/product_cat?post=65894"},{"taxonomy":"product_tag","embeddable":true,"href":"https:\/\/dadorana.ch\/fr\/wp-json\/wp\/v2\/product_tag?post=65894"}],"curies":[{"name":"wp","href":"https:\/\/api.w.org\/{rel}","templated":true}]}}