{"id":65980,"date":"2025-07-14T12:09:44","date_gmt":"2025-07-14T10:09:44","guid":{"rendered":"https:\/\/dadorana.ch\/produkt\/snack-cremeux-ultra-premium-direct-au-poulet\/"},"modified":"2026-05-01T02:42:10","modified_gmt":"2026-05-01T00:42:10","slug":"snack-cremeux-ultra-premium-direct-au-poulet","status":"publish","type":"product","link":"https:\/\/dadorana.ch\/fr\/produit\/snack-cremeux-ultra-premium-direct-au-poulet\/","title":{"rendered":"Ultra Premium Direct Snack cr\u00e9meux au poulet"},"content":{"rendered":"<p>Avec leur d\u00e9licieux go\u00fbt de poulet et leur texture onctueuse, les friandises cr\u00e9meuses pour chats Ultra Premium Direct sont id\u00e9ales pour choyer votre f\u00e9lin et lui t\u00e9moigner votre affection. Fabriqu\u00e9es en France et sans c\u00e9r\u00e9ales, elles respectent le r\u00e9gime carnivore de votre chat et lui offrent des en-cas savoureux et de grande qualit\u00e9.<\/p>\n<p><strong>Ces friandises peuvent \u00eatre donn\u00e9es\u00a0:<\/strong><\/p>\n<ul>\n<li>\u00c0 la main pour un moment de complicit\u00e9 privil\u00e9gi\u00e9.<\/li>\n<li>En garniture sur les croquettes pour une petite g\u00e2terie suppl\u00e9mentaire.<\/li>\n<li>Dans la gamelle pour un plaisir maximal.<\/li>\n<\/ul>\n<p>Elles peuvent \u00eatre utilis\u00e9es quotidiennement ou occasionnellement, pour l\u2019\u00e9ducation, renforcer les liens ou comme petite r\u00e9compense.<\/p>\n<p>Gr\u00e2ce \u00e0 leurs sachets individuels, vous pouvez les emporter partout et les conserver facilement.<\/p>\n","protected":false},"excerpt":{"rendered":"<p><span style=\"color: #ff8800;\">G\u00f6nnen Sie Ihrer kleinen Katze einen Moment intensiven Genusses mit diesen cremigen Leckereien zum Lecken, in den Napf geben oder auf das Trockenfutter streichen. Ohne Getreide hergestellt, passen sie sich jedem Wunsch an und machen jeden Moment zu einem wahren Fest! <\/span><\/p>\n","protected":false},"featured_media":65986,"template":"","meta":[],"pwb-brand":[7189],"product_brand":[7284],"product_cat":[7238,7271,7167],"product_tag":[],"class_list":{"0":"post-65980","1":"product","2":"type-product","3":"status-publish","4":"has-post-thumbnail","6":"pwb-brand-ultra-premium-direct-suisse","7":"product_brand-ultra-premium-direct-suisse","8":"product_cat-chats","9":"product_cat-snacks-chats","10":"product_cat-tous","11":"pa_brand-ultra-premium-direct-suisse","12":"pa_eigenschaften-perte-dappetit","13":"pa_eigenschaften-sans-ble","14":"pa_eigenschaften-sans-cereales","15":"pa_geschmack-poulet","16":"pa_haustier-chat","17":"pa_lebensphase-katze-adulte","18":"pa_lebensphase-katze-kitten-chatons","19":"pa_lebensphase-katze-senior","20":"pa_marke-ultra-premium-direct-de","21":"pa_ursprungsland-france","22":"pa_z_cat2-katzenfutter","24":"first","25":"instock","26":"featured","27":"taxable","28":"shipping-taxable","29":"purchasable","30":"product-type-simple"},"brands":[{"id":7189,"name":"Ultra Premium Direct","slug":"ultra-premium-direct-suisse"}],"meta_box":{"lieferant":"Eigenlager (Da Dorana)","lieferanten_email":"","produktzusammensetzung":"","restock_quantities_galaxus":"5","galaxus_restock_time":"21","galaxus_restock_date":"","galaxus_preis":"","export":"Ja","signalwort":[],"gefahrenpiktogramm":[],"gefahrenhinweise":[]},"_links":{"self":[{"href":"https:\/\/dadorana.ch\/fr\/wp-json\/wp\/v2\/product\/65980","targetHints":{"allow":["GET"]}}],"collection":[{"href":"https:\/\/dadorana.ch\/fr\/wp-json\/wp\/v2\/product"}],"about":[{"href":"https:\/\/dadorana.ch\/fr\/wp-json\/wp\/v2\/types\/product"}],"version-history":[{"count":0,"href":"https:\/\/dadorana.ch\/fr\/wp-json\/wp\/v2\/product\/65980\/revisions"}],"wp:featuredmedia":[{"embeddable":true,"href":"https:\/\/dadorana.ch\/fr\/wp-json\/wp\/v2\/media\/65986"}],"wp:attachment":[{"href":"https:\/\/dadorana.ch\/fr\/wp-json\/wp\/v2\/media?parent=65980"}],"wp:term":[{"taxonomy":"pwb-brand","embeddable":true,"href":"https:\/\/dadorana.ch\/fr\/wp-json\/wp\/v2\/pwb-brand?post=65980"},{"taxonomy":"product_brand","embeddable":true,"href":"https:\/\/dadorana.ch\/fr\/wp-json\/wp\/v2\/product_brand?post=65980"},{"taxonomy":"product_cat","embeddable":true,"href":"https:\/\/dadorana.ch\/fr\/wp-json\/wp\/v2\/product_cat?post=65980"},{"taxonomy":"product_tag","embeddable":true,"href":"https:\/\/dadorana.ch\/fr\/wp-json\/wp\/v2\/product_tag?post=65980"}],"curies":[{"name":"wp","href":"https:\/\/api.w.org\/{rel}","templated":true}]}}