{"id":65988,"date":"2025-09-05T21:16:58","date_gmt":"2025-09-05T19:16:58","guid":{"rendered":"https:\/\/dadorana.ch\/produkt\/ultra-premium-direct-peau-pelage-pour-chiens-adultes-de-toutes-races-au-saumon\/"},"modified":"2026-04-10T04:28:51","modified_gmt":"2026-04-10T02:28:51","slug":"ultra-premium-direct-peau-pelage-pour-chiens-adultes-de-toutes-races-au-saumon","status":"publish","type":"product","link":"https:\/\/dadorana.ch\/fr\/produit\/ultra-premium-direct-peau-pelage-pour-chiens-adultes-de-toutes-races-au-saumon\/","title":{"rendered":"Ultra Premium Direct Peau &amp; Pelage pour chiens adultes de toutes races au saumon"},"content":{"rendered":"<p>La peau est un indicateur important du bien-\u00eatre d&rsquo;un chien. Une peau soign\u00e9e assure un pelage brillant et soyeux. Les d\u00e9mangeaisons, les pellicules, les inflammations ou la perte excessive de poils peuvent indiquer un d\u00e9s\u00e9quilibre cutan\u00e9. Une alimentation appropri\u00e9e peut contribuer de mani\u00e8re d\u00e9cisive au bien-\u00eatre de votre chien.<\/p>\n<p>Avec du saumon comme ingr\u00e9dient principal, cette recette est une source naturelle d&rsquo;acides gras om\u00e9ga-3 et om\u00e9ga-6. Elle ravira m\u00eame les chiens les plus exigeants avec son go\u00fbt d\u00e9licieux. Fabriqu\u00e9e en France sans c\u00e9r\u00e9ales, colorants, conservateurs ou ar\u00f4mes artificiels, elle respecte l&rsquo;alimentation naturelle du chien en accord avec sa nature.<\/p>\n<p>Chaque ingr\u00e9dient a \u00e9t\u00e9 soigneusement s\u00e9lectionn\u00e9 pour ses effets positifs sur la peau et le pelage :<\/p>\n<ul>\n<li>Levure de bi\u00e8re : Une source naturelle de vitamines qui renforce la barri\u00e8re cutan\u00e9e.<\/li>\n<li>Huile de saumon et de tournesol : Sources d&rsquo;acides gras om\u00e9ga qui assurent une peau souple.<\/li>\n<li>Graines de lin, bourrache et krill : Sources d&rsquo;acides gras om\u00e9ga-3 pour un pelage brillant et fort.<\/li>\n<\/ul>\n<p>Cette recette offre une alimentation compl\u00e8te et \u00e9quilibr\u00e9e et contribue au bien-\u00eatre quotidien de la peau et du pelage de votre chien \u2013 pour une beaut\u00e9 qui vient de l&rsquo;int\u00e9rieur.<\/p>\n<p>Le sachet est recyclable en grande partie, permet une conservation optimale et s&rsquo;ouvre et se ferme facilement pour un usage quotidien pratique.<\/p>\n","protected":false},"excerpt":{"rendered":"<p><span style=\"color: #ff8800;\">Les croquettes Skin &amp; Coat Care sont une source d&rsquo;acides gras om\u00e9ga-3 et om\u00e9ga-6 et favorisent une peau \u00e9clatante et un pelage brillant. La formule experte contient des ingr\u00e9dients fonctionnels qui contribuent au bien-\u00eatre de la peau et du pelage de votre chien. <\/span><\/p>\n","protected":false},"featured_media":65242,"template":"","meta":[],"pwb-brand":[7189],"product_brand":[7284],"product_cat":[7157,7155,7156,7167],"product_tag":[],"class_list":{"0":"post-65988","1":"product","2":"type-product","3":"status-publish","4":"has-post-thumbnail","6":"pwb-brand-ultra-premium-direct-suisse","7":"product_brand-ultra-premium-direct-suisse","8":"product_cat-offres","9":"product_cat-chiens","10":"product_cat-nourriture-seche","11":"product_cat-tous","12":"pa_brand-ultra-premium-direct-suisse","13":"pa_eigenschaften-peau-et-fourrure","14":"pa_eigenschaften-sans-ble","15":"pa_eigenschaften-sans-cereales","16":"pa_eigenschaften-sans-gluten","17":"pa_geschmack-saumon","18":"pa_haustier-chien-2","19":"pa_lebensphase-de-adulte","20":"pa_lebensphase-de-senior","21":"pa_marke-ultra-premium-direct-de","22":"pa_ursprungsland-france","23":"pa_z_cat2-hundefutter","25":"first","26":"instock","27":"sale","28":"featured","29":"taxable","30":"shipping-taxable","31":"purchasable","32":"product-type-simple"},"brands":[{"id":7189,"name":"Ultra Premium Direct","slug":"ultra-premium-direct-suisse"}],"meta_box":{"lieferant":"Eigenlager (Da Dorana)","lieferanten_email":"","produktzusammensetzung":"","restock_quantities_galaxus":"5","galaxus_restock_time":"21","galaxus_restock_date":"","galaxus_preis":"","export":"Ja","signalwort":[],"gefahrenpiktogramm":[],"gefahrenhinweise":[]},"_links":{"self":[{"href":"https:\/\/dadorana.ch\/fr\/wp-json\/wp\/v2\/product\/65988","targetHints":{"allow":["GET"]}}],"collection":[{"href":"https:\/\/dadorana.ch\/fr\/wp-json\/wp\/v2\/product"}],"about":[{"href":"https:\/\/dadorana.ch\/fr\/wp-json\/wp\/v2\/types\/product"}],"version-history":[{"count":0,"href":"https:\/\/dadorana.ch\/fr\/wp-json\/wp\/v2\/product\/65988\/revisions"}],"wp:featuredmedia":[{"embeddable":true,"href":"https:\/\/dadorana.ch\/fr\/wp-json\/wp\/v2\/media\/65242"}],"wp:attachment":[{"href":"https:\/\/dadorana.ch\/fr\/wp-json\/wp\/v2\/media?parent=65988"}],"wp:term":[{"taxonomy":"pwb-brand","embeddable":true,"href":"https:\/\/dadorana.ch\/fr\/wp-json\/wp\/v2\/pwb-brand?post=65988"},{"taxonomy":"product_brand","embeddable":true,"href":"https:\/\/dadorana.ch\/fr\/wp-json\/wp\/v2\/product_brand?post=65988"},{"taxonomy":"product_cat","embeddable":true,"href":"https:\/\/dadorana.ch\/fr\/wp-json\/wp\/v2\/product_cat?post=65988"},{"taxonomy":"product_tag","embeddable":true,"href":"https:\/\/dadorana.ch\/fr\/wp-json\/wp\/v2\/product_tag?post=65988"}],"curies":[{"name":"wp","href":"https:\/\/api.w.org\/{rel}","templated":true}]}}