{"id":65995,"date":"2025-09-05T21:17:08","date_gmt":"2025-09-05T19:17:08","guid":{"rendered":"https:\/\/dadorana.ch\/produkt\/ultra-premium-direct-protein-boost-agneau-truite\/"},"modified":"2026-04-30T18:03:38","modified_gmt":"2026-04-30T16:03:38","slug":"ultra-premium-direct-protein-boost-agneau-truite","status":"publish","type":"product","link":"https:\/\/dadorana.ch\/fr\/produit\/ultra-premium-direct-protein-boost-agneau-truite\/","title":{"rendered":"Ultra Premium Direct Protein Boost \u2013 Agneau &amp; Truite"},"content":{"rendered":"<p>La recette combine des croquettes sans c\u00e9r\u00e9ales \u00e0 l&rsquo;agneau avec des morceaux de truite crue lyophilis\u00e9e. Cette combinaison unique est une v\u00e9ritable innovation en France. Elle offre \u00e0 votre chien une alimentation naturellement riche en prot\u00e9ines et savoureuse.<\/p>\n<p><strong>L&rsquo;alimentation crue offre de nombreux avantages \u00e0 votre chien:<\/strong><\/p>\n<ul>\n<li>Favorise une digestion optimale.<\/li>\n<li>Assure un plaisir maximal gr\u00e2ce \u00e0 des ingr\u00e9dients savoureux.<\/li>\n<li>Contribue au maintien d&rsquo;un poids sain et au d\u00e9veloppement de la masse musculaire.<\/li>\n<li>Contribue \u00e0 une peau saine et un pelage brillant.<\/li>\n<\/ul>\n<p>La lyophilisation \u00e9limine l&rsquo;humidit\u00e9 d&rsquo;un ingr\u00e9dient cru sans le cuire ni ajouter d&rsquo;additifs chimiques. C&rsquo;est la meilleure m\u00e9thode pour conserver un ingr\u00e9dient dans sa forme la plus naturelle.<\/p>\n<p>Les morceaux de truite sont d&rsquo;abord surgel\u00e9s, puis soumis \u00e0 une d\u00e9compression pour \u00e9liminer l&rsquo;eau par sublimation. Cela permet de pr\u00e9server les nutriments et les ar\u00f4mes de la truite crue. Id\u00e9al si votre chien a un app\u00e9tit difficile!<\/p>\n<p>Gr\u00e2ce \u00e0 l&rsquo;agneau et \u00e0 la truite, cette recette est sp\u00e9cialement con\u00e7ue pour les chiens de toutes tailles ayant la peau ou la digestion sensible. Elle convient donc \u00e0 tous les chiens.<\/p>\n<p>Le plus ? Cette gamme renforce les articulations de votre chien, prend soin de ses dents et favorise une peau saine et un pelage brillant.<\/p>\n<p>Le sac est majoritairement recyclable, offre des possibilit\u00e9s de stockage optimales et s&rsquo;ouvre et se ferme facilement pour une utilisation quotidienne pratique.<\/p>\n","protected":false},"excerpt":{"rendered":"<p><span style=\"color: #ff8800;\">R\u00e9veillez l&rsquo;\u00e9nergie naturelle de votre chien avec cette recette riche en prot\u00e9ines. De vrais morceaux de truite crue (lyophilis\u00e9e) sont combin\u00e9s avec des croquettes d&rsquo;agneau pour une app\u00e9tence optimale! <\/span><\/p>\n","protected":false},"featured_media":65244,"template":"","meta":[],"pwb-brand":[7189],"product_brand":[7284],"product_cat":[7155,7156,7157,7167],"product_tag":[],"class_list":{"0":"post-65995","1":"product","2":"type-product","3":"status-publish","4":"has-post-thumbnail","6":"pwb-brand-ultra-premium-direct-suisse","7":"product_brand-ultra-premium-direct-suisse","8":"product_cat-chiens","9":"product_cat-nourriture-seche","10":"product_cat-offres","11":"product_cat-tous","12":"pa_brand-ultra-premium-direct-suisse","13":"pa_eigenschaften-actif","14":"pa_eigenschaften-articulations","15":"pa_eigenschaften-perte-dappetit","16":"pa_eigenschaften-sans-ble","17":"pa_eigenschaften-sans-cereales","18":"pa_eigenschaften-sans-gluten","19":"pa_geschmack-agneau","20":"pa_geschmack-truite","21":"pa_haustier-chien-2","22":"pa_lebensphase-de-adulte","23":"pa_marke-ultra-premium-direct-de","24":"pa_ursprungsland-france","25":"pa_z_cat2-hundefutter","27":"first","28":"instock","29":"sale","30":"featured","31":"taxable","32":"shipping-taxable","33":"purchasable","34":"product-type-simple"},"brands":[{"id":7189,"name":"Ultra Premium Direct","slug":"ultra-premium-direct-suisse"}],"meta_box":{"lieferant":"Eigenlager (Da Dorana)","lieferanten_email":"","produktzusammensetzung":"","restock_quantities_galaxus":"5","galaxus_restock_time":"21","galaxus_restock_date":"","galaxus_preis":"","export":"Ja","signalwort":[],"gefahrenpiktogramm":[],"gefahrenhinweise":[]},"_links":{"self":[{"href":"https:\/\/dadorana.ch\/fr\/wp-json\/wp\/v2\/product\/65995","targetHints":{"allow":["GET"]}}],"collection":[{"href":"https:\/\/dadorana.ch\/fr\/wp-json\/wp\/v2\/product"}],"about":[{"href":"https:\/\/dadorana.ch\/fr\/wp-json\/wp\/v2\/types\/product"}],"version-history":[{"count":0,"href":"https:\/\/dadorana.ch\/fr\/wp-json\/wp\/v2\/product\/65995\/revisions"}],"wp:featuredmedia":[{"embeddable":true,"href":"https:\/\/dadorana.ch\/fr\/wp-json\/wp\/v2\/media\/65244"}],"wp:attachment":[{"href":"https:\/\/dadorana.ch\/fr\/wp-json\/wp\/v2\/media?parent=65995"}],"wp:term":[{"taxonomy":"pwb-brand","embeddable":true,"href":"https:\/\/dadorana.ch\/fr\/wp-json\/wp\/v2\/pwb-brand?post=65995"},{"taxonomy":"product_brand","embeddable":true,"href":"https:\/\/dadorana.ch\/fr\/wp-json\/wp\/v2\/product_brand?post=65995"},{"taxonomy":"product_cat","embeddable":true,"href":"https:\/\/dadorana.ch\/fr\/wp-json\/wp\/v2\/product_cat?post=65995"},{"taxonomy":"product_tag","embeddable":true,"href":"https:\/\/dadorana.ch\/fr\/wp-json\/wp\/v2\/product_tag?post=65995"}],"curies":[{"name":"wp","href":"https:\/\/api.w.org\/{rel}","templated":true}]}}