{"id":66070,"date":"2025-04-27T09:32:31","date_gmt":"2025-04-27T07:32:31","guid":{"rendered":"https:\/\/dadorana.ch\/produkt\/zwei-laisse-pour-chien-leo-le20\/"},"modified":"2026-04-03T02:29:55","modified_gmt":"2026-04-03T00:29:55","slug":"zwei-laisse-pour-chien-leo-le20","status":"publish","type":"product","link":"https:\/\/dadorana.ch\/fr\/produit\/zwei-laisse-pour-chien-leo-le20\/","title":{"rendered":"ZWEI Laisse pour chien LEO LE20"},"content":{"rendered":"<p>Avec la <strong>laisse pour chien de 2 m\u00e8tres de long<\/strong> <strong>LEO LE20<\/strong>, nous vous proposons la laisse assortie au collier pour chien LEO ET \u00e0 votre sac \u00e0 main ZWEI\u00ae. La laisse est en cuir synth\u00e9tique avec un tissu en polyester et est en outre renforc\u00e9e \u00e0 l&rsquo;int\u00e9rieur. La combinaison de mat\u00e9riaux faciles d&rsquo;entretien et robustes rend la <strong>laisse pour chien r\u00e9sistante \u00e0 la traction (jusqu&rsquo;\u00e0 50 kg)<\/strong> et absolument adapt\u00e9e au quotidien. Si n\u00e9cessaire, elle se lave facilement. La laisse pour chien tient bien dans la main, est <strong>r\u00e9glable en taille \u00e0 3 niveaux<\/strong> gr\u00e2ce \u00e0 des anneaux m\u00e9talliques et convient aux <strong>chiens de petite \u00e0 moyenne taille<\/strong>.<\/p>\n<div class=\"w-full flex justify-between\">\n<div class=\"flex items-center text-copy-sm font-bold tracking-normal fill-black\">\n<p><strong>Laisse pour chien LEO LE20<\/strong><\/p>\n<p>Avec la <strong>laisse pour chien LEO LE20 de 2 m\u00e8tres de long<\/strong>, nous vous proposons la laisse assortie au collier LEO et \u00e0 votre sac ZWEI. La laisse est en cuir synth\u00e9tique avec un tissu en polyester et est en outre renforc\u00e9e \u00e0 l&rsquo;int\u00e9rieur. La combinaison des mat\u00e9riaux faciles \u00e0 entretenir et robustes rend la laisse de chien r\u00e9sistante \u00e0 la traction (jusqu&rsquo;\u00e0 50 kg) et absolument utilisable au quotidien. En cas de besoin, elle peut \u00eatre facilement lav\u00e9e.<\/p>\n<p><strong>R\u00e9glable et adapt\u00e9 aux chiens de petite et moyenne taille<\/strong><\/p>\n<p>La laisse tient bien en main, sa taille est r\u00e9glable sur 3 positions gr\u00e2ce \u00e0 des anneaux m\u00e9talliques (longueur maximale de 2 m) et convient aux chiens de petite et moyenne taille. Deux mousquetons assurent une r\u00e9sistance maximale \u00e0 la traction jusqu&rsquo;\u00e0 50 kg.<\/p>\n<\/div>\n<\/div>\n","protected":false},"excerpt":{"rendered":"<p><span style=\"color: #ff8800;\">Avec la <strong>laisse pour chien de 2 m\u00e8tres de long<\/strong> <strong>LEO LE20 (2 x 200 cm)<\/strong>, nous vous proposons la laisse assortie au collier pour chien LEO.<\/span><\/p>\n","protected":false},"featured_media":66076,"template":"","meta":[],"pwb-brand":[7191],"product_brand":[7306],"product_cat":[7275,7219,7155,7167],"product_tag":[],"class_list":{"0":"post-66070","1":"product","2":"type-product","3":"status-publish","4":"has-post-thumbnail","6":"pwb-brand-zwei","7":"product_brand-zwei","8":"product_cat-laisse-pour-chien","9":"product_cat-accessoires","10":"product_cat-chiens","11":"product_cat-tous","12":"pa_brand-zwei","13":"pa_farbe-black-orange","14":"pa_farbe-cappuccino","15":"pa_farbe-chocolate","16":"pa_farbe-cognac","17":"pa_farbe-fango","18":"pa_farbe-jade","19":"pa_farbe-lipstick","20":"pa_farbe-moos","21":"pa_farbe-nubuk-black","22":"pa_farbe-nubuk-blue","23":"pa_farbe-nubuk-stone","24":"pa_farbe-off-white","25":"pa_haustier-chien-2","26":"pa_marke-zwei","27":"pa_ursprungsland-chine","28":"pa_z_cat2-halsband-leine","29":"pa_z_product_type-leine","30":"pa_zubehoer-laisse","32":"first","33":"instock","34":"taxable","35":"shipping-taxable","36":"purchasable","37":"product-type-variable"},"brands":[{"id":7191,"name":"ZWEI","slug":"zwei"}],"meta_box":{"lieferant":"Eigenlager (Da Dorana)","lieferanten_email":"","produktzusammensetzung":"","restock_quantities_galaxus":"5","galaxus_restock_time":"21","galaxus_restock_date":"","galaxus_preis":"","export":"Ja","signalwort":[],"gefahrenpiktogramm":[],"gefahrenhinweise":[]},"_links":{"self":[{"href":"https:\/\/dadorana.ch\/fr\/wp-json\/wp\/v2\/product\/66070","targetHints":{"allow":["GET"]}}],"collection":[{"href":"https:\/\/dadorana.ch\/fr\/wp-json\/wp\/v2\/product"}],"about":[{"href":"https:\/\/dadorana.ch\/fr\/wp-json\/wp\/v2\/types\/product"}],"version-history":[{"count":0,"href":"https:\/\/dadorana.ch\/fr\/wp-json\/wp\/v2\/product\/66070\/revisions"}],"wp:featuredmedia":[{"embeddable":true,"href":"https:\/\/dadorana.ch\/fr\/wp-json\/wp\/v2\/media\/66076"}],"wp:attachment":[{"href":"https:\/\/dadorana.ch\/fr\/wp-json\/wp\/v2\/media?parent=66070"}],"wp:term":[{"taxonomy":"pwb-brand","embeddable":true,"href":"https:\/\/dadorana.ch\/fr\/wp-json\/wp\/v2\/pwb-brand?post=66070"},{"taxonomy":"product_brand","embeddable":true,"href":"https:\/\/dadorana.ch\/fr\/wp-json\/wp\/v2\/product_brand?post=66070"},{"taxonomy":"product_cat","embeddable":true,"href":"https:\/\/dadorana.ch\/fr\/wp-json\/wp\/v2\/product_cat?post=66070"},{"taxonomy":"product_tag","embeddable":true,"href":"https:\/\/dadorana.ch\/fr\/wp-json\/wp\/v2\/product_tag?post=66070"}],"curies":[{"name":"wp","href":"https:\/\/api.w.org\/{rel}","templated":true}]}}