{"id":66125,"date":"2025-04-10T20:08:15","date_gmt":"2025-04-10T18:08:15","guid":{"rendered":"https:\/\/dadorana.ch\/produkt\/italianway-wet-classic-fit-adult-mini-poulet-et-riz\/"},"modified":"2026-04-21T13:55:09","modified_gmt":"2026-04-21T11:55:09","slug":"italianway-wet-classic-fit-adult-mini-poulet-et-riz","status":"publish","type":"product","link":"https:\/\/dadorana.ch\/fr\/produit\/italianway-wet-classic-fit-adult-mini-poulet-et-riz\/","title":{"rendered":"ItalianWay Wet Classic Fit Adult Mini Poulet et Riz"},"content":{"rendered":"<p><strong>ItalianWay Wet Classic Fit Poulet et Riz<\/strong> est l&rsquo;aliment le mieux adapt\u00e9 aux besoins des chiens adultes. Sa formule sans gluten et sa composition riche en mati\u00e8res premi\u00e8res de haute valeur biologique le rendent savoureux et nutritif m\u00eame pour les sujets les plus difficiles. La suppl\u00e9mentation en huile de tomate, de romarin et d&rsquo;olive fournit des antioxydants naturels et favorise la digestion, tandis que l&rsquo;ail et l&rsquo;origan soutiennent les d\u00e9fenses immunitaires de l&rsquo;animal.<\/p>\n","protected":false},"excerpt":{"rendered":"<p><span style=\"color: #ff8800;\"><strong>ItalianWay Humide Classic Fit Poulet et Riz<\/strong> est un aliment id\u00e9alement adapt\u00e9 aux besoins des chiens adultes.<\/span><\/p>\n","protected":false},"featured_media":66067,"template":"","meta":[],"pwb-brand":[7184],"product_brand":[7312],"product_cat":[7155,7650,7167],"product_tag":[],"class_list":{"0":"post-66125","1":"product","2":"type-product","3":"status-publish","4":"has-post-thumbnail","6":"pwb-brand-italianway","7":"product_brand-italianway","8":"product_cat-chiens","9":"product_cat-nourriture-humide","10":"product_cat-tous","11":"pa_brand-italianway","12":"pa_eigenschaften-perte-dappetit","13":"pa_eigenschaften-sans-ble","14":"pa_eigenschaften-sans-gluten","15":"pa_geschmack-poulet","16":"pa_haustier-chien-2","17":"pa_lebensphase-de-adulte","18":"pa_lebensphase-de-senior","19":"pa_marke-italianway","20":"pa_ursprungsland-italie","21":"pa_z_cat2-hundefutter","23":"first","24":"instock","25":"taxable","26":"shipping-taxable","27":"purchasable","28":"product-type-simple"},"brands":[{"id":7184,"name":"ItalianWay","slug":"italianway"}],"meta_box":{"lieferant":"Eigenlager (Da Dorana)","lieferanten_email":"","produktzusammensetzung":"","restock_quantities_galaxus":"5","galaxus_restock_time":"21","galaxus_restock_date":"","galaxus_preis":"","export":"Ja","signalwort":[],"gefahrenpiktogramm":[],"gefahrenhinweise":[],"url_sicherheitdsdatenblatt":""},"_links":{"self":[{"href":"https:\/\/dadorana.ch\/fr\/wp-json\/wp\/v2\/product\/66125","targetHints":{"allow":["GET"]}}],"collection":[{"href":"https:\/\/dadorana.ch\/fr\/wp-json\/wp\/v2\/product"}],"about":[{"href":"https:\/\/dadorana.ch\/fr\/wp-json\/wp\/v2\/types\/product"}],"version-history":[{"count":0,"href":"https:\/\/dadorana.ch\/fr\/wp-json\/wp\/v2\/product\/66125\/revisions"}],"wp:featuredmedia":[{"embeddable":true,"href":"https:\/\/dadorana.ch\/fr\/wp-json\/wp\/v2\/media\/66067"}],"wp:attachment":[{"href":"https:\/\/dadorana.ch\/fr\/wp-json\/wp\/v2\/media?parent=66125"}],"wp:term":[{"taxonomy":"pwb-brand","embeddable":true,"href":"https:\/\/dadorana.ch\/fr\/wp-json\/wp\/v2\/pwb-brand?post=66125"},{"taxonomy":"product_brand","embeddable":true,"href":"https:\/\/dadorana.ch\/fr\/wp-json\/wp\/v2\/product_brand?post=66125"},{"taxonomy":"product_cat","embeddable":true,"href":"https:\/\/dadorana.ch\/fr\/wp-json\/wp\/v2\/product_cat?post=66125"},{"taxonomy":"product_tag","embeddable":true,"href":"https:\/\/dadorana.ch\/fr\/wp-json\/wp\/v2\/product_tag?post=66125"}],"curies":[{"name":"wp","href":"https:\/\/api.w.org\/{rel}","templated":true}]}}