{"id":66126,"date":"2024-11-12T13:44:28","date_gmt":"2024-11-12T13:44:28","guid":{"rendered":"https:\/\/dadorana.ch\/produkt\/ultra-premium-direct-cous-de-poulet\/"},"modified":"2026-04-19T18:00:05","modified_gmt":"2026-04-19T16:00:05","slug":"ultra-premium-direct-cous-de-poulet","status":"publish","type":"product","link":"https:\/\/dadorana.ch\/fr\/produit\/ultra-premium-direct-cous-de-poulet\/","title":{"rendered":"Ultra Premium Direct Cous de poulet"},"content":{"rendered":"<p><span style=\"color: var(--redactor2-text-color);\">Les Cous de Poulet Ultra Premium Direct sont des friandises d&rsquo;origine naturelle, id\u00e9ales \u00e0 m\u00e2cher pour les chiens. Ils sont riches en prot\u00e9ines, source de calcium et contribuent au maintien de l&rsquo;hygi\u00e8ne bucco-dentaire de votre animal. <\/span><\/p>\n<p>Gr\u00e2ce \u00e0 leur petite taille, les cous de poulet conviennent comme produits \u00e0 m\u00e2cher \u00e0 court terme pour les chiots \u00e2g\u00e9s de 7 mois et plus et les petits chiens. Pour les chiens de taille moyenne \u00e0 grande, ils peuvent \u00eatre utilis\u00e9s comme r\u00e9compense ou comme friandise quotidienne.<\/p>\n<p>Fabriqu\u00e9es en France, ces friandises d&rsquo;origine naturelle sont riches en prot\u00e9ines et offrent de nombreux bienfaits \u00e0 votre chien. Ils favorisent particuli\u00e8rement l&rsquo;\u00e9limination du tartre et la pr\u00e9servation des gencives. Ils permettent \u00e9galement de satisfaire votre besoin naturel de m\u00e2cher.<\/p>\n<p>Pour pr\u00e9server la saveur naturelle et favoriser l\u2019app\u00e9tence, les cous de poulet sont soigneusement s\u00e9ch\u00e9s. Fabriqu\u00e9s sans additifs, conservateurs et ar\u00f4mes artificiels, ils sont parfaits pour ravir les papilles de votre chien.<\/p>\n<p>En moyenne, un sachet de 250 g contient entre 40 et 50 cous de poulet. Leur nombre varie en fonction du poids. Les cous de poulet Ultra Premium Direct \u00e9tant d&rsquo;origine naturelle, la forme, la taille et la couleur diff\u00e8rent d&rsquo;un sachet \u00e0 l&rsquo;autre.<\/p>\n<p>Si c&rsquo;est la premi\u00e8re fois que vous donnez du cou de poulet \u00e0 votre animal, vous devez le donner petit \u00e0 petit et sous votre surveillance.<\/p>\n","protected":false},"excerpt":{"rendered":"<p><span style=\"color: #ff8800;\">Les Cous de Poulet Ultra Premium Direct sont des friandises d&rsquo;origine naturelle, id\u00e9ales \u00e0 m\u00e2cher pour les chiens. Ils sont riches en prot\u00e9ines, source de calcium et contribuent au maintien de l&rsquo;hygi\u00e8ne bucco-dentaire de votre animal. <\/span><\/p>\n","protected":false},"featured_media":66131,"template":"","meta":[],"pwb-brand":[7189],"product_brand":[7284],"product_cat":[8138,7155,7157,7167],"product_tag":[],"class_list":{"0":"post-66126","1":"product","2":"type-product","3":"status-publish","4":"has-post-thumbnail","6":"pwb-brand-ultra-premium-direct-suisse","7":"product_brand-ultra-premium-direct-suisse","8":"product_cat-articles-a-macher","9":"product_cat-chiens","10":"product_cat-offres","11":"product_cat-tous","12":"pa_brand-ultra-premium-direct-suisse","13":"pa_eigenschaften-monoproteine","14":"pa_eigenschaften-sans-ble","15":"pa_eigenschaften-sans-cereales","16":"pa_eigenschaften-sans-gluten","17":"pa_geschmack-poulet","18":"pa_groesee-de-large-de","19":"pa_groesee-de-medium-de","20":"pa_groesee-de-small","21":"pa_haustier-chien-2","22":"pa_lebensphase-de-adulte","23":"pa_lebensphase-de-junior","24":"pa_lebensphase-de-senior","25":"pa_marke-ultra-premium-direct-de","26":"pa_ursprungsland-france","27":"pa_z_cat2-hundefutter","29":"first","30":"instock","31":"sale","32":"featured","33":"taxable","34":"shipping-taxable","35":"purchasable","36":"product-type-simple"},"brands":[{"id":7189,"name":"Ultra Premium Direct","slug":"ultra-premium-direct-suisse"}],"meta_box":{"lieferant":"Eigenlager (Da Dorana)","lieferanten_email":"","produktzusammensetzung":"","restock_quantities_galaxus":"5","galaxus_restock_time":"21","galaxus_restock_date":"","galaxus_preis":"","export":"Ja","signalwort":[],"gefahrenpiktogramm":[],"gefahrenhinweise":[],"url_sicherheitdsdatenblatt":""},"_links":{"self":[{"href":"https:\/\/dadorana.ch\/fr\/wp-json\/wp\/v2\/product\/66126","targetHints":{"allow":["GET"]}}],"collection":[{"href":"https:\/\/dadorana.ch\/fr\/wp-json\/wp\/v2\/product"}],"about":[{"href":"https:\/\/dadorana.ch\/fr\/wp-json\/wp\/v2\/types\/product"}],"version-history":[{"count":0,"href":"https:\/\/dadorana.ch\/fr\/wp-json\/wp\/v2\/product\/66126\/revisions"}],"wp:featuredmedia":[{"embeddable":true,"href":"https:\/\/dadorana.ch\/fr\/wp-json\/wp\/v2\/media\/66131"}],"wp:attachment":[{"href":"https:\/\/dadorana.ch\/fr\/wp-json\/wp\/v2\/media?parent=66126"}],"wp:term":[{"taxonomy":"pwb-brand","embeddable":true,"href":"https:\/\/dadorana.ch\/fr\/wp-json\/wp\/v2\/pwb-brand?post=66126"},{"taxonomy":"product_brand","embeddable":true,"href":"https:\/\/dadorana.ch\/fr\/wp-json\/wp\/v2\/product_brand?post=66126"},{"taxonomy":"product_cat","embeddable":true,"href":"https:\/\/dadorana.ch\/fr\/wp-json\/wp\/v2\/product_cat?post=66126"},{"taxonomy":"product_tag","embeddable":true,"href":"https:\/\/dadorana.ch\/fr\/wp-json\/wp\/v2\/product_tag?post=66126"}],"curies":[{"name":"wp","href":"https:\/\/api.w.org\/{rel}","templated":true}]}}