{"id":66129,"date":"2025-04-10T20:08:20","date_gmt":"2025-04-10T18:08:20","guid":{"rendered":"https:\/\/dadorana.ch\/produkt\/italianway-wet-sensitive-adult-mini-canard\/"},"modified":"2026-04-21T00:35:23","modified_gmt":"2026-04-20T22:35:23","slug":"italianway-wet-sensitive-adult-mini-canard","status":"publish","type":"product","link":"https:\/\/dadorana.ch\/fr\/produit\/italianway-wet-sensitive-adult-mini-canard\/","title":{"rendered":"ItalianWay Wet Sensitive Adult Mini Canard"},"content":{"rendered":"<p><strong>ItalianWay Wet Sensitive Canard<\/strong> est un aliment formul\u00e9 pour r\u00e9pondre au mieux aux besoins des chiens adultes. Sa formule sans gluten et sa composition riche en mati\u00e8res premi\u00e8res de haute valeur biologique la rendent savoureuse et nutritive m\u00eame pour les sujets les plus difficiles. La suppl\u00e9mentation en huile de tomate, de romarin et d&rsquo;olive fournit des antioxydants naturels et favorise la digestion, tandis que l&rsquo;ail et l&rsquo;origan soutiennent les d\u00e9fenses immunitaires de l&rsquo;animal.<\/p>\n","protected":false},"excerpt":{"rendered":"<p><span style=\"color: #ff8800;\"><strong>ItalianWay Wet Sensitive Canard<\/strong> est un aliment formul\u00e9 pour r\u00e9pondre au mieux aux besoins des chiens adultes. <\/span><\/p>\n","protected":false},"featured_media":66066,"template":"","meta":[],"pwb-brand":[7184],"product_brand":[7312],"product_cat":[7155,7650,7167],"product_tag":[],"class_list":{"0":"post-66129","1":"product","2":"type-product","3":"status-publish","4":"has-post-thumbnail","6":"pwb-brand-italianway","7":"product_brand-italianway","8":"product_cat-chiens","9":"product_cat-nourriture-humide","10":"product_cat-tous","11":"pa_brand-italianway","12":"pa_eigenschaften-perte-dappetit","13":"pa_eigenschaften-sans-ble","14":"pa_eigenschaften-sans-gluten","15":"pa_geschmack-canard","16":"pa_haustier-chien-2","17":"pa_lebensphase-de-adulte","18":"pa_lebensphase-de-senior","19":"pa_marke-italianway","20":"pa_ursprungsland-italie","21":"pa_z_cat2-hundefutter","23":"first","24":"instock","25":"taxable","26":"shipping-taxable","27":"purchasable","28":"product-type-simple"},"brands":[{"id":7184,"name":"ItalianWay","slug":"italianway"}],"meta_box":{"lieferant":"Eigenlager (Da Dorana)","lieferanten_email":"","produktzusammensetzung":"","restock_quantities_galaxus":"5","galaxus_restock_time":"21","galaxus_restock_date":"","galaxus_preis":"","export":"Ja","signalwort":[],"gefahrenpiktogramm":[],"gefahrenhinweise":[],"url_sicherheitdsdatenblatt":""},"_links":{"self":[{"href":"https:\/\/dadorana.ch\/fr\/wp-json\/wp\/v2\/product\/66129","targetHints":{"allow":["GET"]}}],"collection":[{"href":"https:\/\/dadorana.ch\/fr\/wp-json\/wp\/v2\/product"}],"about":[{"href":"https:\/\/dadorana.ch\/fr\/wp-json\/wp\/v2\/types\/product"}],"version-history":[{"count":0,"href":"https:\/\/dadorana.ch\/fr\/wp-json\/wp\/v2\/product\/66129\/revisions"}],"wp:featuredmedia":[{"embeddable":true,"href":"https:\/\/dadorana.ch\/fr\/wp-json\/wp\/v2\/media\/66066"}],"wp:attachment":[{"href":"https:\/\/dadorana.ch\/fr\/wp-json\/wp\/v2\/media?parent=66129"}],"wp:term":[{"taxonomy":"pwb-brand","embeddable":true,"href":"https:\/\/dadorana.ch\/fr\/wp-json\/wp\/v2\/pwb-brand?post=66129"},{"taxonomy":"product_brand","embeddable":true,"href":"https:\/\/dadorana.ch\/fr\/wp-json\/wp\/v2\/product_brand?post=66129"},{"taxonomy":"product_cat","embeddable":true,"href":"https:\/\/dadorana.ch\/fr\/wp-json\/wp\/v2\/product_cat?post=66129"},{"taxonomy":"product_tag","embeddable":true,"href":"https:\/\/dadorana.ch\/fr\/wp-json\/wp\/v2\/product_tag?post=66129"}],"curies":[{"name":"wp","href":"https:\/\/api.w.org\/{rel}","templated":true}]}}