{"id":66200,"date":"2024-03-21T14:05:43","date_gmt":"2024-03-21T14:05:43","guid":{"rendered":"https:\/\/dadorana.ch\/produkt\/officinalis-artiglio-bianco-90-bustina\/"},"modified":"2026-04-15T23:47:34","modified_gmt":"2026-04-15T21:47:34","slug":"officinalis-artiglio-bianco-90-bustina","status":"publish","type":"product","link":"https:\/\/dadorana.ch\/fr\/produit\/officinalis-artiglio-bianco-90-bustina\/","title":{"rendered":"Officinalis Artiglio Bianco 90% Bustina"},"content":{"rendered":"<h2><strong>Gel articulaire et musculaire pour chevaux et humains<\/strong><\/h2>\n<p><strong data-start=\"123\" data-end=\"147\">Artiglio Bianco 90 %<\/strong> est un gel hautement efficace \u00e0 base de la formule brevet\u00e9e Officinalis contenant 90 % de griffe du diable active, obtenue par quatre proc\u00e9d\u00e9s d&rsquo;extraction (eau, glyc\u00e9rine, alcool et extrait dynamis\u00e9).<br \/><span class=\"relative -mx-px my-[-0.2rem] rounded px-px py-[0.2rem] transition-colors duration-100 ease-in-out\">Initialement d\u00e9velopp\u00e9 pour soutenir les chevaux de course, ce gel est d\u00e9sormais \u00e9galement adapt\u00e9 \u00e0 un usage humain.<\/span><\/p>\n<p>Artiglio Bianco 90% est le gel id\u00e9al pour la <strong>fonction articulaire<\/strong>, de plus, l\u2019effet rafra\u00eechissant de ce produit favorise une sensation de soulagement et de bien-\u00eatre.<\/p>\n<h3>Avantages en un coup d&rsquo;\u0153il<\/h3>\n<ul>\n<li data-start=\"512\" data-end=\"590\">\n<p data-start=\"514\" data-end=\"590\"><span class=\"relative -mx-px my-[-0.2rem] rounded px-px py-[0.2rem] transition-colors duration-100 ease-in-out\"><strong data-start=\"0\" data-end=\"23\" data-is-only-node=\"\">Efficacit\u00e9 intensive :<\/strong> Griffe du diable hautement concentr\u00e9e \u2013 id\u00e9ale pour soulager les douleurs et inflammations articulaires et musculaires chez les chevaux et les humains<\/span><\/p>\n<\/li>\n<li data-start=\"591\" data-end=\"669\">\n<p data-start=\"593\" data-end=\"669\"><span class=\"relative -mx-px my-[-0.2rem] rounded px-px py-[0.2rem] transition-colors duration-100 ease-in-out\"><strong data-start=\"0\" data-end=\"19\" data-is-only-node=\"\">Effet frais :<\/strong> l&rsquo;huile de menthe poivr\u00e9e et de clou de girofle procure une agr\u00e9able sensation de fra\u00eecheur apr\u00e8s application<\/span><\/p>\n<\/li>\n<li data-start=\"670\" data-end=\"748\">\n<p data-start=\"672\" data-end=\"748\"><span class=\"relative -mx-px my-[-0.2rem] rounded px-px py-[0.2rem] transition-colors duration-100 ease-in-out\"><strong data-start=\"0\" data-end=\"20\" data-is-only-node=\"\">Absorption profonde :<\/strong> Le gel p\u00e9n\u00e8tre rapidement sans laisser de r\u00e9sidu gras<\/span><\/p>\n<\/li>\n<li data-start=\"749\" data-end=\"831\">\n<p data-start=\"751\" data-end=\"831\"><span class=\"relative -mx-px my-[-0.2rem] rounded px-px py-[0.2rem] transition-colors duration-100 ease-in-out\"><strong data-start=\"0\" data-end=\"22\" data-is-only-node=\"\">Facile \u00e0 utiliser :<\/strong> Masser sur la zone affect\u00e9e \u2013 pour les humains, par exemple, les genoux, le dos, les articulations ; pour les chevaux, par exemple, les articulations, le garrot, les articulations des sabots \u2013 pendant 2 \u00e0 3 minutes, puis appliquer un film mince (2 \u00e0 3 mm) et, si n\u00e9cessaire, recouvrir de papier absorbant (pas de pansement film).<\/span><\/p>\n<\/li>\n<\/ul>\n<p><b>L&rsquo;extrait de racines de griffe du diable<\/b> a non seulement <b>un effet analg\u00e9sique<\/b>, mais <b>a \u00e9galement un puissant effet anti-inflammatoire et d\u00e9congestionnant.<\/b> Il est donc particuli\u00e8rement adapt\u00e9 au traitement <b>des affections rhumatismales telles que l&rsquo;arthrose,<\/b> l&rsquo;usure chronique douloureuse du cartilage articulaire et d&rsquo;autres <b>maladies d\u00e9g\u00e9n\u00e9ratives<\/b> de l&rsquo;appareil locomoteur. Cette plante m\u00e9dicinale prot\u00e8ge le cartilage et peut aider \u00e0 r\u00e9duire la quantit\u00e9 d\u2019analg\u00e9siques et de m\u00e9dicaments contre les rhumatismes prescrits. Cela aide deux fois plus les personnes concern\u00e9es, car la <b>griffe du diable<\/b> est <b>exempte d&rsquo;effets secondaires.<\/b><\/p>\n<p>Artiglio Bianco est pratique et simple \u00e0 utiliser: il suffit de le masser quelques minutes et il est absorb\u00e9. Sa formule est non grasse et ne tache pas, garantissant une exp\u00e9rience sans tracas et une application propre.<\/p>\n<p><strong>Le brevet des Eaux M\u00e9dicinales<\/strong><br \/>Gr\u00e2ce au Brevet Eau Officinale, les gels Officinalis contiennent 90% d\u2019extraits actifs de plantes m\u00e9dicinales.<\/p>\n<p><strong>Comment est-ce possible?<br \/><\/strong>Le brevet des eaux officinales remplace l\u2019eau (l\u2019ingr\u00e9dient de base du cosm\u00e9tique) par de l\u2019eau officinale riche en actif naturel, apportant 50\/60% d\u2019extraits actifs en plus.<\/p>\n<p>Cela rend les gels Officinalis naturels, efficaces et imm\u00e9diats.<\/p>\n","protected":false},"excerpt":{"rendered":"<p><span style=\"color: #ff8800;\">Gel articulaire et musculaire pour chevaux et humains avec 90% d&rsquo;extraits actifs de griffe du diable.<\/span><\/p>\n","protected":false},"featured_media":66202,"template":"","meta":[],"pwb-brand":[7186],"product_brand":[7310],"product_cat":[7218,7171,7175,7172,7174,7167],"product_tag":[],"class_list":{"0":"post-66200","1":"product","2":"type-product","3":"status-publish","4":"has-post-thumbnail","6":"pwb-brand-officinalis-dalla-grana","7":"product_brand-officinalis-dalla-grana","8":"product_cat-chevaux","9":"product_cat-humain","10":"product_cat-ligne-sport","11":"product_cat-officinalis-tous-les-produits","12":"product_cat-recuperation-physique-et-bien-etre","13":"product_cat-tous","14":"pa_anwendungsbereich-bras","15":"pa_anwendungsbereich-corps","16":"pa_anwendungsbereich-cou","17":"pa_anwendungsbereich-dos","18":"pa_anwendungsbereich-epaule","19":"pa_anwendungsbereich-genou","20":"pa_anwendungsbereich-jambes","21":"pa_anwendungsbereich-pieds","22":"pa_brand-officinalis-dalla-grana","23":"pa_darreichungsform-gel","24":"pa_korperliche-erholung-wohlbef-fonction-articulaire","25":"pa_marke-officinalis-dalla-grana","26":"pa_sport-linie-anwendung-fur-fonction-articulaire","27":"pa_typ-agent-de-frottement","28":"pa_ursprungsland-italie","29":"pa_wirkung-anti-inflammatoire","30":"pa_wirkung-decongestionnant","31":"pa_z_cat2-sanitaet-sportverletzungen","33":"first","34":"instock","35":"taxable","36":"shipping-taxable","37":"purchasable","38":"product-type-simple"},"brands":[{"id":7186,"name":"Officinalis dalla Grana","slug":"officinalis-dalla-grana"}],"meta_box":{"lieferant":"Eigenlager (Da Dorana)","lieferanten_email":"","produktzusammensetzung":"","restock_quantities_galaxus":"5","galaxus_restock_time":"21","galaxus_restock_date":"","galaxus_preis":"","export":"Ja","signalwort":[],"gefahrenpiktogramm":[],"gefahrenhinweise":[]},"_links":{"self":[{"href":"https:\/\/dadorana.ch\/fr\/wp-json\/wp\/v2\/product\/66200","targetHints":{"allow":["GET"]}}],"collection":[{"href":"https:\/\/dadorana.ch\/fr\/wp-json\/wp\/v2\/product"}],"about":[{"href":"https:\/\/dadorana.ch\/fr\/wp-json\/wp\/v2\/types\/product"}],"version-history":[{"count":0,"href":"https:\/\/dadorana.ch\/fr\/wp-json\/wp\/v2\/product\/66200\/revisions"}],"wp:featuredmedia":[{"embeddable":true,"href":"https:\/\/dadorana.ch\/fr\/wp-json\/wp\/v2\/media\/66202"}],"wp:attachment":[{"href":"https:\/\/dadorana.ch\/fr\/wp-json\/wp\/v2\/media?parent=66200"}],"wp:term":[{"taxonomy":"pwb-brand","embeddable":true,"href":"https:\/\/dadorana.ch\/fr\/wp-json\/wp\/v2\/pwb-brand?post=66200"},{"taxonomy":"product_brand","embeddable":true,"href":"https:\/\/dadorana.ch\/fr\/wp-json\/wp\/v2\/product_brand?post=66200"},{"taxonomy":"product_cat","embeddable":true,"href":"https:\/\/dadorana.ch\/fr\/wp-json\/wp\/v2\/product_cat?post=66200"},{"taxonomy":"product_tag","embeddable":true,"href":"https:\/\/dadorana.ch\/fr\/wp-json\/wp\/v2\/product_tag?post=66200"}],"curies":[{"name":"wp","href":"https:\/\/api.w.org\/{rel}","templated":true}]}}