{"id":66228,"date":"2023-12-08T13:40:59","date_gmt":"2023-12-08T13:40:59","guid":{"rendered":"https:\/\/dadorana.ch\/produkt\/ultra-premium-direct-tendres-morceaux-en-gelee-poulet\/"},"modified":"2026-04-16T17:23:43","modified_gmt":"2026-04-16T15:23:43","slug":"ultra-premium-direct-tendres-morceaux-en-gelee-poulet","status":"publish","type":"product","link":"https:\/\/dadorana.ch\/fr\/produit\/ultra-premium-direct-tendres-morceaux-en-gelee-poulet\/","title":{"rendered":"Ultra Premium Direct Tendres morceaux en gel\u00e9e \u2013 Poulet"},"content":{"rendered":"<p><strong>Sachet fra\u00eecheur pour chat, pour chatons et chats adultes \u2013 sans c\u00e9r\u00e9ales<\/strong><\/p>\n<p><span style=\"color: var(--redactor2-text-color);\">Les sachets fra\u00eecheur sous forme d\u2019\u00e9minc\u00e9s en gel\u00e9e ont \u00e9t\u00e9 sp\u00e9cialement formul\u00e9s pour votre chaton. Les \u00e9minc\u00e9s sont de petite taille pour faciliter l\u2019ingestion et une meilleure assimilation par votre chaton. La gel\u00e9e permet de maintenir la fra\u00eecheur et l\u2019humidit\u00e9 des \u00e9minc\u00e9s. Cette recette convient \u00e9galement aux chats adultes et en particulier aux chats d\u00e9licats. <\/span><\/p>\n<p>Les sachets fra\u00eecheur sont fabriqu\u00e9s sans c\u00e9r\u00e9ales, sans colorants, sans conservateurs et sans ar\u00f4mes artificiels. Cette recette a \u00e9t\u00e9 \u00e9labor\u00e9e dans le but de favoriser le r\u00e9gime alimentaire naturel carnivore de votre chat tout en r\u00e9pondant \u00e0 ses besoins journaliers. Les \u00e9minc\u00e9s en gel\u00e9e sont pr\u00e9par\u00e9s \u00e0 partir d\u2019ingr\u00e9dients s\u00e9lectionn\u00e9s avec soin et nous permettent de vous proposer une recette riche en prot\u00e9ines animales et savoureuse.<\/p>\n<p>Les sachets contiennent de la taurine, un acide amin\u00e9 essentiel \u00e0 la vue et au maintien de la vitalit\u00e9 de votre chat. De l\u2019huile de saumon est \u00e9galement ajout\u00e9e pour apporter des om\u00e9gas 3 et om\u00e9gas 6.<\/p>\n<p>Cette p\u00e2t\u00e9e est un aliment complet et peut donc \u00eatre donn\u00e9e seule. Vous pouvez \u00e9galement la donner en compl\u00e9ment de la ration de croquettes journali\u00e8re de votre chat. Dans ce cas, ces conseillons d\u2019ajuster cette ration en fonction de la quantit\u00e9 de sachet fra\u00eecheur donn\u00e9e. L\u2019alimentation mixte est aujourd\u2019hui de plus en plus recommand\u00e9e par les v\u00e9t\u00e9rinaires. Les croquettes, laiss\u00e9es en libre-service, permettent \u00e0 votre chat de prendre plusieurs petits repas dans la journ\u00e9e et la p\u00e2t\u00e9e permet de varier les repas et de combler une partie de ses besoins en eau.<\/p>\n","protected":false},"excerpt":{"rendered":"<p><span style=\"color: #ff8800;\">Les \u00e9minc\u00e9s en gel\u00e9e pour chaton et chat adulte sont fabriqu\u00e9s sans c\u00e9r\u00e9ales en France, avec un maximum de poulet pour respecter la nature de votre chat et son r\u00e9gime naturel de carnivore.<\/span><\/p>\n","protected":false},"featured_media":64636,"template":"","meta":[],"pwb-brand":[7189],"product_brand":[7284],"product_cat":[7238,7273,7167],"product_tag":[],"class_list":{"0":"post-66228","1":"product","2":"type-product","3":"status-publish","4":"has-post-thumbnail","6":"pwb-brand-ultra-premium-direct-suisse","7":"product_brand-ultra-premium-direct-suisse","8":"product_cat-chats","9":"product_cat-nourriture-humide-chats","10":"product_cat-tous","11":"pa_brand-ultra-premium-direct-suisse","12":"pa_eigenschaften-perte-dappetit","13":"pa_eigenschaften-sans-ble","14":"pa_eigenschaften-sans-cereales","15":"pa_eigenschaften-sans-gluten","16":"pa_geschmack-porc","17":"pa_geschmack-poulet","18":"pa_haustier-chat","19":"pa_lebensphase-katze-adulte","20":"pa_lebensphase-katze-kitten-chatons","21":"pa_lebensphase-katze-senior","22":"pa_marke-ultra-premium-direct-de","23":"pa_ursprungsland-france","24":"pa_z_cat2-katzenfutter","26":"first","27":"instock","28":"featured","29":"taxable","30":"shipping-taxable","31":"purchasable","32":"product-type-simple"},"brands":[{"id":7189,"name":"Ultra Premium Direct","slug":"ultra-premium-direct-suisse"}],"meta_box":{"lieferant":"Eigenlager (Da Dorana)","lieferanten_email":"","produktzusammensetzung":"","restock_quantities_galaxus":"5","galaxus_restock_time":"21","galaxus_restock_date":"","galaxus_preis":"","export":"Ja","signalwort":[],"gefahrenpiktogramm":[],"gefahrenhinweise":[]},"_links":{"self":[{"href":"https:\/\/dadorana.ch\/fr\/wp-json\/wp\/v2\/product\/66228","targetHints":{"allow":["GET"]}}],"collection":[{"href":"https:\/\/dadorana.ch\/fr\/wp-json\/wp\/v2\/product"}],"about":[{"href":"https:\/\/dadorana.ch\/fr\/wp-json\/wp\/v2\/types\/product"}],"version-history":[{"count":0,"href":"https:\/\/dadorana.ch\/fr\/wp-json\/wp\/v2\/product\/66228\/revisions"}],"wp:featuredmedia":[{"embeddable":true,"href":"https:\/\/dadorana.ch\/fr\/wp-json\/wp\/v2\/media\/64636"}],"wp:attachment":[{"href":"https:\/\/dadorana.ch\/fr\/wp-json\/wp\/v2\/media?parent=66228"}],"wp:term":[{"taxonomy":"pwb-brand","embeddable":true,"href":"https:\/\/dadorana.ch\/fr\/wp-json\/wp\/v2\/pwb-brand?post=66228"},{"taxonomy":"product_brand","embeddable":true,"href":"https:\/\/dadorana.ch\/fr\/wp-json\/wp\/v2\/product_brand?post=66228"},{"taxonomy":"product_cat","embeddable":true,"href":"https:\/\/dadorana.ch\/fr\/wp-json\/wp\/v2\/product_cat?post=66228"},{"taxonomy":"product_tag","embeddable":true,"href":"https:\/\/dadorana.ch\/fr\/wp-json\/wp\/v2\/product_tag?post=66228"}],"curies":[{"name":"wp","href":"https:\/\/api.w.org\/{rel}","templated":true}]}}