{"id":66233,"date":"2023-12-13T16:52:49","date_gmt":"2023-12-13T16:52:49","guid":{"rendered":"https:\/\/dadorana.ch\/produkt\/ultra-premium-direct-pour-petite-taille-jusqua-10-kg\/"},"modified":"2026-04-27T19:18:55","modified_gmt":"2026-04-27T17:18:55","slug":"ultra-premium-direct-pour-petite-taille-jusqua-10-kg","status":"publish","type":"product","link":"https:\/\/dadorana.ch\/fr\/produit\/ultra-premium-direct-pour-petite-taille-jusqua-10-kg\/","title":{"rendered":"Ultra Premium Direct pour petits chiens jusqu&rsquo;\u00e0 10 kg"},"content":{"rendered":"<p>Ces croquettes Super Premium pour petits chiens conviennent aux chiens \u00e0 partir de 10 mois ayant un poids id\u00e9al inf\u00e9rieur \u00e0 10 kg, comme le Jack Russell Terrier, le Yorkshire Terrier, le Teckel, le Bichon Fris\u00e9 et bien d&rsquo;autres. Ces croquettes fournissent \u00e0 votre petit chien l&rsquo;\u00e9nergie et les nutriments n\u00e9cessaires \u00e0 un d\u00e9veloppement sain tout en contr\u00f4lant son poids. La taille de la croquette (9 mm) est facile \u00e0 saisir et \u00e0 m\u00e2cher.<\/p>\n<p>Les ingr\u00e9dients de cette recette ont \u00e9t\u00e9 soigneusement s\u00e9lectionn\u00e9s pour leurs propri\u00e9t\u00e9s positives. L&rsquo;algue Ascophyllum nodosum pr\u00e9vient la formation de tartre et assure une bonne haleine. L&rsquo;huile de saumon contribue \u00e0 une peau et un pelage magnifiques gr\u00e2ce \u00e0 sa teneur en om\u00e9ga-3. Les FOS et MOS stimulent le syst\u00e8me immunitaire, et les pulpes de betteraves favorisent une bonne digestion et un bon transit intestinal.<\/p>\n<p>Ces croquettes d\u00e9velopp\u00e9es par des v\u00e9t\u00e9rinaires sont riches en poulet et soutiennent l&rsquo;alimentation carnivore traditionnelle de votre chien. Elles sont sans bl\u00e9 ni gluten et ne contiennent ni ar\u00f4mes, ni colorants, ni conservateurs artificiels.<\/p>\n<p>Gr\u00e2ce au syst\u00e8me de fermeture \u00e0 zip pratique du sachet, nos croquettes se conservent au moins 6 mois apr\u00e8s ouverture. Le sachet est largement recyclable, offre des possibilit\u00e9s de stockage optimales et est facile \u00e0 ouvrir et \u00e0 fermer au quotidien.<\/p>\n","protected":false},"excerpt":{"rendered":"<p><span style=\"color: #ff8800;\">Ces croquettes super premium conviennent aux petits chiens (&lt;10 kg). Ces croquettes \u00e0 faible teneur en c\u00e9r\u00e9ales sont riches en poulet, contiennent 51,0 % d&rsquo;ingr\u00e9dients d&rsquo;origine animale et sont fabriqu\u00e9es sans bl\u00e9 ni gluten. <\/span><\/p>\n","protected":false},"featured_media":74614,"template":"","meta":[],"pwb-brand":[7189],"product_brand":[7284],"product_cat":[7155,7156,7167],"product_tag":[],"class_list":{"0":"post-66233","1":"product","2":"type-product","3":"status-publish","4":"has-post-thumbnail","6":"pwb-brand-ultra-premium-direct-suisse","7":"product_brand-ultra-premium-direct-suisse","8":"product_cat-chiens","9":"product_cat-nourriture-seche","10":"product_cat-tous","11":"pa_brand-ultra-premium-direct-suisse","12":"pa_eigenschaften-sans-ble","13":"pa_eigenschaften-sans-gluten","14":"pa_geschmack-poulet","15":"pa_groesee-de-small","16":"pa_haustier-chien-2","17":"pa_lebensphase-de-adulte","18":"pa_marke-ultra-premium-direct-de","19":"pa_ursprungsland-france","20":"pa_z_cat2-hundefutter","22":"first","23":"instock","24":"featured","25":"taxable","26":"shipping-taxable","27":"purchasable","28":"product-type-simple"},"brands":[{"id":7189,"name":"Ultra Premium Direct","slug":"ultra-premium-direct-suisse"}],"meta_box":{"lieferant":"Eigenlager (Da Dorana)","lieferanten_email":"","produktzusammensetzung":"","restock_quantities_galaxus":"5","galaxus_restock_time":"21","galaxus_restock_date":"","galaxus_preis":"","export":"Ja","signalwort":[],"gefahrenpiktogramm":[],"gefahrenhinweise":[]},"_links":{"self":[{"href":"https:\/\/dadorana.ch\/fr\/wp-json\/wp\/v2\/product\/66233","targetHints":{"allow":["GET"]}}],"collection":[{"href":"https:\/\/dadorana.ch\/fr\/wp-json\/wp\/v2\/product"}],"about":[{"href":"https:\/\/dadorana.ch\/fr\/wp-json\/wp\/v2\/types\/product"}],"version-history":[{"count":0,"href":"https:\/\/dadorana.ch\/fr\/wp-json\/wp\/v2\/product\/66233\/revisions"}],"wp:featuredmedia":[{"embeddable":true,"href":"https:\/\/dadorana.ch\/fr\/wp-json\/wp\/v2\/media\/74614"}],"wp:attachment":[{"href":"https:\/\/dadorana.ch\/fr\/wp-json\/wp\/v2\/media?parent=66233"}],"wp:term":[{"taxonomy":"pwb-brand","embeddable":true,"href":"https:\/\/dadorana.ch\/fr\/wp-json\/wp\/v2\/pwb-brand?post=66233"},{"taxonomy":"product_brand","embeddable":true,"href":"https:\/\/dadorana.ch\/fr\/wp-json\/wp\/v2\/product_brand?post=66233"},{"taxonomy":"product_cat","embeddable":true,"href":"https:\/\/dadorana.ch\/fr\/wp-json\/wp\/v2\/product_cat?post=66233"},{"taxonomy":"product_tag","embeddable":true,"href":"https:\/\/dadorana.ch\/fr\/wp-json\/wp\/v2\/product_tag?post=66233"}],"curies":[{"name":"wp","href":"https:\/\/api.w.org\/{rel}","templated":true}]}}