{"id":66284,"date":"2021-02-13T08:22:18","date_gmt":"2021-02-13T08:22:18","guid":{"rendered":"https:\/\/dadorana.ch\/produkt\/ultra-premium-direct-adulte-original-toutes-races\/"},"modified":"2026-05-08T17:47:54","modified_gmt":"2026-05-08T15:47:54","slug":"ultra-premium-direct-adulte-original-toutes-races","status":"publish","type":"product","link":"https:\/\/dadorana.ch\/fr\/produit\/ultra-premium-direct-adulte-original-toutes-races\/","title":{"rendered":"Ultra Premium Direct Adulte \u00ab\u00a0Original\u00a0\u00bb toutes races"},"content":{"rendered":"<p class=\"ai-optimize-23 ai-optimize-introduction\"><span style=\"color: var(--redactor2-text-color);\">Ces croquettes chien fabriqu\u00e9es sans c\u00e9r\u00e9ales ont \u00e9t\u00e9 sp\u00e9cialement con\u00e7ues pour \u00eatre en accord avec le r\u00e9gime ancestral naturel de votre chien. Les ingr\u00e9dients d&rsquo;origine animale sont au c\u0153ur de la recette pour lui offrir une alimentation adapt\u00e9e \u00e0 ses vrais besoins. <\/span><\/p>\n<p class=\"ai-optimize-24\"><span class=\"jCAhz ChMk0b\"><span class=\"ryNqvb\">Ces croquettes chien fabriqu\u00e9es sans c\u00e9r\u00e9ales pour chiens adultes contiennent des ingr\u00e9dients de qualit\u00e9 pour apporter tous les nutriments n\u00e9cessaires \u00e0 la vitalit\u00e9 de votre chien.<\/span><\/span> <span class=\"jCAhz ChMk0b\"><span class=\"ryNqvb\">Cette recette avec des ingr\u00e9dients de haute qualit\u00e9 lui offre une alimentation compl\u00e8te et \u00e9quilibr\u00e9e<\/span><\/span> <span class=\"jCAhz ChMk0b\"><span class=\"ryNqvb\">Le petit plus?<\/span><\/span> <span class=\"jCAhz ChMk0b\"><span class=\"ryNqvb\">Une algue, l\u2019ascophyllum nodosum, est ajout\u00e9e \u00e0 la composition des croquettes pour aider \u00e0 l&rsquo;\u00e9limination du tartre sur les dents de votre chien et prendre soin de son hygi\u00e8ne bucco-dentaire au quotidien.<\/span><\/span> <span class=\"jCAhz ChMk0b\"><span class=\"ryNqvb\">Elle est aussi enrichie en chondroitine et glucosamine pour un meilleur soutien articulaire.<\/span><\/span><\/p>\n<p class=\"ai-optimize-25\">La dimension des croquettes, 16 mm de forme carr\u00e9e, permet une bonne mastication.<\/p>\n","protected":false},"excerpt":{"rendered":"<p><span style=\"color: #ff8800;\">Les croquettes Original sans c\u00e9r\u00e9ales contiennent 65,0 % d&rsquo;ingr\u00e9dients d&rsquo;origine animale et 35,0 % de fruits, l\u00e9gumes et min\u00e9raux pour offrir \u00e0 votre chien une alimentation parfaitement adapt\u00e9e \u00e0 son alimentation naturelle.<\/span><\/p>\n","protected":false},"featured_media":66286,"template":"","meta":[],"pwb-brand":[7189],"product_brand":[7284],"product_cat":[7155,7156,7167],"product_tag":[],"class_list":{"0":"post-66284","1":"product","2":"type-product","3":"status-publish","4":"has-post-thumbnail","6":"pwb-brand-ultra-premium-direct-suisse","7":"product_brand-ultra-premium-direct-suisse","8":"product_cat-chiens","9":"product_cat-nourriture-seche","10":"product_cat-tous","11":"pa_brand-ultra-premium-direct-suisse","12":"pa_eigenschaften-actif","13":"pa_eigenschaften-sans-ble","14":"pa_eigenschaften-sans-cereales","15":"pa_eigenschaften-sans-gluten","16":"pa_geschmack-volaille","17":"pa_groesee-de-large-de","18":"pa_haustier-chien-2","19":"pa_lebensphase-de-adulte","20":"pa_marke-ultra-premium-direct-de","21":"pa_ursprungsland-france","22":"pa_z_cat2-hundefutter","23":"pa_z_product_type-trockenfutter","25":"first","26":"instock","27":"featured","28":"taxable","29":"shipping-taxable","30":"purchasable","31":"product-type-simple"},"brands":[{"id":7189,"name":"Ultra Premium Direct","slug":"ultra-premium-direct-suisse"}],"meta_box":{"lieferant":"Eigenlager (Da Dorana)","lieferanten_email":"","produktzusammensetzung":"","restock_quantities_galaxus":"5","galaxus_restock_time":"21","galaxus_restock_date":"","galaxus_preis":"","export":"Ja","signalwort":[],"gefahrenpiktogramm":[],"gefahrenhinweise":[]},"_links":{"self":[{"href":"https:\/\/dadorana.ch\/fr\/wp-json\/wp\/v2\/product\/66284","targetHints":{"allow":["GET"]}}],"collection":[{"href":"https:\/\/dadorana.ch\/fr\/wp-json\/wp\/v2\/product"}],"about":[{"href":"https:\/\/dadorana.ch\/fr\/wp-json\/wp\/v2\/types\/product"}],"version-history":[{"count":0,"href":"https:\/\/dadorana.ch\/fr\/wp-json\/wp\/v2\/product\/66284\/revisions"}],"wp:featuredmedia":[{"embeddable":true,"href":"https:\/\/dadorana.ch\/fr\/wp-json\/wp\/v2\/media\/66286"}],"wp:attachment":[{"href":"https:\/\/dadorana.ch\/fr\/wp-json\/wp\/v2\/media?parent=66284"}],"wp:term":[{"taxonomy":"pwb-brand","embeddable":true,"href":"https:\/\/dadorana.ch\/fr\/wp-json\/wp\/v2\/pwb-brand?post=66284"},{"taxonomy":"product_brand","embeddable":true,"href":"https:\/\/dadorana.ch\/fr\/wp-json\/wp\/v2\/product_brand?post=66284"},{"taxonomy":"product_cat","embeddable":true,"href":"https:\/\/dadorana.ch\/fr\/wp-json\/wp\/v2\/product_cat?post=66284"},{"taxonomy":"product_tag","embeddable":true,"href":"https:\/\/dadorana.ch\/fr\/wp-json\/wp\/v2\/product_tag?post=66284"}],"curies":[{"name":"wp","href":"https:\/\/api.w.org\/{rel}","templated":true}]}}