{"id":66297,"date":"2021-02-13T09:30:06","date_gmt":"2021-02-13T09:30:06","guid":{"rendered":"https:\/\/dadorana.ch\/produkt\/ultra-premium-direct-hypoallergenique-pour-toutes-les-races-poisson\/"},"modified":"2026-04-28T19:37:44","modified_gmt":"2026-04-28T17:37:44","slug":"ultra-premium-direct-hypoallergenique-pour-toutes-les-races-poisson","status":"publish","type":"product","link":"https:\/\/dadorana.ch\/fr\/produit\/ultra-premium-direct-hypoallergenique-pour-toutes-les-races-poisson\/","title":{"rendered":"Ultra Premium Direct Hypoallerg\u00e9nique pour toutes les races \u2013 Poisson"},"content":{"rendered":"<p>L&rsquo;alimentation s\u00e8che hypoallerg\u00e9nique Care a \u00e9t\u00e9 sp\u00e9cialement con\u00e7ue pour les chiens \u00e0 l&rsquo;estomac sensible ou souffrant d&rsquo;intol\u00e9rances alimentaires. Elle convient aux chiens qui ne tol\u00e8rent ni le poulet ni l&rsquo;agneau. Elle convient \u00e9galement \u00e0 tous les chiens pour am\u00e9liorer leur digestion.<\/p>\n<p>Cette alimentation s\u00e8che au poisson est fabriqu\u00e9e sans bl\u00e9, ma\u00efs, soja ou lactose et est \u00e9galement sans gluten. Ces ingr\u00e9dients, souvent associ\u00e9s \u00e0 des intol\u00e9rances ou des allergies alimentaires, sont exclus de notre recette afin de garantir l&rsquo;hypoallerg\u00e9nicit\u00e9. La recette est \u00e0 base de poisson, une source de prot\u00e9ines \u00e0 faible potentiel allerg\u00e8ne. La recette \u00e0 faible teneur en c\u00e9r\u00e9ales avec du riz contribue \u00e0 r\u00e9duire le risque d&rsquo;intol\u00e9rances, quelle que soit la race du chien.<\/p>\n<p>L&rsquo;alimentation s\u00e8che hypoallerg\u00e9nique est \u00e9galement exempte de colorants, d&rsquo;ar\u00f4mes et de conservateurs artificiels.<\/p>\n<p>Cette recette contient des ingr\u00e9dients de haute qualit\u00e9 avec de nombreux avantages pour votre chien. Pour am\u00e9liorer la sant\u00e9 de la peau et du pelage, notre alimentation s\u00e8che contient de l&rsquo;huile de saumon, riche en acides gras om\u00e9ga-3. Les FOS et les MOS renforcent \u00e9galement le syst\u00e8me immunitaire et digestif de votre chien. Pour pr\u00e9venir la formation de tartre et prendre soin des dents de votre chien, la recette contient des algues Ascophyllum nodosum.<\/p>\n<p>Les probl\u00e8mes digestifs r\u00e9currents tels que la diarrh\u00e9e, les rots, les vomissements, etc. ont un impact n\u00e9gatif sur la vitalit\u00e9 et le bien-\u00eatre de votre chien. Afin que votre chien reste au top de sa forme chaque jour, nous souhaitons vous proposer une alimentation s\u00e8che hypoallerg\u00e9nique de qualit\u00e9 et abordable.<\/p>\n<p>Le sachet est recyclable en grande partie, permet une conservation optimale et s&rsquo;ouvre et se ferme facilement pour un usage quotidien pratique.<\/p>\n","protected":false},"excerpt":{"rendered":"<p><span style=\"color: #ff8800;\">Cette alimentation hypoallerg\u00e9nique pour chiens au poisson est fabriqu\u00e9e \u00e0 partir d&rsquo;ingr\u00e9dients hautement digestibles et \u00e0 faible potentiel allerg\u00e8ne. Elle est particuli\u00e8rement adapt\u00e9e aux chiens ayant une digestion sensible ou des intol\u00e9rances alimentaires. <\/span><\/p>\n","protected":false},"featured_media":66303,"template":"","meta":[],"pwb-brand":[7189],"product_brand":[7284],"product_cat":[7155,7156,7167],"product_tag":[],"class_list":{"0":"post-66297","1":"product","2":"type-product","3":"status-publish","4":"has-post-thumbnail","6":"pwb-brand-ultra-premium-direct-suisse","7":"product_brand-ultra-premium-direct-suisse","8":"product_cat-chiens","9":"product_cat-nourriture-seche","10":"product_cat-tous","11":"pa_brand-ultra-premium-direct-suisse","12":"pa_eigenschaften-hypoallergenique","13":"pa_eigenschaften-perte-dappetit","14":"pa_eigenschaften-sans-ble","15":"pa_eigenschaften-sans-gluten","16":"pa_geschmack-poisson","17":"pa_groesee-de-large-de","18":"pa_groesee-de-medium-de","19":"pa_groesee-de-small","20":"pa_haustier-chien-2","21":"pa_lebensphase-de-adulte","22":"pa_lebensphase-de-senior","23":"pa_marke-ultra-premium-direct-de","24":"pa_ursprungsland-france","25":"pa_z_cat2-hundefutter","27":"first","28":"instock","29":"featured","30":"taxable","31":"shipping-taxable","32":"purchasable","33":"product-type-simple"},"brands":[{"id":7189,"name":"Ultra Premium Direct","slug":"ultra-premium-direct-suisse"}],"meta_box":{"lieferant":"Eigenlager (Da Dorana)","lieferanten_email":"","produktzusammensetzung":"","restock_quantities_galaxus":"5","galaxus_restock_time":"21","galaxus_restock_date":"","galaxus_preis":"","export":"Ja","signalwort":[],"gefahrenpiktogramm":[],"gefahrenhinweise":[]},"_links":{"self":[{"href":"https:\/\/dadorana.ch\/fr\/wp-json\/wp\/v2\/product\/66297","targetHints":{"allow":["GET"]}}],"collection":[{"href":"https:\/\/dadorana.ch\/fr\/wp-json\/wp\/v2\/product"}],"about":[{"href":"https:\/\/dadorana.ch\/fr\/wp-json\/wp\/v2\/types\/product"}],"version-history":[{"count":0,"href":"https:\/\/dadorana.ch\/fr\/wp-json\/wp\/v2\/product\/66297\/revisions"}],"wp:featuredmedia":[{"embeddable":true,"href":"https:\/\/dadorana.ch\/fr\/wp-json\/wp\/v2\/media\/66303"}],"wp:attachment":[{"href":"https:\/\/dadorana.ch\/fr\/wp-json\/wp\/v2\/media?parent=66297"}],"wp:term":[{"taxonomy":"pwb-brand","embeddable":true,"href":"https:\/\/dadorana.ch\/fr\/wp-json\/wp\/v2\/pwb-brand?post=66297"},{"taxonomy":"product_brand","embeddable":true,"href":"https:\/\/dadorana.ch\/fr\/wp-json\/wp\/v2\/product_brand?post=66297"},{"taxonomy":"product_cat","embeddable":true,"href":"https:\/\/dadorana.ch\/fr\/wp-json\/wp\/v2\/product_cat?post=66297"},{"taxonomy":"product_tag","embeddable":true,"href":"https:\/\/dadorana.ch\/fr\/wp-json\/wp\/v2\/product_tag?post=66297"}],"curies":[{"name":"wp","href":"https:\/\/api.w.org\/{rel}","templated":true}]}}