{"id":66327,"date":"2021-02-14T07:59:03","date_gmt":"2021-02-14T07:59:03","guid":{"rendered":"https:\/\/dadorana.ch\/produkt\/ultra-premium-direct-chat-adulte-sterilise-2\/"},"modified":"2026-04-15T21:44:17","modified_gmt":"2026-04-15T19:44:17","slug":"ultra-premium-direct-chat-adulte-sterilise-2","status":"publish","type":"product","link":"https:\/\/dadorana.ch\/fr\/produit\/ultra-premium-direct-chat-adulte-sterilise-2\/","title":{"rendered":"Ultra Premium Direct Chat adulte st\u00e9rilis\u00e9"},"content":{"rendered":"<p>L&rsquo;aliment sec Light pour chats castr\u00e9s et chats d&rsquo;int\u00e9rieur a \u00e9t\u00e9 sp\u00e9cialement d\u00e9velopp\u00e9 pour leur m\u00e9tabolisme sp\u00e9cifique. Les chats castr\u00e9s d\u00e9veloppent souvent de l&rsquo;app\u00e9tit malgr\u00e9 une activit\u00e9 r\u00e9duite et un besoin \u00e9nerg\u00e9tique moindre. Ils sont plus susceptibles de prendre du poids, c&rsquo;est pourquoi leur alimentation doit \u00eatre surveill\u00e9e attentivement pour \u00e9viter le surpoids et le risque de maladies associ\u00e9es. L&rsquo;aliment sec Ultra Premium Direct pour chats castr\u00e9s a une teneur limit\u00e9e en mati\u00e8res grasses (15,0 %) pour maintenir le poids id\u00e9al de votre chat.<\/p>\n<p>Cette recette contient pr\u00e8s de 60,0 % d&rsquo;ingr\u00e9dients d&rsquo;origine animale pour tenir compte du r\u00e9gime carnivore de votre chat et lui fournir une alimentation qui correspond \u00e0 ses besoins r\u00e9els.<\/p>\n<p>Cet aliment sec Light pour chat contient des ingr\u00e9dients de haute qualit\u00e9 s\u00e9lectionn\u00e9s pour le bien-\u00eatre de votre chat. Cette recette offre \u00e0 tous les chats castr\u00e9s ou en surpoids une alimentation compl\u00e8te et \u00e9quilibr\u00e9e pour assurer leur bien-\u00eatre et leur vitalit\u00e9 tout au long de leur vie.<\/p>\n<p><strong>Ces croquettes contribuent \u00e0 :<\/strong><\/p>\n<ul>\n<li>Une digestion efficace<\/li>\n<li>Une peau saine et un pelage brillant<\/li>\n<li>Une r\u00e9duction des odeurs de selles<\/li>\n<li>Un syst\u00e8me immunitaire renforc\u00e9<\/li>\n<\/ul>\n<p>Pour r\u00e9guler la prise de poids de votre chat, en plus d&rsquo;une alimentation pauvre en mati\u00e8res grasses, vous devez faire attention \u00e0 la quantit\u00e9. Les chats sont des \u00ab grignoteurs \u00bb, mais vous devez respecter la ration quotidienne indiqu\u00e9e sur le sachet de croquettes pour leur bien-\u00eatre. Nous vous recommandons de diviser la ration recommand\u00e9e en deux portions : une portion le matin et une portion le soir, et de ne pas remplir la gamelle pendant la journ\u00e9e.<\/p>\n<p>Assurez-vous que votre chat a de l&rsquo;eau propre et fra\u00eeche \u00e0 disposition.<\/p>\n<p>Le sachet est recyclable en grande partie, permet une conservation optimale et s&rsquo;ouvre et se ferme facilement pour un usage quotidien pratique.<\/p>\n","protected":false},"excerpt":{"rendered":"<p><span style=\"color: #ff8800;\">L&rsquo;aliment Light pour chat est con\u00e7u pour les chats castr\u00e9s ou les chats ayant tendance \u00e0 l&#8217;embonpoint. Cet aliment pour chat sans c\u00e9r\u00e9ales, compos\u00e9 \u00e0 60,0 % d&rsquo;ingr\u00e9dients d&rsquo;origine animale, offre \u00e0 votre chat une alimentation de haute qualit\u00e9, riche en prot\u00e9ines animales, qui correspond \u00e0 son alimentation naturelle. <\/span><\/p>\n","protected":false},"featured_media":65698,"template":"","meta":[],"pwb-brand":[7189],"product_brand":[7284],"product_cat":[7238,7230,7167],"product_tag":[],"class_list":{"0":"post-66327","1":"product","2":"type-product","3":"status-publish","4":"has-post-thumbnail","6":"pwb-brand-ultra-premium-direct-suisse","7":"product_brand-ultra-premium-direct-suisse","8":"product_cat-chats","9":"product_cat-nourriture-seche-chat","10":"product_cat-tous","11":"pa_brand-ultra-premium-direct-suisse","12":"pa_eigenschaften-sans-ble","13":"pa_eigenschaften-sans-cereales","14":"pa_eigenschaften-sans-gluten","15":"pa_eigenschaften-sterilisation-castration","16":"pa_eigenschaften-tendance-surpoids","17":"pa_geschmack-poulet","18":"pa_haustier-chat","19":"pa_lebensphase-katze-adulte","20":"pa_lebensphase-katze-senior","21":"pa_marke-ultra-premium-direct-de","22":"pa_ursprungsland-france","23":"pa_z_cat2-katzenfutter","25":"first","26":"instock","27":"featured","28":"taxable","29":"shipping-taxable","30":"purchasable","31":"product-type-simple"},"brands":[{"id":7189,"name":"Ultra Premium Direct","slug":"ultra-premium-direct-suisse"}],"meta_box":{"lieferant":"Eigenlager (Da Dorana)","lieferanten_email":"","produktzusammensetzung":"","restock_quantities_galaxus":"5","galaxus_restock_time":"21","galaxus_restock_date":"","galaxus_preis":"","export":"Ja","signalwort":[],"gefahrenpiktogramm":[],"gefahrenhinweise":[]},"_links":{"self":[{"href":"https:\/\/dadorana.ch\/fr\/wp-json\/wp\/v2\/product\/66327","targetHints":{"allow":["GET"]}}],"collection":[{"href":"https:\/\/dadorana.ch\/fr\/wp-json\/wp\/v2\/product"}],"about":[{"href":"https:\/\/dadorana.ch\/fr\/wp-json\/wp\/v2\/types\/product"}],"version-history":[{"count":0,"href":"https:\/\/dadorana.ch\/fr\/wp-json\/wp\/v2\/product\/66327\/revisions"}],"wp:featuredmedia":[{"embeddable":true,"href":"https:\/\/dadorana.ch\/fr\/wp-json\/wp\/v2\/media\/65698"}],"wp:attachment":[{"href":"https:\/\/dadorana.ch\/fr\/wp-json\/wp\/v2\/media?parent=66327"}],"wp:term":[{"taxonomy":"pwb-brand","embeddable":true,"href":"https:\/\/dadorana.ch\/fr\/wp-json\/wp\/v2\/pwb-brand?post=66327"},{"taxonomy":"product_brand","embeddable":true,"href":"https:\/\/dadorana.ch\/fr\/wp-json\/wp\/v2\/product_brand?post=66327"},{"taxonomy":"product_cat","embeddable":true,"href":"https:\/\/dadorana.ch\/fr\/wp-json\/wp\/v2\/product_cat?post=66327"},{"taxonomy":"product_tag","embeddable":true,"href":"https:\/\/dadorana.ch\/fr\/wp-json\/wp\/v2\/product_tag?post=66327"}],"curies":[{"name":"wp","href":"https:\/\/api.w.org\/{rel}","templated":true}]}}