{"id":66356,"date":"2022-09-13T19:58:21","date_gmt":"2022-09-13T19:58:21","guid":{"rendered":"https:\/\/dadorana.ch\/produkt\/batonnets-dentaires-ultra-premium-direct-pour-chiens-a-partir-de-25-kg\/"},"modified":"2026-04-16T18:12:43","modified_gmt":"2026-04-16T16:12:43","slug":"batonnets-dentaires-ultra-premium-direct-pour-chiens-a-partir-de-25-kg","status":"publish","type":"product","link":"https:\/\/dadorana.ch\/fr\/produit\/batonnets-dentaires-ultra-premium-direct-pour-chiens-a-partir-de-25-kg\/","title":{"rendered":"Ultra Premium Direct B\u00e2tonnets \u00e0 m\u00e2cher pour chiens \u00e0 partir de 25 kg"},"content":{"rendered":"<p><span style=\"color: var(--redactor2-text-color);\">Les b\u00e2tonnets \u00e0 m\u00e2cher pour chien sont con\u00e7us pour prendre soin de l\u2019hygi\u00e8ne bucco-dentaire de votre chien de petite et moyenne taille ou de grande taille tout en lui faisant plaisir au quotidien. Cette recette 100 % v\u00e9g\u00e9tale et fabriqu\u00e9e sans c\u00e9r\u00e9ales offre \u00e0 votre chien une haleine fra\u00eeche jour apr\u00e8s jour. Les chiens sont sujets \u00e0 l&rsquo;apparition de la plaque dentaire. Avec le temps, celle-ci se transforme en tartre, qui peut entra\u00eener des maladies bucco-dentaires plus ou moins graves : inflammations des gencives ou d\u00e9chaussement des dents. La prolif\u00e9ration de bact\u00e9ries dans la gueule du chien est \u00e9galement responsable de la mauvaise haleine. Les b\u00e2tonnets \u00e0 m\u00e2cher sont utilis\u00e9s pour prendre soin des dents et des gencives du chien. Administr\u00e9s quotidiennement, ils pr\u00e9viennent l&rsquo;apparition de la plaque dentaire et r\u00e9duisent sa pr\u00e9sence pour une meilleure hygi\u00e8ne bucco-dentaire jour apr\u00e8s jour. <\/span><\/p>\n<p><b>Disponibles en 2 formats pour s&rsquo;adapter \u00e0 la taille de votre chien :<\/b><\/p>\n<ul>\n<li>Chien de petite et moyenne taille (-25kg) 180 g = 7 b\u00e2tonnets<\/li>\n<li>Chien de grande taille (+25kg) 220 g = 4 b\u00e2tonnets<\/li>\n<\/ul>\n<p><b>Nos b\u00e2tonnets \u00e0 m\u00e2cher sont de v\u00e9ritables soins dentaires aux multiples bienfaits :<\/b><\/p>\n<ul>\n<li>Ils participent \u00e0 l\u2019entretien de la dentition.<\/li>\n<li>Ils aident \u00e0 r\u00e9duire le tartre.<\/li>\n<li>Ils favorisent le renfort des dents et des gencives.<\/li>\n<li>Ils contribuent \u00e0 une haleine fra\u00eeche.<\/li>\n<li>Ils sont mod\u00e9r\u00e9s en calories pour une utilisation quotidienne.<\/li>\n<\/ul>\n<p><b>Cette recette 100 % v\u00e9g\u00e9tale contient une liste d\u2019ingr\u00e9dients courte et transparente :<\/b><\/p>\n<ul>\n<li>Des fibres v\u00e9g\u00e9tales pour offrir une texture r\u00e9sistante et une mastication longue.<\/li>\n<li>De l\u2019ascophyllum nodosum, une algue efficace dans l\u2019\u00e9limination du tartre.<\/li>\n<li>De la r\u00e9glisse, du fenouil et du persil pour une digestion optimale.<\/li>\n<li>De l\u2019huile d\u2019eucalyptus pour une haleine fra\u00eeche.<\/li>\n<\/ul>\n<p>Le format des b\u00e2tonnets est con\u00e7u pour les chiens de petite et moyenne taille (poids 2-25 kg) et les chiens de grande taille (poids &gt;25 kg). Ils sont adapt\u00e9s \u00e0 la m\u00e2choire de votre chien pour offrir une efficacit\u00e9 sur l\u2019ensemble des dents et r\u00e9duire l\u2019apparition de tartre. En plus d\u2019\u00eatre un soin dentaire, les b\u00e2tonnets sont aussi une source d\u2019occupation id\u00e9ale pour le chien. Ils conviennent aux chiens st\u00e9rilis\u00e9s et aux chiots.<\/p>\n","protected":false},"excerpt":{"rendered":"<p><span style=\"color: #ff8800;\">Cette formule 100 % v\u00e9g\u00e9tale et sans c\u00e9r\u00e9ales donne \u00e0 votre chien une haleine fra\u00eeche jour apr\u00e8s jour.<\/span><\/p>\n","protected":false},"featured_media":66362,"template":"","meta":[],"pwb-brand":[7189],"product_brand":[7284],"product_cat":[7155,7651,7167],"product_tag":[],"class_list":{"0":"post-66356","1":"product","2":"type-product","3":"status-publish","4":"has-post-thumbnail","6":"pwb-brand-ultra-premium-direct-suisse","7":"product_brand-ultra-premium-direct-suisse","8":"product_cat-chiens","9":"product_cat-snacks","10":"product_cat-tous","11":"pa_brand-ultra-premium-direct-suisse","12":"pa_eigenschaften-sans-cereales","13":"pa_eigenschaften-pflegeprodukte-soins-dentaires","14":"pa_groesee-de-large-de","15":"pa_groesee-de-medium-de","16":"pa_haustier-chien-2","17":"pa_lebensphase-de-adulte","18":"pa_lebensphase-de-junior","19":"pa_lebensphase-de-senior","20":"pa_marke-ultra-premium-direct-de","21":"pa_ursprungsland-france","22":"pa_z_cat2-hundefutter","24":"first","25":"instock","26":"featured","27":"taxable","28":"shipping-taxable","29":"purchasable","30":"product-type-simple"},"brands":[{"id":7189,"name":"Ultra Premium Direct","slug":"ultra-premium-direct-suisse"}],"meta_box":{"lieferant":"Eigenlager (Da Dorana)","lieferanten_email":"","produktzusammensetzung":"","restock_quantities_galaxus":"5","galaxus_restock_time":"21","galaxus_restock_date":"","galaxus_preis":"","export":"Ja","signalwort":[],"gefahrenpiktogramm":[],"gefahrenhinweise":[]},"_links":{"self":[{"href":"https:\/\/dadorana.ch\/fr\/wp-json\/wp\/v2\/product\/66356","targetHints":{"allow":["GET"]}}],"collection":[{"href":"https:\/\/dadorana.ch\/fr\/wp-json\/wp\/v2\/product"}],"about":[{"href":"https:\/\/dadorana.ch\/fr\/wp-json\/wp\/v2\/types\/product"}],"version-history":[{"count":0,"href":"https:\/\/dadorana.ch\/fr\/wp-json\/wp\/v2\/product\/66356\/revisions"}],"wp:featuredmedia":[{"embeddable":true,"href":"https:\/\/dadorana.ch\/fr\/wp-json\/wp\/v2\/media\/66362"}],"wp:attachment":[{"href":"https:\/\/dadorana.ch\/fr\/wp-json\/wp\/v2\/media?parent=66356"}],"wp:term":[{"taxonomy":"pwb-brand","embeddable":true,"href":"https:\/\/dadorana.ch\/fr\/wp-json\/wp\/v2\/pwb-brand?post=66356"},{"taxonomy":"product_brand","embeddable":true,"href":"https:\/\/dadorana.ch\/fr\/wp-json\/wp\/v2\/product_brand?post=66356"},{"taxonomy":"product_cat","embeddable":true,"href":"https:\/\/dadorana.ch\/fr\/wp-json\/wp\/v2\/product_cat?post=66356"},{"taxonomy":"product_tag","embeddable":true,"href":"https:\/\/dadorana.ch\/fr\/wp-json\/wp\/v2\/product_tag?post=66356"}],"curies":[{"name":"wp","href":"https:\/\/api.w.org\/{rel}","templated":true}]}}