{"id":66365,"date":"2021-12-08T21:02:38","date_gmt":"2021-12-08T21:02:38","guid":{"rendered":"https:\/\/dadorana.ch\/produkt\/baume-ultra-premium-nourrissant-direct-pour-truffe-et-coussinets\/"},"modified":"2026-04-27T14:36:30","modified_gmt":"2026-04-27T12:36:30","slug":"baume-ultra-premium-nourrissant-direct-pour-truffe-et-coussinets","status":"publish","type":"product","link":"https:\/\/dadorana.ch\/fr\/produit\/baume-ultra-premium-nourrissant-direct-pour-truffe-et-coussinets\/","title":{"rendered":"Ultra Premium Direct Baume truffe &#038; coussinets"},"content":{"rendered":"<p><strong>Ultra Premium Direct Baume truffe &amp; coussinets<\/strong><\/p>\n<p>Le baume Ultra Premium Direct pour le nez et les coussinets offre un concentr\u00e9 de soin et de naturel \u00e0 votre animal. Gr\u00e2ce \u00e0 sa composition saine et transparente, il respecte la sensibilit\u00e9 des chiens et des chats, r\u00e9pare et prot\u00e8ge la peau contre les agressions ext\u00e9rieures.<\/p>\n<ul>\n<li>Fabriqu\u00e9 en France<\/li>\n<li>Pour chiens et chats<\/li>\n<li>100 % d&rsquo;origine naturelle<\/li>\n<\/ul>\n<p>Le baume Ultra Premium Direct est id\u00e9al pour prot\u00e9ger, hydrater et r\u00e9parer la truffe et les coussinets de votre chien ou de votre chat. \u00c9t\u00e9 comme hiver, il prot\u00e8ge la peau de votre animal de compagnie contre les intemp\u00e9ries et soulage les ger\u00e7ures, les crevasses et les crevasses. Ce produit nourrissant et apaisant est essentiel pour le soin quotidien de votre animal.<\/p>\n<p>Gr\u00e2ce \u00e0 ses ingr\u00e9dients d&rsquo;origine naturelle et \u00e0 sa composition saine et transparente, il puise le meilleur de la nature pour offrir un soin adapt\u00e9 \u00e0 tous les chiens et chats. Le beurre de karit\u00e9 et l&rsquo;huile de coco sont connus pour nourrir la peau en profondeur, et le concentr\u00e9 huileux de Tepezcohuite apaise durablement les zones sensibles.<\/p>\n<p>La texture douce et riche du baume permet une application facile sur les zones fragilis\u00e9es et assure une hydratation optimale de la peau.<\/p>\n<p>Le baume pour le nez et les coussinets respecte la sensibilit\u00e9 de votre animal de compagnie avec des ingr\u00e9dients 100 % naturels et une composition sans sulfate, sans parab\u00e8ne, sans huiles essentielles et sans parfum. Il pr\u00e9serve la plan\u00e8te en utilisant une grande partie d&rsquo;ingr\u00e9dients biologiques et s&rsquo;inscrit dans une d\u00e9marche de d\u00e9veloppement durable avec ses emballages recyclables et r\u00e9utilisables.<\/p>\n","protected":false},"excerpt":{"rendered":"<p><span style=\"color: #ff8800;\">Le baume ultra premium nourrissant direct pour truffe et coussinets offre un concentr\u00e9 de soin et de naturalit\u00e9 pour votre animal.<\/span><\/p>\n","protected":false},"featured_media":66367,"template":"","meta":[],"pwb-brand":[7189],"product_brand":[7284],"product_cat":[7238,7155,7272,7360,7167],"product_tag":[],"class_list":{"0":"post-66365","1":"product","2":"type-product","3":"status-publish","4":"has-post-thumbnail","6":"pwb-brand-ultra-premium-direct-suisse","7":"product_brand-ultra-premium-direct-suisse","8":"product_cat-chats","9":"product_cat-chiens","10":"product_cat-produits-de-soin-chats","11":"product_cat-produits-de-soins","12":"product_cat-tous","13":"pa_brand-ultra-premium-direct-suisse","14":"pa_eigenschaften-pflegeprodukte-soins-des-pattes","15":"pa_groesee-de-large-de","16":"pa_groesee-de-medium-de","17":"pa_groesee-de-small","18":"pa_haustier-chat","19":"pa_haustier-chien-2","20":"pa_lebensphase-de-adulte","21":"pa_lebensphase-de-junior","22":"pa_lebensphase-de-senior","23":"pa_marke-ultra-premium-direct-de","24":"pa_ursprungsland-france","25":"pa_z_cat2-pflege","27":"first","28":"instock","29":"featured","30":"taxable","31":"shipping-taxable","32":"purchasable","33":"product-type-simple"},"brands":[{"id":7189,"name":"Ultra Premium Direct","slug":"ultra-premium-direct-suisse"}],"meta_box":{"lieferant":"Eigenlager (Da Dorana)","lieferanten_email":"","produktzusammensetzung":"","restock_quantities_galaxus":"5","galaxus_restock_time":"21","galaxus_restock_date":"","galaxus_preis":"","export":"Ja","signalwort":[],"gefahrenpiktogramm":[],"gefahrenhinweise":[]},"_links":{"self":[{"href":"https:\/\/dadorana.ch\/fr\/wp-json\/wp\/v2\/product\/66365","targetHints":{"allow":["GET"]}}],"collection":[{"href":"https:\/\/dadorana.ch\/fr\/wp-json\/wp\/v2\/product"}],"about":[{"href":"https:\/\/dadorana.ch\/fr\/wp-json\/wp\/v2\/types\/product"}],"version-history":[{"count":0,"href":"https:\/\/dadorana.ch\/fr\/wp-json\/wp\/v2\/product\/66365\/revisions"}],"wp:featuredmedia":[{"embeddable":true,"href":"https:\/\/dadorana.ch\/fr\/wp-json\/wp\/v2\/media\/66367"}],"wp:attachment":[{"href":"https:\/\/dadorana.ch\/fr\/wp-json\/wp\/v2\/media?parent=66365"}],"wp:term":[{"taxonomy":"pwb-brand","embeddable":true,"href":"https:\/\/dadorana.ch\/fr\/wp-json\/wp\/v2\/pwb-brand?post=66365"},{"taxonomy":"product_brand","embeddable":true,"href":"https:\/\/dadorana.ch\/fr\/wp-json\/wp\/v2\/product_brand?post=66365"},{"taxonomy":"product_cat","embeddable":true,"href":"https:\/\/dadorana.ch\/fr\/wp-json\/wp\/v2\/product_cat?post=66365"},{"taxonomy":"product_tag","embeddable":true,"href":"https:\/\/dadorana.ch\/fr\/wp-json\/wp\/v2\/product_tag?post=66365"}],"curies":[{"name":"wp","href":"https:\/\/api.w.org\/{rel}","templated":true}]}}