{"id":66386,"date":"2023-02-20T13:50:32","date_gmt":"2023-02-20T13:50:32","guid":{"rendered":"https:\/\/dadorana.ch\/produkt\/ultra-premium-direct-pour-petites-races-adultes-sterilisees-agneau\/"},"modified":"2026-04-19T12:50:37","modified_gmt":"2026-04-19T10:50:37","slug":"ultra-premium-direct-pour-petites-races-adultes-sterilisees-agneau","status":"publish","type":"product","link":"https:\/\/dadorana.ch\/fr\/produit\/ultra-premium-direct-pour-petites-races-adultes-sterilisees-agneau\/","title":{"rendered":"Ultra Premium Direct pour petits chiens st\u00e9rilis\u00e9s \u2013 Agneau"},"content":{"rendered":"<p>Le surpoids et l&rsquo;ob\u00e9sit\u00e9 chez les chiens sont souvent dus \u00e0 une alimentation inad\u00e9quate associ\u00e9e \u00e0 un manque d&rsquo;exercice. Un chien en surpoids peut d\u00e9velopper de nombreuses maladies\u00a0: probl\u00e8mes cardiaques, articulaires et respiratoires.<\/p>\n<p>C&rsquo;est pourquoi contr\u00f4ler le poids de votre petit chien castr\u00e9 aide \u00e0 limiter l&rsquo;apparition de certaines maladies qui peuvent fortement impacter son bien-\u00eatre quotidien. Apr\u00e8s la castration, le m\u00e9tabolisme de votre chien change et il peut prendre du poids. Il est donc important d&rsquo;adapter son alimentation et sa ration.<\/p>\n<p>Gr\u00e2ce \u00e0 sa teneur \u00e9quilibr\u00e9e en mati\u00e8res grasses, notre recette contribue \u00e0 maintenir le poids id\u00e9al de votre chien.<\/p>\n<p>Elle contient de l&rsquo;agneau, une source de prot\u00e9ines hautement digestible qui contribue au maintien de la masse musculaire de votre chien. Cette recette est \u00e9galement parfaite pour les chiens ayant une digestion sensible.<\/p>\n<p>Cette recette a \u00e9t\u00e9 sp\u00e9cialement con\u00e7ue pour les petits chiens castr\u00e9s et a une taille de croquette de 9 mm, id\u00e9ale pour une mastication et une digestion plus faciles.<\/p>\n<p>Le sac de 7 kg offre une taille pratique et une conservation optimale de vos croquettes gr\u00e2ce \u00e0 la fermeture fra\u00eecheur. Le sac est majoritairement recyclable, permet une conservation optimale et offre une ouverture et une fermeture faciles pour un usage quotidien pratique.<\/p>\n","protected":false},"excerpt":{"rendered":"<p><span style=\"color: #ff8800;\">L&rsquo;alimentation s\u00e8che Super Premium pour petits chiens st\u00e9rilis\u00e9s (poids &lt;10 kg) offre \u00e0 votre chien une recette compl\u00e8te et \u00e9quilibr\u00e9e pour prendre soin de sa silhouette jour apr\u00e8s jour. La taille de la croquette de 9 mm facilite la mastication pour les petits chiens. <\/span><\/p>\n","protected":false},"featured_media":66388,"template":"","meta":[],"pwb-brand":[7189],"product_brand":[7284],"product_cat":[7155,7156,7167],"product_tag":[],"class_list":{"0":"post-66386","1":"product","2":"type-product","3":"status-publish","4":"has-post-thumbnail","6":"pwb-brand-ultra-premium-direct-suisse","7":"product_brand-ultra-premium-direct-suisse","8":"product_cat-chiens","9":"product_cat-nourriture-seche","10":"product_cat-tous","11":"pa_brand-ultra-premium-direct-suisse","12":"pa_eigenschaften-light-leger","13":"pa_eigenschaften-sans-ble","14":"pa_eigenschaften-sans-gluten","15":"pa_geschmack-agneau","16":"pa_geschmack-porc","17":"pa_groesee-de-small","18":"pa_haustier-chien-2","19":"pa_lebensphase-de-adulte","20":"pa_lebensphase-de-senior","21":"pa_marke-ultra-premium-direct-de","22":"pa_ursprungsland-france","23":"pa_z_cat2-hundefutter","25":"first","26":"instock","27":"featured","28":"taxable","29":"shipping-taxable","30":"purchasable","31":"product-type-simple"},"brands":[{"id":7189,"name":"Ultra Premium Direct","slug":"ultra-premium-direct-suisse"}],"meta_box":{"lieferant":"Eigenlager (Da Dorana)","lieferanten_email":"","produktzusammensetzung":"","restock_quantities_galaxus":"5","galaxus_restock_time":"21","galaxus_restock_date":"","galaxus_preis":"","export":"Ja","signalwort":[],"gefahrenpiktogramm":[],"gefahrenhinweise":[]},"_links":{"self":[{"href":"https:\/\/dadorana.ch\/fr\/wp-json\/wp\/v2\/product\/66386","targetHints":{"allow":["GET"]}}],"collection":[{"href":"https:\/\/dadorana.ch\/fr\/wp-json\/wp\/v2\/product"}],"about":[{"href":"https:\/\/dadorana.ch\/fr\/wp-json\/wp\/v2\/types\/product"}],"version-history":[{"count":0,"href":"https:\/\/dadorana.ch\/fr\/wp-json\/wp\/v2\/product\/66386\/revisions"}],"wp:featuredmedia":[{"embeddable":true,"href":"https:\/\/dadorana.ch\/fr\/wp-json\/wp\/v2\/media\/66388"}],"wp:attachment":[{"href":"https:\/\/dadorana.ch\/fr\/wp-json\/wp\/v2\/media?parent=66386"}],"wp:term":[{"taxonomy":"pwb-brand","embeddable":true,"href":"https:\/\/dadorana.ch\/fr\/wp-json\/wp\/v2\/pwb-brand?post=66386"},{"taxonomy":"product_brand","embeddable":true,"href":"https:\/\/dadorana.ch\/fr\/wp-json\/wp\/v2\/product_brand?post=66386"},{"taxonomy":"product_cat","embeddable":true,"href":"https:\/\/dadorana.ch\/fr\/wp-json\/wp\/v2\/product_cat?post=66386"},{"taxonomy":"product_tag","embeddable":true,"href":"https:\/\/dadorana.ch\/fr\/wp-json\/wp\/v2\/product_tag?post=66386"}],"curies":[{"name":"wp","href":"https:\/\/api.w.org\/{rel}","templated":true}]}}