{"id":66399,"date":"2023-03-22T15:47:18","date_gmt":"2023-03-22T15:47:18","guid":{"rendered":"https:\/\/dadorana.ch\/produkt\/vet-expert-ear-cleanser-nettoyant-pour-les-oreilles\/"},"modified":"2026-04-20T19:55:05","modified_gmt":"2026-04-20T17:55:05","slug":"vet-expert-ear-cleanser-nettoyant-pour-les-oreilles","status":"publish","type":"product","link":"https:\/\/dadorana.ch\/fr\/produit\/vet-expert-ear-cleanser-nettoyant-pour-les-oreilles\/","title":{"rendered":"Vet Expert Ear Cleanser \/ Nettoyant pour les oreilles"},"content":{"rendered":"<p>Le liquide de nettoyage et de soin des oreilles Ear Cleanser pour chiens et chats aide \u00e0 maintenir une bonne hygi\u00e8ne du conduit auditif et de l&rsquo;oreillette de l&rsquo;animal. Nettoie et soigne efficacement les oreilles des chiens et des chats, en \u00e9liminant en douceur le c\u00e9rumen r\u00e9siduel et en emp\u00eachant la croissance des bact\u00e9ries. Il hydrate et prot\u00e8ge des irritations. Gr\u00e2ce \u00e0 sa formule sp\u00e9cialis\u00e9e, il poss\u00e8de des propri\u00e9t\u00e9s antiseptiques.<\/p>\n<p>Le produit est recommand\u00e9 pour le soin des oreilles des chiens et des chats de tous \u00e2ges et races, particuli\u00e8rement recommand\u00e9 pour les chiens aux oreilles longues, comme les Cavaliers ou les Cocker Spaniels.<\/p>\n<p><strong>Pourquoi un nettoyant pour les oreilles ?<\/strong><\/p>\n<ul>\n<li>aide \u00e0 l&rsquo;hygi\u00e8ne des oreilles<\/li>\n<li>c&rsquo;est s\u00fbr \u2013 n&rsquo;irrite pas<\/li>\n<li>emp\u00eache la croissance des bact\u00e9ries<\/li>\n<\/ul>\n<p><strong>ATTENTION ! <\/strong>Si vous remarquez une odeur d\u00e9sagr\u00e9able provenant de l&rsquo;oreille de votre animal, consultez votre v\u00e9t\u00e9rinaire. Vous souffrez peut-\u00eatre d\u2019une inflammation bact\u00e9rienne du conduit auditif externe, qui est l\u2019une des affections canines les plus courantes. Si elle n&rsquo;est pas trait\u00e9e, elle peut entra\u00eener une infection d&rsquo;autres parties de l&rsquo;oreille. Dans une telle situation, votre v\u00e9t\u00e9rinaire peut recommander l&rsquo;utilisation de produits d&rsquo;hygi\u00e8ne auriculaire, tels que Otiflush ou Otihelp de Vet Expert.<\/p>\n<hr \/>\n<p><b>Le nettoyant auriculaire pour nettoyer et prendre soin des oreilles des chiens et des chats contient:<\/b><\/p>\n<ul>\n<li><b>L&rsquo;allantoine<\/b> est une substance biologiquement active, apaisante et r\u00e9g\u00e9n\u00e9rante, aux propri\u00e9t\u00e9s dissolvantes.<\/li>\n<\/ul>\n<ul>\n<li><b>La glyc\u00e9rine<\/b> est une substance hautement hydratante qui p\u00e9n\u00e8tre dans la couche corn\u00e9e.<\/li>\n<\/ul>\n<ul>\n<li><b>L&rsquo;acide lactique<\/b> est une substance hydratante qui facilite l&rsquo;exfoliation des \u00e9pidermes morts.<\/li>\n<\/ul>\n<ul>\n<li><b>L&rsquo;acide hyaluronique<\/b> est un composant qui fixe l&rsquo;eau \u00e0 la surface de l&rsquo;\u00e9piderme et maintient l&rsquo;hydratation naturelle.<\/li>\n<\/ul>\n<ul>\n<li><b>L&rsquo;extrait d&rsquo;alo\u00e8s<\/b> a un fort effet hydratant, soutient le processus de gu\u00e9rison et soulage l&rsquo;inflammation.<\/li>\n<\/ul>\n<ul>\n<li><b>L&rsquo;huile d&rsquo;arbre <\/b>\u00e0 th\u00e9 est une substance aux propri\u00e9t\u00e9s antibact\u00e9riennes.<\/li>\n<\/ul>\n<ul>\n<li><b>Extrait de menthe<\/b> aux propri\u00e9t\u00e9s raffermissantes, responsable de la bonne hydratation de la peau.<\/li>\n<\/ul>\n<ul>\n<li><b>L&rsquo;acide salicylique<\/b> est une substance \u00e0 effet k\u00e9ratolytique (desquamation de l&rsquo;\u00e9piderme). Il r\u00e9duit le nombre de micro-organismes et de champignons, ce qui contribue \u00e0 r\u00e9duire l\u2019inflammation.<\/li>\n<\/ul>\n<hr \/>\n<p><b>Mode d&#8217;emploi :<\/b><\/p>\n<ol>\n<li>Ouvrez l&rsquo;oreille externe de l&rsquo;animal.<\/li>\n<li>Appliquez le<b> nettoyant pour les oreilles<\/b> \u00e0 l\u2019int\u00e9rieur.<\/li>\n<li>Massez doucement la base de l&rsquo;oreillette.<\/li>\n<li>Utilisez du coton ou de la gaze pour r\u00e9cup\u00e9rer l&rsquo;exc\u00e8s de c\u00e9rumen.<\/li>\n<\/ol>\n<p><b>Attention :<\/b><\/p>\n<ul>\n<li>N&rsquo;utilisez pas de cotons-tiges pour nettoyer les oreilles des chiens et des chats!<\/li>\n<li>Les conduits auditifs des animaux ont une structure diff\u00e9rente de celle des conduits auditifs humains, vous pouvez les endommager.<\/li>\n<\/ul>\n<p><b>Avertissements:<\/b><\/p>\n<ul>\n<li>\u00c0 utiliser uniquement sur les animaux.<\/li>\n<li>Tenir hors de port\u00e9e des enfants et des animaux.<\/li>\n<li>Ranger \u00e0 temp\u00e9rature ambiante.<\/li>\n<\/ul>\n","protected":false},"excerpt":{"rendered":"<p><span style=\"color: #ff0000;\"><strong>Date de durabilit\u00e9 minimale : 06\/2026<\/strong><\/span><\/p>\n","protected":false},"featured_media":66401,"template":"","meta":[],"pwb-brand":[7190],"product_brand":[7307],"product_cat":[7155,7238,7157,7360,7272,7167],"product_tag":[],"class_list":{"0":"post-66399","1":"product","2":"type-product","3":"status-publish","4":"has-post-thumbnail","6":"pwb-brand-vet-expert","7":"product_brand-vet-expert","8":"product_cat-chiens","9":"product_cat-chats","10":"product_cat-offres","11":"product_cat-produits-de-soins","12":"product_cat-produits-de-soin-chats","13":"product_cat-tous","14":"pa_brand-vet-expert","15":"pa_eigenschaften-pflegeprodukte-soins-des-oreilles","16":"pa_groesee-de-large-de","17":"pa_groesee-de-medium-de","18":"pa_groesee-de-small","19":"pa_haustier-chat","20":"pa_haustier-chien-2","21":"pa_lebensphase-de-adulte","22":"pa_lebensphase-de-junior","23":"pa_lebensphase-de-senior","24":"pa_lebensphase-katze-adulte","25":"pa_lebensphase-katze-kitten-chatons","26":"pa_lebensphase-katze-senior","27":"pa_marke-vet-expert","28":"pa_ursprungsland-pologne","29":"pa_z_cat2-pflege","31":"first","32":"instock","33":"sale","34":"taxable","35":"shipping-taxable","36":"purchasable","37":"product-type-simple"},"brands":[{"id":7190,"name":"Vet Expert","slug":"vet-expert"}],"meta_box":{"lieferant":"","lieferanten_email":"","produktzusammensetzung":"","restock_quantities_galaxus":"5","galaxus_restock_time":"21","galaxus_restock_date":"","galaxus_preis":"","export":"Ja","signalwort":[],"gefahrenpiktogramm":[],"gefahrenhinweise":[],"url_sicherheitdsdatenblatt":""},"_links":{"self":[{"href":"https:\/\/dadorana.ch\/fr\/wp-json\/wp\/v2\/product\/66399","targetHints":{"allow":["GET"]}}],"collection":[{"href":"https:\/\/dadorana.ch\/fr\/wp-json\/wp\/v2\/product"}],"about":[{"href":"https:\/\/dadorana.ch\/fr\/wp-json\/wp\/v2\/types\/product"}],"version-history":[{"count":0,"href":"https:\/\/dadorana.ch\/fr\/wp-json\/wp\/v2\/product\/66399\/revisions"}],"wp:featuredmedia":[{"embeddable":true,"href":"https:\/\/dadorana.ch\/fr\/wp-json\/wp\/v2\/media\/66401"}],"wp:attachment":[{"href":"https:\/\/dadorana.ch\/fr\/wp-json\/wp\/v2\/media?parent=66399"}],"wp:term":[{"taxonomy":"pwb-brand","embeddable":true,"href":"https:\/\/dadorana.ch\/fr\/wp-json\/wp\/v2\/pwb-brand?post=66399"},{"taxonomy":"product_brand","embeddable":true,"href":"https:\/\/dadorana.ch\/fr\/wp-json\/wp\/v2\/product_brand?post=66399"},{"taxonomy":"product_cat","embeddable":true,"href":"https:\/\/dadorana.ch\/fr\/wp-json\/wp\/v2\/product_cat?post=66399"},{"taxonomy":"product_tag","embeddable":true,"href":"https:\/\/dadorana.ch\/fr\/wp-json\/wp\/v2\/product_tag?post=66399"}],"curies":[{"name":"wp","href":"https:\/\/api.w.org\/{rel}","templated":true}]}}