{"id":66400,"date":"2023-07-07T13:18:43","date_gmt":"2023-07-07T13:18:43","guid":{"rendered":"https:\/\/dadorana.ch\/produkt\/ultra-premium-direct-chat-adulte-sterilise-voies-urinaires\/"},"modified":"2026-04-21T03:49:36","modified_gmt":"2026-04-21T01:49:36","slug":"ultra-premium-direct-chat-adulte-sterilise-voies-urinaires","status":"publish","type":"product","link":"https:\/\/dadorana.ch\/fr\/produit\/ultra-premium-direct-chat-adulte-sterilise-voies-urinaires\/","title":{"rendered":"Ultra Premium Direct chat adulte st\u00e9rilis\u00e9 \u2013 voies urinaires"},"content":{"rendered":"<p>Votre chat peut \u00eatre sujet \u00e0 divers probl\u00e8mes urinaires, comme la formation de calculs. Le syst\u00e8me urinaire d&rsquo;un chat est sensible et peut affecter son bien-\u00eatre quotidien.<\/p>\n<p>De nombreuses causes peuvent pr\u00e9disposer nos chats \u00e0 ces probl\u00e8mes\u00a0: la castration, le manque d&rsquo;exercice, le surpoids et l&rsquo;\u00e2ge. Une alimentation adapt\u00e9e est essentielle pour pr\u00e9venir l&rsquo;apparition de ces probl\u00e8mes ou le risque de r\u00e9cidive.<\/p>\n<p>Cette recette pour chats castr\u00e9s \u2013 syst\u00e8me urinaire r\u00e9pond aux besoins sp\u00e9cifiques des chats castr\u00e9s et convient \u00e9galement aux chats plus \u00e2g\u00e9s gr\u00e2ce \u00e0 son apport \u00e9quilibr\u00e9 en nutriments.<\/p>\n<p><strong>Elle contribue \u00e0 :<\/strong><\/p>\n<ul>\n<li>Maintien du poids id\u00e9al de votre chat gr\u00e2ce \u00e0 un apport calorique mod\u00e9r\u00e9, id\u00e9al pour les chats castr\u00e9s ou inactifs.<\/li>\n<li>Contr\u00f4le du pH urinaire avec une concentration min\u00e9rale appropri\u00e9e (calcium, phosphore, magn\u00e9sium).<\/li>\n<li>Une teneur \u00e9quilibr\u00e9e en prot\u00e9ines contribue au bien-\u00eatre des voies urinaires.<\/li>\n<li>Digestibilit\u00e9 am\u00e9lior\u00e9e et recette particuli\u00e8rement savoureuse gr\u00e2ce au poulet frais, qui fournit des prot\u00e9ines de haute qualit\u00e9.<\/li>\n<\/ul>\n<p>Ces croquettes ne sont pas un traitement v\u00e9t\u00e9rinaire, mais contribuent au maintien d&rsquo;un syst\u00e8me urinaire sain.<\/p>\n<p>Le sac est largement recyclable, permet une conservation optimale et s&rsquo;ouvre et se ferme facilement pour un usage quotidien pratique.<\/p>\n","protected":false},"excerpt":{"rendered":"<p><span style=\"color: #ff8800;\">L&rsquo;alimentation Care pour chat a \u00e9t\u00e9 d\u00e9velopp\u00e9e pour la sant\u00e9 des voies urinaires de votre chat. Cette recette au poulet frais offre un apport calorique mod\u00e9r\u00e9 et contient des ingr\u00e9dients reconnus pour leurs propri\u00e9t\u00e9s b\u00e9n\u00e9fiques. <\/span><\/p>\n","protected":false},"featured_media":66402,"template":"","meta":[],"pwb-brand":[7189],"product_brand":[7284],"product_cat":[7238,7230,7167],"product_tag":[],"class_list":{"0":"post-66400","1":"product","2":"type-product","3":"status-publish","4":"has-post-thumbnail","6":"pwb-brand-ultra-premium-direct-suisse","7":"product_brand-ultra-premium-direct-suisse","8":"product_cat-chats","9":"product_cat-nourriture-seche-chat","10":"product_cat-tous","11":"pa_brand-ultra-premium-direct-suisse","12":"pa_eigenschaften-sans-ble","13":"pa_eigenschaften-sans-cereales","14":"pa_eigenschaften-sans-gluten","15":"pa_eigenschaften-urinary","16":"pa_geschmack-poulet","17":"pa_haustier-chat","18":"pa_lebensphase-katze-adulte","19":"pa_lebensphase-katze-senior","20":"pa_marke-ultra-premium-direct-de","21":"pa_ursprungsland-france","22":"pa_z_cat2-katzenfutter","24":"first","25":"instock","26":"featured","27":"taxable","28":"shipping-taxable","29":"purchasable","30":"product-type-simple"},"brands":[{"id":7189,"name":"Ultra Premium Direct","slug":"ultra-premium-direct-suisse"}],"meta_box":{"lieferant":"Eigenlager (Da Dorana)","lieferanten_email":"","produktzusammensetzung":"","restock_quantities_galaxus":"5","galaxus_restock_time":"21","galaxus_restock_date":"","galaxus_preis":"","export":"Ja","signalwort":[],"gefahrenpiktogramm":[],"gefahrenhinweise":[],"url_sicherheitdsdatenblatt":""},"_links":{"self":[{"href":"https:\/\/dadorana.ch\/fr\/wp-json\/wp\/v2\/product\/66400","targetHints":{"allow":["GET"]}}],"collection":[{"href":"https:\/\/dadorana.ch\/fr\/wp-json\/wp\/v2\/product"}],"about":[{"href":"https:\/\/dadorana.ch\/fr\/wp-json\/wp\/v2\/types\/product"}],"version-history":[{"count":0,"href":"https:\/\/dadorana.ch\/fr\/wp-json\/wp\/v2\/product\/66400\/revisions"}],"wp:featuredmedia":[{"embeddable":true,"href":"https:\/\/dadorana.ch\/fr\/wp-json\/wp\/v2\/media\/66402"}],"wp:attachment":[{"href":"https:\/\/dadorana.ch\/fr\/wp-json\/wp\/v2\/media?parent=66400"}],"wp:term":[{"taxonomy":"pwb-brand","embeddable":true,"href":"https:\/\/dadorana.ch\/fr\/wp-json\/wp\/v2\/pwb-brand?post=66400"},{"taxonomy":"product_brand","embeddable":true,"href":"https:\/\/dadorana.ch\/fr\/wp-json\/wp\/v2\/product_brand?post=66400"},{"taxonomy":"product_cat","embeddable":true,"href":"https:\/\/dadorana.ch\/fr\/wp-json\/wp\/v2\/product_cat?post=66400"},{"taxonomy":"product_tag","embeddable":true,"href":"https:\/\/dadorana.ch\/fr\/wp-json\/wp\/v2\/product_tag?post=66400"}],"curies":[{"name":"wp","href":"https:\/\/api.w.org\/{rel}","templated":true}]}}