{"id":66411,"date":"2023-04-15T09:23:51","date_gmt":"2023-04-15T09:23:51","guid":{"rendered":"https:\/\/dadorana.ch\/produkt\/vet-expert-paw-protection-soin-des-pattes\/"},"modified":"2026-04-18T04:28:55","modified_gmt":"2026-04-18T02:28:55","slug":"vet-expert-paw-protection-soin-des-pattes","status":"publish","type":"product","link":"https:\/\/dadorana.ch\/fr\/produit\/vet-expert-paw-protection-soin-des-pattes\/","title":{"rendered":"Vet Expert Paw Protection \/ Soin des pattes"},"content":{"rendered":"<p>La pommade de soin et de protection Paw Protection pour chiens et chats est une pr\u00e9paration \u00e0 la composition la plus riche du march\u00e9, con\u00e7ue pour prendre soin des coussinets d\u00e9licats des pattes de l&rsquo;animal. Il prot\u00e8ge les coussinets lors des promenades dans des conditions m\u00e9t\u00e9orologiques difficiles (par exemple, gel ou chaleur) et environnementales (par exemple, pr\u00e9sence de gravier ou de sel dans le sol). Gr\u00e2ce \u00e0 sa teneur en huile d&rsquo;arbre \u00e0 th\u00e9, le baume a un go\u00fbt amer qui emp\u00eache votre chien de le l\u00e9cher et peut \u00e9galement \u00eatre utilis\u00e9 pour \u00e9liminer le l\u00e9chage ou le mordillement habituel du pelage.<\/p>\n<p><strong>Pourquoi une protection des pattes?<\/strong><\/p>\n<ul>\n<li>lubrifie et hydrate les coussinets des pattes, aidant \u00e0 augmenter l&rsquo;\u00e9lasticit\u00e9 de la peau et \u00e0 la prot\u00e9ger du dess\u00e8chement<\/li>\n<li>laisse une couche de protection contre les effets n\u00e9fastes de l\u2019environnement<\/li>\n<li>aide \u00e0 apaiser les irritations et soutient le processus de r\u00e9g\u00e9n\u00e9ration et de gu\u00e9rison<\/li>\n<li>la pr\u00e9sence de nanoargent conf\u00e8re au produit des propri\u00e9t\u00e9s d\u00e9sinfectantes et contribue \u00e0 limiter la croissance des micro-organismes<\/li>\n<\/ul>\n<p><span style=\"color: var(--redactor2-text-color);\">Paw Protection a une composition riche et une action multidirectionnelle. Les ingr\u00e9dients contenus dans la pommade Paw Protection soutiennent le soin et la protection du bout des doigts sensibles. <\/span><\/p>\n","protected":false},"excerpt":{"rendered":"<p>La pommade de soin et de protection Paw Protection pour chiens et chats est une pr\u00e9paration \u00e0 la composition la<\/p>\n","protected":false},"featured_media":66416,"template":"","meta":[],"pwb-brand":[7190],"product_brand":[7307],"product_cat":[7155,7238,7360,7272,7167],"product_tag":[],"class_list":{"0":"post-66411","1":"product","2":"type-product","3":"status-publish","4":"has-post-thumbnail","6":"pwb-brand-vet-expert","7":"product_brand-vet-expert","8":"product_cat-chiens","9":"product_cat-chats","10":"product_cat-produits-de-soins","11":"product_cat-produits-de-soin-chats","12":"product_cat-tous","13":"pa_brand-vet-expert","14":"pa_eigenschaften-pflegeprodukte-soins-des-pattes","15":"pa_groesee-de-large-de","16":"pa_groesee-de-medium-de","17":"pa_groesee-de-small","18":"pa_haustier-chat","19":"pa_haustier-chien-2","20":"pa_lebensphase-de-adulte","21":"pa_lebensphase-de-junior","22":"pa_lebensphase-de-senior","23":"pa_lebensphase-katze-adulte","24":"pa_lebensphase-katze-kitten-chatons","25":"pa_lebensphase-katze-senior","26":"pa_marke-vet-expert","27":"pa_ursprungsland-pologne","28":"pa_z_cat2-pflege","30":"first","31":"instock","32":"taxable","33":"shipping-taxable","34":"purchasable","35":"product-type-simple"},"brands":[{"id":7190,"name":"Vet Expert","slug":"vet-expert"}],"meta_box":{"lieferant":"Eigenlager (Da Dorana)","lieferanten_email":"","produktzusammensetzung":"","restock_quantities_galaxus":"5","galaxus_restock_time":"21","galaxus_restock_date":"","galaxus_preis":"","export":"Ja","signalwort":[],"gefahrenpiktogramm":[],"gefahrenhinweise":[]},"_links":{"self":[{"href":"https:\/\/dadorana.ch\/fr\/wp-json\/wp\/v2\/product\/66411","targetHints":{"allow":["GET"]}}],"collection":[{"href":"https:\/\/dadorana.ch\/fr\/wp-json\/wp\/v2\/product"}],"about":[{"href":"https:\/\/dadorana.ch\/fr\/wp-json\/wp\/v2\/types\/product"}],"version-history":[{"count":0,"href":"https:\/\/dadorana.ch\/fr\/wp-json\/wp\/v2\/product\/66411\/revisions"}],"wp:featuredmedia":[{"embeddable":true,"href":"https:\/\/dadorana.ch\/fr\/wp-json\/wp\/v2\/media\/66416"}],"wp:attachment":[{"href":"https:\/\/dadorana.ch\/fr\/wp-json\/wp\/v2\/media?parent=66411"}],"wp:term":[{"taxonomy":"pwb-brand","embeddable":true,"href":"https:\/\/dadorana.ch\/fr\/wp-json\/wp\/v2\/pwb-brand?post=66411"},{"taxonomy":"product_brand","embeddable":true,"href":"https:\/\/dadorana.ch\/fr\/wp-json\/wp\/v2\/product_brand?post=66411"},{"taxonomy":"product_cat","embeddable":true,"href":"https:\/\/dadorana.ch\/fr\/wp-json\/wp\/v2\/product_cat?post=66411"},{"taxonomy":"product_tag","embeddable":true,"href":"https:\/\/dadorana.ch\/fr\/wp-json\/wp\/v2\/product_tag?post=66411"}],"curies":[{"name":"wp","href":"https:\/\/api.w.org\/{rel}","templated":true}]}}