{"id":66429,"date":"2023-04-15T13:42:40","date_gmt":"2023-04-15T13:42:40","guid":{"rendered":"https:\/\/dadorana.ch\/produkt\/vet-expert-otihelp-ear-lotion-lotion-pour-les-oreilles\/"},"modified":"2026-04-16T01:54:18","modified_gmt":"2026-04-15T23:54:18","slug":"vet-expert-otihelp-ear-lotion-lotion-pour-les-oreilles","status":"publish","type":"product","link":"https:\/\/dadorana.ch\/fr\/produit\/vet-expert-otihelp-ear-lotion-lotion-pour-les-oreilles\/","title":{"rendered":"Vet Expert OtiHelp Ear Lotion \/ Lotion pour les oreilles"},"content":{"rendered":"<p>La lotion auriculaire OtiHelp est un produit id\u00e9al pour les chiens et les chats, con\u00e7u pour maintenir et restaurer le bon fonctionnement des conduits auditifs. Son pH optimal de 5 et sa teneur en chlorhexidine offrent un soutien antibact\u00e9rien et antifongique, ind\u00e9pendamment du contexte, en cas d&rsquo;infections bact\u00e9riennes et fongiques.<\/p>\n<p><b>Pourquoi la lotion pour les oreilles OtiHelp?<\/b><\/p>\n<ul>\n<li>assure une bonne hygi\u00e8ne des oreilles<\/li>\n<li>apaise les effets des infections cutan\u00e9es<\/li>\n<li>a un effet nourrissant, soutenant la barri\u00e8re naturelle de la peau de l&rsquo;oreille<\/li>\n<\/ul>\n<hr \/>\n<p><span style=\"color: var(--redactor2-text-color);\">Le pH optimal de 5 et la teneur en chlorhexidine de la pr\u00e9paration OtiHelp ont des propri\u00e9t\u00e9s antibact\u00e9riennes et antifongiques. La pr\u00e9paration n\u2019entra\u00eene pas d\u2019augmentation de la r\u00e9sistance bact\u00e9rienne. <\/span><\/p>\n<p><b>Composition :<\/b> Chlorhexidine, panth\u00e9nol, allantoine, ur\u00e9e<\/p>\n<ul>\n<li><b>Panth\u00e9nol<\/b> \u2013 une substance hydratante qui joue un r\u00f4le important dans la r\u00e9g\u00e9n\u00e9ration de la peau, favorisant la cicatrisation des plaies et apaisant les irritations.<\/li>\n<\/ul>\n<ul>\n<li><b>Chlorhexidine<\/b> \u2013 une substance bact\u00e9ricide et bact\u00e9riostatique. Aide efficacement \u00e0 apaiser les irritations et les inflammations cutan\u00e9es.<\/li>\n<\/ul>\n<ul>\n<li><b>Allantoine<\/b> \u2013 une substance biologiquement active qui a un effet apaisant et r\u00e9g\u00e9n\u00e9rant, stimulant la division et la croissance cellulaire. Il hydrate la peau.<\/li>\n<\/ul>\n<ul>\n<li><b>Ur\u00e9e<\/b> \u2013 une substance hydratante qui affecte indirectement les processus de r\u00e9g\u00e9n\u00e9ration de l&rsquo;\u00e9piderme. Il a un effet bact\u00e9riostatique.<\/li>\n<\/ul>\n<hr \/>\n<p><b style=\"color: var(--redactor2-text-color);\">Mode d&#8217;emploi :<\/b><\/p>\n<ol>\n<li>Ouvrez l&rsquo;oreille externe de l&rsquo;animal.<\/li>\n<li>Appliquez la <b>lotion auriculaire OtiHelp<\/b> \u00e0 l\u2019int\u00e9rieur.<\/li>\n<li>Massez doucement la base de l&rsquo;oreillette.<\/li>\n<li>Utilisez du coton ou de la gaze pour r\u00e9cup\u00e9rer l&rsquo;exc\u00e8s de c\u00e9rumen.<\/li>\n<\/ol>\n<p><b>Attention :<\/b><\/p>\n<ul>\n<li>N&rsquo;utilisez pas de cotons-tiges pour nettoyer les oreilles des chiens et des chats!<\/li>\n<li>Les conduits auditifs des animaux ont une structure diff\u00e9rente de celle des conduits auditifs humains, vous pouvez les endommager.<\/li>\n<\/ul>\n<p><b>Avertissements :<\/b><\/p>\n<ul>\n<li>\u00c0 utiliser uniquement sur les animaux.<\/li>\n<li>Tenir hors de port\u00e9e des enfants et des animaux.<\/li>\n<li>Ranger \u00e0 temp\u00e9rature ambiante.<\/li>\n<\/ul>\n","protected":false},"excerpt":{"rendered":"<p><span style=\"color: #ff0000;\"><strong>DDM : 04\/2026<\/strong><\/span><\/p>\n","protected":false},"featured_media":66432,"template":"","meta":[],"pwb-brand":[7190],"product_brand":[7307],"product_cat":[7238,7155,7157,7360,7272,7167],"product_tag":[],"class_list":{"0":"post-66429","1":"product","2":"type-product","3":"status-publish","4":"has-post-thumbnail","6":"pwb-brand-vet-expert","7":"product_brand-vet-expert","8":"product_cat-chats","9":"product_cat-chiens","10":"product_cat-offres","11":"product_cat-produits-de-soins","12":"product_cat-produits-de-soin-chats","13":"product_cat-tous","14":"pa_brand-vet-expert","15":"pa_eigenschaften-pflegeprodukte-soins-des-oreilles","16":"pa_groesee-de-large-de","17":"pa_groesee-de-medium-de","18":"pa_groesee-de-small","19":"pa_haustier-chat","20":"pa_haustier-chien-2","21":"pa_lebensphase-de-adulte","22":"pa_lebensphase-de-junior","23":"pa_lebensphase-de-senior","24":"pa_marke-vet-expert","25":"pa_ursprungsland-pologne","26":"pa_z_cat2-pflege","28":"first","29":"instock","30":"sale","31":"taxable","32":"shipping-taxable","33":"purchasable","34":"product-type-simple"},"brands":[{"id":7190,"name":"Vet Expert","slug":"vet-expert"}],"meta_box":{"lieferant":"","lieferanten_email":"","produktzusammensetzung":"","restock_quantities_galaxus":"5","galaxus_restock_time":"21","galaxus_restock_date":"","galaxus_preis":"","export":"Ja","signalwort":[],"gefahrenpiktogramm":[],"gefahrenhinweise":[]},"_links":{"self":[{"href":"https:\/\/dadorana.ch\/fr\/wp-json\/wp\/v2\/product\/66429","targetHints":{"allow":["GET"]}}],"collection":[{"href":"https:\/\/dadorana.ch\/fr\/wp-json\/wp\/v2\/product"}],"about":[{"href":"https:\/\/dadorana.ch\/fr\/wp-json\/wp\/v2\/types\/product"}],"version-history":[{"count":0,"href":"https:\/\/dadorana.ch\/fr\/wp-json\/wp\/v2\/product\/66429\/revisions"}],"wp:featuredmedia":[{"embeddable":true,"href":"https:\/\/dadorana.ch\/fr\/wp-json\/wp\/v2\/media\/66432"}],"wp:attachment":[{"href":"https:\/\/dadorana.ch\/fr\/wp-json\/wp\/v2\/media?parent=66429"}],"wp:term":[{"taxonomy":"pwb-brand","embeddable":true,"href":"https:\/\/dadorana.ch\/fr\/wp-json\/wp\/v2\/pwb-brand?post=66429"},{"taxonomy":"product_brand","embeddable":true,"href":"https:\/\/dadorana.ch\/fr\/wp-json\/wp\/v2\/product_brand?post=66429"},{"taxonomy":"product_cat","embeddable":true,"href":"https:\/\/dadorana.ch\/fr\/wp-json\/wp\/v2\/product_cat?post=66429"},{"taxonomy":"product_tag","embeddable":true,"href":"https:\/\/dadorana.ch\/fr\/wp-json\/wp\/v2\/product_tag?post=66429"}],"curies":[{"name":"wp","href":"https:\/\/api.w.org\/{rel}","templated":true}]}}