{"id":66444,"date":"2023-11-05T13:17:45","date_gmt":"2023-11-05T13:17:45","guid":{"rendered":"https:\/\/dadorana.ch\/produkt\/ultra-premium-direct-chat-sterilise-adulte-saumon\/"},"modified":"2026-05-01T13:07:31","modified_gmt":"2026-05-01T11:07:31","slug":"ultra-premium-direct-chat-sterilise-adulte-saumon","status":"publish","type":"product","link":"https:\/\/dadorana.ch\/fr\/produit\/ultra-premium-direct-chat-sterilise-adulte-saumon\/","title":{"rendered":"Ultra Premium Direct Chat St\u00e9rilis\u00e9 Adulte \u2013 Saumon"},"content":{"rendered":"<p>Le surpoids chez les chats adultes castr\u00e9s est un probl\u00e8me de sant\u00e9 tr\u00e8s r\u00e9pandu. Apr\u00e8s la castration, une alimentation sp\u00e9cialement adapt\u00e9e au maintien du poids est souvent recommand\u00e9e.<\/p>\n<p>L&rsquo;aliment sec au saumon pour chats castr\u00e9s contient une teneur mod\u00e9r\u00e9e en mati\u00e8res grasses et contribue \u00e0 maintenir le poids id\u00e9al de votre chat.<\/p>\n<p>Cette recette sans c\u00e9r\u00e9ales, riche en saumon, tient compte des besoins naturels de votre chat et offre un go\u00fbt que nos petits f\u00e9lins adorent. Elle diversifie ainsi leur menu quotidien.<\/p>\n<p>Gr\u00e2ce aux fibres v\u00e9g\u00e9tales et au psyllium, cette recette favorise la sensation de sati\u00e9t\u00e9. Elle soutient \u00e9galement l&rsquo;\u00e9limination naturelle des boules de poils.<\/p>\n<p>Cet aliment sec contribue \u00e0 une bonne digestion gr\u00e2ce aux pr\u00e9biotiques et au Yucca Schidigera.<\/p>\n<p>Offrez \u00e0 votre chat une alimentation \u00e9quilibr\u00e9e, savoureuse et adapt\u00e9e \u00e0 son m\u00e9tabolisme, qui le r\u00e9jouit et le soigne au quotidien.<\/p>\n<p>Le sachet est recyclable en grande partie, offre des possibilit\u00e9s de stockage optimales et s&rsquo;ouvre et se ferme facilement pour un quotidien pratique.<\/p>\n","protected":false},"excerpt":{"rendered":"<p><span style=\"color: #ff8800;\">Cet aliment sec a \u00e9t\u00e9 sp\u00e9cialement con\u00e7u pour maintenir le poids des chats castr\u00e9s. Il offre \u00e0 votre chat une recette riche en saumon et sans c\u00e9r\u00e9ales, particuli\u00e8rement savoureuse et adapt\u00e9e \u00e0 sa nature carnivore. <\/span><\/p>\n","protected":false},"featured_media":66445,"template":"","meta":[],"pwb-brand":[7189],"product_brand":[7284],"product_cat":[7238,7230,7167],"product_tag":[7261,7160,7260,7574,7417],"class_list":{"0":"post-66444","1":"product","2":"type-product","3":"status-publish","4":"has-post-thumbnail","6":"pwb-brand-ultra-premium-direct-suisse","7":"product_brand-ultra-premium-direct-suisse","8":"product_cat-chats","9":"product_cat-nourriture-seche-chat","10":"product_cat-tous","11":"product_tag-aliment-pour-chats-sans-cereales","12":"product_tag-aliments-secs","13":"product_tag-nourriture-pour-chats","14":"product_tag-sterilisation-et-castration","15":"product_tag-ultra-premium-direct","16":"pa_brand-ultra-premium-direct-suisse","17":"pa_eigenschaften-sans-cereales","18":"pa_eigenschaften-sans-gluten","19":"pa_eigenschaften-semi-humide","20":"pa_eigenschaften-sterilisation-castration","21":"pa_geschmack-saumon","22":"pa_haustier-chat","23":"pa_lebensphase-katze-adulte","24":"pa_marke-ultra-premium-direct-de","25":"pa_ursprungsland-france","26":"pa_z_cat2-katzenfutter","28":"first","29":"instock","30":"featured","31":"taxable","32":"shipping-taxable","33":"purchasable","34":"product-type-simple"},"brands":[{"id":7189,"name":"Ultra Premium Direct","slug":"ultra-premium-direct-suisse"}],"meta_box":{"lieferant":"Eigenlager (Da Dorana)","lieferanten_email":"","produktzusammensetzung":"","restock_quantities_galaxus":"5","galaxus_restock_time":"21","galaxus_restock_date":"","galaxus_preis":"","export":"Ja","signalwort":[],"gefahrenpiktogramm":[],"gefahrenhinweise":[]},"_links":{"self":[{"href":"https:\/\/dadorana.ch\/fr\/wp-json\/wp\/v2\/product\/66444","targetHints":{"allow":["GET"]}}],"collection":[{"href":"https:\/\/dadorana.ch\/fr\/wp-json\/wp\/v2\/product"}],"about":[{"href":"https:\/\/dadorana.ch\/fr\/wp-json\/wp\/v2\/types\/product"}],"version-history":[{"count":0,"href":"https:\/\/dadorana.ch\/fr\/wp-json\/wp\/v2\/product\/66444\/revisions"}],"wp:featuredmedia":[{"embeddable":true,"href":"https:\/\/dadorana.ch\/fr\/wp-json\/wp\/v2\/media\/66445"}],"wp:attachment":[{"href":"https:\/\/dadorana.ch\/fr\/wp-json\/wp\/v2\/media?parent=66444"}],"wp:term":[{"taxonomy":"pwb-brand","embeddable":true,"href":"https:\/\/dadorana.ch\/fr\/wp-json\/wp\/v2\/pwb-brand?post=66444"},{"taxonomy":"product_brand","embeddable":true,"href":"https:\/\/dadorana.ch\/fr\/wp-json\/wp\/v2\/product_brand?post=66444"},{"taxonomy":"product_cat","embeddable":true,"href":"https:\/\/dadorana.ch\/fr\/wp-json\/wp\/v2\/product_cat?post=66444"},{"taxonomy":"product_tag","embeddable":true,"href":"https:\/\/dadorana.ch\/fr\/wp-json\/wp\/v2\/product_tag?post=66444"}],"curies":[{"name":"wp","href":"https:\/\/api.w.org\/{rel}","templated":true}]}}