{"id":66450,"date":"2025-09-27T13:11:59","date_gmt":"2025-09-27T11:11:59","guid":{"rendered":"https:\/\/dadorana.ch\/produkt\/natural-greatness-poulet-et-potiron-soutien-digestif\/"},"modified":"2026-04-15T21:38:09","modified_gmt":"2026-04-15T19:38:09","slug":"natural-greatness-poulet-et-potiron-soutien-digestif","status":"publish","type":"product","link":"https:\/\/dadorana.ch\/fr\/produit\/natural-greatness-poulet-et-potiron-soutien-digestif\/","title":{"rendered":"Natural Greatness Poulet et potiron \u2013 Soutien digestif"},"content":{"rendered":"<p style=\"font-weight: 400;\"><b><strong>NATURAL GREATNESS POULET ET POTIRON<\/strong><\/b> est une friandise cr\u00e9meuse et hypoallerg\u00e9nique, sans c\u00e9r\u00e9ales, \u00e0 base de viande de poulet de haute qualit\u00e9 et d&rsquo;ingr\u00e9dients naturels comme le potiron, enrichie en taurine et en fructooligosaccharides, des pr\u00e9biotiques tr\u00e8s b\u00e9n\u00e9fiques pour le maintien d&rsquo;une bonne sant\u00e9 digestive.<\/p>\n<p>&nbsp;<\/p>\n","protected":false},"excerpt":{"rendered":"<p>NATURAL GREATNESS POULET ET POTIRON est une friandise cr\u00e9meuse et hypoallerg\u00e9nique, sans c\u00e9r\u00e9ales, \u00e0 base de viande de poulet de<\/p>\n","protected":false},"featured_media":60693,"template":"","meta":[],"pwb-brand":[7185],"product_brand":[7311],"product_cat":[7238,7271,7157,7167],"product_tag":[],"class_list":{"0":"post-66450","1":"product","2":"type-product","3":"status-publish","4":"has-post-thumbnail","6":"pwb-brand-natural-greatness","7":"product_brand-natural-greatness","8":"product_cat-chats","9":"product_cat-snacks-chats","10":"product_cat-offres","11":"product_cat-tous","12":"pa_brand-natural-greatness","13":"pa_eigenschaften-digestion-sensible","14":"pa_eigenschaften-perte-dappetit","15":"pa_eigenschaften-sans-ble","16":"pa_eigenschaften-sans-cereales","17":"pa_eigenschaften-sans-gluten","18":"pa_geschmack-poulet","19":"pa_haustier-chat","20":"pa_lebensphase-katze-adulte","21":"pa_lebensphase-katze-kitten-chatons","22":"pa_lebensphase-katze-senior","23":"pa_marke-natural-greatness","24":"pa_ursprungsland-espagne","25":"pa_z_cat2-katzenfutter","27":"first","28":"instock","29":"sale","30":"taxable","31":"shipping-taxable","32":"purchasable","33":"product-type-simple"},"brands":[{"id":7185,"name":"Natural Greatness","slug":"natural-greatness"}],"meta_box":{"lieferant":"Eigenlager (Da Dorana)","lieferanten_email":"","produktzusammensetzung":"","restock_quantities_galaxus":"5","galaxus_restock_time":"21","galaxus_restock_date":"","galaxus_preis":"","export":"Ja","signalwort":[],"gefahrenpiktogramm":[],"gefahrenhinweise":[]},"_links":{"self":[{"href":"https:\/\/dadorana.ch\/fr\/wp-json\/wp\/v2\/product\/66450","targetHints":{"allow":["GET"]}}],"collection":[{"href":"https:\/\/dadorana.ch\/fr\/wp-json\/wp\/v2\/product"}],"about":[{"href":"https:\/\/dadorana.ch\/fr\/wp-json\/wp\/v2\/types\/product"}],"version-history":[{"count":0,"href":"https:\/\/dadorana.ch\/fr\/wp-json\/wp\/v2\/product\/66450\/revisions"}],"wp:featuredmedia":[{"embeddable":true,"href":"https:\/\/dadorana.ch\/fr\/wp-json\/wp\/v2\/media\/60693"}],"wp:attachment":[{"href":"https:\/\/dadorana.ch\/fr\/wp-json\/wp\/v2\/media?parent=66450"}],"wp:term":[{"taxonomy":"pwb-brand","embeddable":true,"href":"https:\/\/dadorana.ch\/fr\/wp-json\/wp\/v2\/pwb-brand?post=66450"},{"taxonomy":"product_brand","embeddable":true,"href":"https:\/\/dadorana.ch\/fr\/wp-json\/wp\/v2\/product_brand?post=66450"},{"taxonomy":"product_cat","embeddable":true,"href":"https:\/\/dadorana.ch\/fr\/wp-json\/wp\/v2\/product_cat?post=66450"},{"taxonomy":"product_tag","embeddable":true,"href":"https:\/\/dadorana.ch\/fr\/wp-json\/wp\/v2\/product_tag?post=66450"}],"curies":[{"name":"wp","href":"https:\/\/api.w.org\/{rel}","templated":true}]}}