{"id":70430,"date":"2026-03-05T21:12:16","date_gmt":"2026-03-05T20:12:16","guid":{"rendered":"https:\/\/dadorana.ch\/produkt\/sac-pour-chien-zwei-leo-let40\/"},"modified":"2026-04-03T02:28:40","modified_gmt":"2026-04-03T00:28:40","slug":"sac-pour-chien-zwei-leo-let40","status":"publish","type":"product","link":"https:\/\/dadorana.ch\/fr\/produit\/sac-pour-chien-zwei-leo-let40\/","title":{"rendered":"ZWEI Sac pour chiens LEO LET40"},"content":{"rendered":"<p>Le ZWEI LEO LET40 <strong>sac \u00e0 friandises<\/strong> est id\u00e9al pour les promenades ou les s\u00e9ances d&rsquo;entra\u00eenement. Gr\u00e2ce \u00e0 sa fermeture magn\u00e9tique, vous pouvez acc\u00e9der \u00e0 la r\u00e9compense en un clin d&rsquo;\u0153il. Que ce soit port\u00e9 en bandouli\u00e8re ou clip\u00e9 \u00e0 la ceinture : vous avez les mains libres pour l&rsquo;essentiel. Les sacs \u00e0 d\u00e9jections sont \u00e9galement rapidement accessibles gr\u00e2ce au compartiment int\u00e9gr\u00e9 avec aide au d\u00e9chirement. Le sac en simili cuir est facile \u00e0 nettoyer \u00e0 l&rsquo;int\u00e9rieur comme \u00e0 l&rsquo;ext\u00e9rieur avec un chiffon humide.<\/p>\n<p><strong>Sac \u00e0 friandises LEO LET40 : L&rsquo;\u00e9l\u00e9gance rencontre la fonctionnalit\u00e9<\/strong><br \/>D\u00e9couvrez le sac \u00e0 friandises pour chiens ZWEI\u00ae LEO LET40 Leckerlibeutel, qui allie style et praticit\u00e9 de mani\u00e8re \u00e9l\u00e9gante. Ce sac \u00e0 nourriture exquis en simili cuir de haute qualit\u00e9 est non seulement le compagnon id\u00e9al pour chaque promenade ou s\u00e9ance d&rsquo;entra\u00eenement avec votre chien, mais se distingue \u00e9galement par son design qui rappelle un sac \u00e0 main classique pour femmes. Avec ce sac \u00e0 friandises, vous avez les mains libres et tout ce qu&rsquo;il faut pour votre compagnon \u00e0 quatre pattes \u00e0 port\u00e9e de main.<\/p>\n<p><strong>Acc\u00e8s rapide et d\u00e9tails astucieux<\/strong><br \/>Le sac \u00e0 friandises pour chiens est parfaitement con\u00e7u : gr\u00e2ce \u00e0 la fermeture magn\u00e9tique pratique, vous pouvez acc\u00e9der \u00e0 la r\u00e9compense pour votre chien en quelques secondes. Fini le fouillis ! Et ce n&rsquo;est pas tout : un compartiment pour sacs \u00e0 d\u00e9jections int\u00e9gr\u00e9 avec fermeture \u00e9clair et aide au d\u00e9chirement garantit que les sacs pour les promenades sont toujours rapidement accessibles. Ce sac \u00e0 snacks pour chiens rend la vie avec votre chien beaucoup plus facile.<\/p>\n<p><strong>Options de transport polyvalentes pour votre sac \u00e0 nourriture<\/strong><br \/>Que ce soit port\u00e9 en bandouli\u00e8re d\u00e9contract\u00e9e ou solidement clip\u00e9 \u00e0 la boucle de ceinture \u2013 ce sac \u00e0 friandises s&rsquo;adapte \u00e0 vos besoins. La bandouli\u00e8re r\u00e9glable et amovible vous offre une flexibilit\u00e9 maximale, tandis que le mousqueton et la boucle de ceinture permettent une fixation facile. Ainsi, vous avez toujours les mains libres pour l&rsquo;essentiel, que ce soit lors de l&rsquo;entra\u00eenement ou d&rsquo;une promenade relaxante.<\/p>\n<p><strong>Friandises pour chiens en entra\u00eenement \u2013 expliqu\u00e9 bri\u00e8vement et efficacement<\/strong><br \/><strong>Attention &amp; motivation :<\/strong> Montrez \u00e0 votre chien la friandise pour capter son attention et maintenez la s\u00e9ance d&rsquo;entra\u00eenement int\u00e9ressante avec diff\u00e9rentes r\u00e9compenses.<\/p>\n<p><strong>Commande &amp; r\u00e9compense imm\u00e9diate :<\/strong> Associez clairement la friandise \u00e0 la commande \u2013 elle suit imm\u00e9diatement le bon comportement.<\/p>\n<p><strong>Bon timing :<\/strong> Donnez la friandise exactement au moment o\u00f9 votre chien montre le comportement souhait\u00e9. Avec le sac \u00e0 friandises ZWEI, vous avez toujours les friandises \u00e0 port\u00e9e de main pour un timing pr\u00e9cis.<\/p>\n<p><strong>R\u00e9compense calme :<\/strong> Assurez-vous que votre chien accepte la friandise de mani\u00e8re d\u00e9tendue \u2013 sans stress ni agitation.<\/p>\n<p><strong>R\u00e9compenser avec mod\u00e9ration :<\/strong> Prenez en compte les calories \u2013 retirez des friandises de la ration quotidienne pour \u00e9viter le surpoids.<\/p>\n<p><strong>L&rsquo;accessoire parfait pour une promenade avec votre chien<\/strong><br \/>Le sac \u00e0 friandises ZWEI\u00ae LEO LET40 prouve que fonctionnalit\u00e9 et style peuvent aller de pair. Son mat\u00e9riau \u00e9l\u00e9gant et son design inspir\u00e9 d&rsquo;un petit sac \u00e0 main en font l&rsquo;accessoire parfait pour une vari\u00e9t\u00e9 de tenues :<\/p>\n<p>Chic d\u00e9contract\u00e9 : Associez le sac \u00e0 friandises \u00e0 un jean cool, un pull oversize et des baskets pour un look d\u00e9tendu mais styl\u00e9 lors de vos promenades.<\/p>\n<p>Romantique et ludique : Portez-le avec une robe d&rsquo;\u00e9t\u00e9 a\u00e9rienne ou une blouse \u00e0 motifs floraux. Le sac \u00e0 nourriture apporte une touche charmante et souligne votre c\u00f4t\u00e9 f\u00e9minin.<\/p>\n<p>\u00c9l\u00e9gant &amp; urbain : M\u00eame avec une tenue de loisirs plus chic, comme un pantalon ajust\u00e9 et un blazer, le sac \u00e0 nourriture s&rsquo;int\u00e8gre parfaitement. Il devient un compagnon discret mais \u00e9l\u00e9gant qui met en valeur votre amour pour votre chien.<\/p>\n<p>Ce sac \u00e0 friandises est plus qu&rsquo;un simple accessoire pratique \u2013 c&rsquo;est une d\u00e9claration de style conscient dans la vie quotidienne avec votre chien.<\/p>\n<p><strong>Design facile d&rsquo;entretien<\/strong><br \/>Ce sac \u00e0 nourriture \u00e9l\u00e9gant est enti\u00e8rement fabriqu\u00e9 en simili cuir de haute qualit\u00e9, qui est facile \u00e0 nettoyer \u00e0 l&rsquo;int\u00e9rieur comme \u00e0 l&rsquo;ext\u00e9rieur. Un chiffon humide suffit pour garder votre sac \u00e0 nourriture en parfait \u00e9tat. Avec son apparence moderne, qui rappelle celle d&rsquo;un petit sac \u00e0 main, ce sac \u00e0 friandises s&rsquo;int\u00e8gre parfaitement dans tous les looks et ravira vous et votre chien pendant longtemps.<\/p>\n<p><strong>Look parfaitement assorti pour vous et votre chien<\/strong><br \/>Ce sac \u00e0 friandises \u00e9l\u00e9gant est non seulement pratique, mais aussi une v\u00e9ritable d\u00e9claration de style. Il s&rsquo;associe parfaitement \u00e0 notre accessoires pour chiens de la collection LEO, comme la laisse pour chien et le collier pour chien, et compl\u00e8te \u00e9galement les sacs. Cr\u00e9ez un look parfaitement coordonn\u00e9 pour vous et votre chien, qui allie fonctionnalit\u00e9 et esth\u00e9tique. Avec le sac \u00e0 friandises LEO LET40, vous montrez que vous attachez de l&rsquo;importance \u00e0 la qualit\u00e9 et au design, m\u00eame dans les petites choses.<br \/>D\u00e9couvrez \u00e9galement notre sac \u00e0 friandises pour chiens LEO LEH50 en m\u00e9lange de mat\u00e9riaux polyester et simili cuir ou le petit sac \u00e0 d\u00e9jections pour chiens LEO LEK5 en simili cuir de haute qualit\u00e9.<\/p>\n","protected":false},"excerpt":{"rendered":"<p><span style=\"color: #ff8800;\">Le ZWEI LEO LET40<strong> sac \u00e0 friandises est<\/strong> id\u00e9al pour les promenades ou les s\u00e9ances d&rsquo;entra\u00eenement. <\/span><\/p>\n","protected":false},"featured_media":70431,"template":"","meta":[],"pwb-brand":[7191],"product_brand":[7306],"product_cat":[7715,7219,7155,7167],"product_tag":[],"class_list":{"0":"post-70430","1":"product","2":"type-product","3":"status-publish","4":"has-post-thumbnail","6":"pwb-brand-zwei","7":"product_brand-zwei","8":"product_cat-sacs-pour-chiens","9":"product_cat-accessoires","10":"product_cat-chiens","11":"product_cat-tous","12":"pa_brand-zwei","13":"pa_farbe-eucalyptus","14":"pa_farbe-nubuk-black","15":"pa_farbe-nubuk-cappuccino","16":"pa_haustier-chien-2","17":"pa_marke-zwei","18":"pa_ursprungsland-chine","19":"pa_z_cat2-hundespielzeug-training","21":"first","22":"instock","23":"taxable","24":"shipping-taxable","25":"purchasable","26":"product-type-variable"},"brands":[{"id":7191,"name":"ZWEI","slug":"zwei"}],"meta_box":{"lieferant":"Eigenlager (Da Dorana)","lieferanten_email":"","produktzusammensetzung":"","restock_quantities_galaxus":"5","galaxus_restock_time":"21","galaxus_restock_date":"","galaxus_preis":"","export":"Ja","signalwort":[],"gefahrenpiktogramm":[],"gefahrenhinweise":[]},"_links":{"self":[{"href":"https:\/\/dadorana.ch\/fr\/wp-json\/wp\/v2\/product\/70430","targetHints":{"allow":["GET"]}}],"collection":[{"href":"https:\/\/dadorana.ch\/fr\/wp-json\/wp\/v2\/product"}],"about":[{"href":"https:\/\/dadorana.ch\/fr\/wp-json\/wp\/v2\/types\/product"}],"version-history":[{"count":0,"href":"https:\/\/dadorana.ch\/fr\/wp-json\/wp\/v2\/product\/70430\/revisions"}],"wp:featuredmedia":[{"embeddable":true,"href":"https:\/\/dadorana.ch\/fr\/wp-json\/wp\/v2\/media\/70431"}],"wp:attachment":[{"href":"https:\/\/dadorana.ch\/fr\/wp-json\/wp\/v2\/media?parent=70430"}],"wp:term":[{"taxonomy":"pwb-brand","embeddable":true,"href":"https:\/\/dadorana.ch\/fr\/wp-json\/wp\/v2\/pwb-brand?post=70430"},{"taxonomy":"product_brand","embeddable":true,"href":"https:\/\/dadorana.ch\/fr\/wp-json\/wp\/v2\/product_brand?post=70430"},{"taxonomy":"product_cat","embeddable":true,"href":"https:\/\/dadorana.ch\/fr\/wp-json\/wp\/v2\/product_cat?post=70430"},{"taxonomy":"product_tag","embeddable":true,"href":"https:\/\/dadorana.ch\/fr\/wp-json\/wp\/v2\/product_tag?post=70430"}],"curies":[{"name":"wp","href":"https:\/\/api.w.org\/{rel}","templated":true}]}}