{"id":70468,"date":"2026-03-05T22:12:49","date_gmt":"2026-03-05T21:12:49","guid":{"rendered":"https:\/\/dadorana.ch\/produkt\/zwei-sac-a-dejections-leo-lek5\/"},"modified":"2026-04-03T02:28:38","modified_gmt":"2026-04-03T00:28:38","slug":"zwei-sac-a-dejections-leo-lek5","status":"publish","type":"product","link":"https:\/\/dadorana.ch\/fr\/produit\/zwei-sac-a-dejections-leo-lek5\/","title":{"rendered":"ZWEI Sac pour chiens LEO LEK5"},"content":{"rendered":"<p>Le LEO LEK5 <strong>sac \u00e0 d\u00e9chets<\/strong> emballe les sacs \u00e0 crottes de mani\u00e8re discr\u00e8te et pratique \u2013 et gr\u00e2ce au mousqueton, il peut \u00eatre fix\u00e9 de mani\u00e8re flexible \u00e0 la laisse, au collier ou au sac. Une grande fente facilite l&rsquo;insertion, une petite permet un acc\u00e8s rapide.<\/p>\n<p><strong>Sac \u00e0 d\u00e9jections LEO LEK5 : \u00c9l\u00e9gance pour vos promenades<\/strong><br \/>Le sac \u00e0 d\u00e9jections ZWEI\u00ae LEO LEK5 allie design \u00e9l\u00e9gant et fonctionnalit\u00e9 maximale, et est le compl\u00e9ment parfait pour vos promenades avec votre chien. Fabriqu\u00e9 enti\u00e8rement en simili cuir de haute qualit\u00e9, ce sac \u00e0 d\u00e9jections pour chien permet de ranger discr\u00e8tement et pratiquement les sacs \u00e0 d\u00e9jections n\u00e9cessaires. Fini les recherches d\u00e9sagr\u00e9ables pour trouver le sac \u00e0 d\u00e9jections \u2013 avec le porte-sacs, vous l&rsquo;avez toujours \u00e0 port\u00e9e de main.<\/p>\n<p><strong>D\u00e9tails astucieux pour un confort maximal<\/strong><br \/>Le porte-sacs \u00e0 d\u00e9jections LEO LEK5 est con\u00e7u dans les moindres d\u00e9tails. Gr\u00e2ce au solide mousqueton, il peut \u00eatre fix\u00e9 de mani\u00e8re flexible \u00e0 la laisse, au collier ou \u00e0 votre sac. Une large ouverture \u00e0 l&rsquo;arri\u00e8re facilite l&rsquo;insertion d&rsquo;un nouveau rouleau de sacs, tandis qu&rsquo;une petite fente de distribution pr\u00e9cise au bas assure un acc\u00e8s rapide en d\u00e9placement. Ainsi, vous \u00eates toujours pr\u00eat lorsque votre compagnon \u00e0 quatre pattes doit faire ses besoins.<\/p>\n<p><strong>Look parfaitement accord\u00e9 pour vous et votre chien<\/strong><br \/>Ce sac \u00e0 d\u00e9jections \u00e9l\u00e9gant n&rsquo;est pas seulement pratique, mais constitue \u00e9galement une v\u00e9ritable d\u00e9claration de style. Il s&rsquo;accorde parfaitement avec notre accessoires pour chiens de la collection LEO, comme la laisse et le collier pour chien, et compl\u00e8te \u00e9galement les sacs et les sacs \u00e0 dos de nos populaires collections MADEMOISELLE.M et JANA. Cr\u00e9ez un look parfaitement harmonis\u00e9 pour vous et votre chien, alliant fonctionnalit\u00e9 et esth\u00e9tique. Avec le porte-sacs \u00e0 d\u00e9jections LEO LEK5, vous montrez que vous attachez de l&rsquo;importance \u00e0 la qualit\u00e9 et au design, m\u00eame dans les petites choses.<br \/>D\u00e9couvrez \u00e9galement notre sac \u00e0 friandises pour chiens LEO LEH50 en m\u00e9lange de mat\u00e9riaux polyester et simili cuir ou le sac \u00e0 friandises pour chiens LEO LET40 en simili cuir de haute qualit\u00e9, con\u00e7u dans le style d&rsquo;un mini-sac.<\/p>\n<p>&nbsp;<\/p>\n","protected":false},"excerpt":{"rendered":"<p><span style=\"color: #ff8800;\">Le LEO LEK5 sac \u00e0 d\u00e9chets emballe les sacs \u00e0 crottes de mani\u00e8re discr\u00e8te et pratique \u2013 et gr\u00e2ce au mousqueton, il peut \u00eatre fix\u00e9 de mani\u00e8re flexible \u00e0 la laisse, au collier ou au sac. Une grande fente facilite l&rsquo;insertion, une petite permet un acc\u00e8s rapide.<\/span><\/p>\n","protected":false},"featured_media":70469,"template":"","meta":[],"pwb-brand":[7191],"product_brand":[7306],"product_cat":[7219,7155,7715,7167],"product_tag":[],"class_list":{"0":"post-70468","1":"product","2":"type-product","3":"status-publish","4":"has-post-thumbnail","6":"pwb-brand-zwei","7":"product_brand-zwei","8":"product_cat-accessoires","9":"product_cat-chiens","10":"product_cat-sacs-pour-chiens","11":"product_cat-tous","12":"pa_brand-zwei","13":"pa_farbe-eucalyptus","14":"pa_farbe-nubuk-black","15":"pa_farbe-nubuk-cappuccino","16":"pa_haustier-chien-2","17":"pa_marke-zwei","18":"pa_ursprungsland-chine","19":"pa_z_cat2-hundespielzeug-training","20":"pa_z_product_type-agility","22":"first","23":"instock","24":"taxable","25":"shipping-taxable","26":"purchasable","27":"product-type-variable"},"brands":[{"id":7191,"name":"ZWEI","slug":"zwei"}],"meta_box":{"lieferant":"Eigenlager (Da Dorana)","lieferanten_email":"","produktzusammensetzung":"","restock_quantities_galaxus":"5","galaxus_restock_time":"21","galaxus_restock_date":"","galaxus_preis":"","export":"Ja","signalwort":[],"gefahrenpiktogramm":[],"gefahrenhinweise":[]},"_links":{"self":[{"href":"https:\/\/dadorana.ch\/fr\/wp-json\/wp\/v2\/product\/70468","targetHints":{"allow":["GET"]}}],"collection":[{"href":"https:\/\/dadorana.ch\/fr\/wp-json\/wp\/v2\/product"}],"about":[{"href":"https:\/\/dadorana.ch\/fr\/wp-json\/wp\/v2\/types\/product"}],"version-history":[{"count":0,"href":"https:\/\/dadorana.ch\/fr\/wp-json\/wp\/v2\/product\/70468\/revisions"}],"wp:featuredmedia":[{"embeddable":true,"href":"https:\/\/dadorana.ch\/fr\/wp-json\/wp\/v2\/media\/70469"}],"wp:attachment":[{"href":"https:\/\/dadorana.ch\/fr\/wp-json\/wp\/v2\/media?parent=70468"}],"wp:term":[{"taxonomy":"pwb-brand","embeddable":true,"href":"https:\/\/dadorana.ch\/fr\/wp-json\/wp\/v2\/pwb-brand?post=70468"},{"taxonomy":"product_brand","embeddable":true,"href":"https:\/\/dadorana.ch\/fr\/wp-json\/wp\/v2\/product_brand?post=70468"},{"taxonomy":"product_cat","embeddable":true,"href":"https:\/\/dadorana.ch\/fr\/wp-json\/wp\/v2\/product_cat?post=70468"},{"taxonomy":"product_tag","embeddable":true,"href":"https:\/\/dadorana.ch\/fr\/wp-json\/wp\/v2\/product_tag?post=70468"}],"curies":[{"name":"wp","href":"https:\/\/api.w.org\/{rel}","templated":true}]}}