{"id":70797,"date":"2026-03-06T15:49:28","date_gmt":"2026-03-06T14:49:28","guid":{"rendered":"https:\/\/dadorana.ch\/produkt\/vitawoof-happy-tummy-magen-darm-snack\/"},"modified":"2026-04-03T02:28:37","modified_gmt":"2026-04-03T00:28:37","slug":"vitawoof-happy-tummy-snack-gastro-intestinal","status":"publish","type":"product","link":"https:\/\/dadorana.ch\/fr\/produit\/vitawoof-happy-tummy-snack-gastro-intestinal\/","title":{"rendered":"Vitawoof Happy Tummy Snack gastro-intestinal"},"content":{"rendered":"<h2>Vitawoof Happy Tummy Snack gastro-intestinal<\/h2>\n<p><strong>Happy Tummy<\/strong>\u00a0fournit des nutriments essentiels pour favoriser la\u00a0<strong>sant\u00e9<\/strong>\u00a0et la\u00a0<strong>force intestinales<\/strong>\u00a0de votre chien \u2013 id\u00e9al comme compl\u00e9ment fonctionnel quotidien. Des ingr\u00e9dients s\u00e9lectionn\u00e9s tels que\u00a0<strong>la racine de chicor\u00e9e<\/strong>,\u00a0<strong>l&rsquo;huile de saumon<\/strong>\u00a0et\u00a0<strong>des cultures probiotiques<\/strong>\u00a0contribuent \u00e0 stabiliser la flore intestinale et \u00e0 favoriser le bien-\u00eatre g\u00e9n\u00e9ral.<\/p>\n<p><strong>Parfait si votre ch\u00e9ri &#8230;<\/strong><\/p>\n<ul>\n<li><strong>souffre souvent de ballonnements\u00a0<\/strong>ou que son ventre bourdonne de mani\u00e8re audible<\/li>\n<li><strong>a des selles trop molles, mange beaucoup d&rsquo;herbe ou est sensible \u00e0 la Nourriture :\u00a0<\/strong>La combinaison de probiotiques et de levure de bi\u00e8re riche en nutriments peut soutenir une fonction intestinale normale et aider \u00e0 consolider la consistance des selles \u2013 pour une meilleure utilisation de la nourriture.<\/li>\n<li><strong>un soutien suppl\u00e9mentaire est n\u00e9cessaire pour le syst\u00e8me immunitaire et la flore intestinale :<\/strong>\u00a0La poudre de colostrum fournit de pr\u00e9cieux \u00e9l\u00e9ments constitutifs du syst\u00e8me immunitaire, tandis que l&rsquo;huile de saumon contribue au bien-\u00eatre g\u00e9n\u00e9ral. Associ\u00e9 \u00e0 des cultures actives, cela peut aider \u00e0 maintenir les d\u00e9fenses naturelles de l&rsquo;organisme.<\/li>\n<\/ul>\n<p><strong>Ingr\u00e9dients et Avantages s\u00e9lectionn\u00e9s<\/strong><\/p>\n<ul>\n<li><strong>Racine de chicor\u00e9e<\/strong>\u00a0\u2013 peut soutenir les d\u00e9fenses immunitaires et contribuer \u00e0 la sant\u00e9 intestinale.<\/li>\n<li><strong>Huile de saumon<\/strong>\u00a0\u2013 riche en\u00a0<strong>acides gras om\u00e9ga-3<\/strong>\u00a0pour la peau, le pelage et le bien-\u00eatre g\u00e9n\u00e9ral.<\/li>\n<li><strong>Cultures probiotiques<\/strong>\u00a0\u2013 peuvent contribuer \u00e0 stabiliser la flore intestinale et \u00e0 am\u00e9liorer la digestion.<\/li>\n<\/ul>\n<p><strong>Remarque :<\/strong>\u00a0une bo\u00eete contient env. 60 friandises d&rsquo;env. 3 g chacune.\u00a0<strong>Veuillez respecter scrupuleusement les recommandations d\u2019alimentation<\/strong>, car il s\u2019agit d\u2019une friandise a caractere de complement alimentaire et certains ingredients peuvent etre surdos\u00e9s.<\/p>\n","protected":false},"excerpt":{"rendered":"<p><span style=\"color: #ff8800;\">Friandise quotidienne pour chiens pour soutenir la digestion et le tractus gastro-intestinal<\/span><\/p>\n","protected":false},"featured_media":70776,"template":"","meta":[],"pwb-brand":[7736],"product_brand":[7739],"product_cat":[7227,7155,7651,7167],"product_tag":[],"class_list":{"0":"post-70797","1":"product","2":"type-product","3":"status-publish","4":"has-post-thumbnail","6":"pwb-brand-vitawoof","7":"product_brand-vitawoof","8":"product_cat-complements-alimentaires","9":"product_cat-chiens","10":"product_cat-snacks","11":"product_cat-tous","12":"pa_brand-vitawoof","13":"pa_eigenschaften-digestion-sensible","14":"pa_eigenschaften-sans-ble","15":"pa_eigenschaften-sans-cereales","16":"pa_eigenschaften-sans-gluten","17":"pa_eigenschaften-semi-humide","18":"pa_haustier-chien-2","19":"pa_lebensphase-de-adulte","20":"pa_lebensphase-de-junior","21":"pa_marke-vitawoof","22":"pa_z_cat2-hundefutter","23":"pa_z_product_type-hundesnacks","25":"first","26":"instock","27":"taxable","28":"shipping-taxable","29":"purchasable","30":"product-type-simple"},"brands":[{"id":7736,"name":"Vitawoof","slug":"vitawoof"}],"meta_box":{"lieferant":"Eigenlager (Da Dorana)","lieferanten_email":"","produktzusammensetzung":"","restock_quantities_galaxus":"5","galaxus_restock_time":"21","galaxus_restock_date":"","galaxus_preis":"","export":"Nein","signalwort":[],"gefahrenpiktogramm":[],"gefahrenhinweise":[]},"_links":{"self":[{"href":"https:\/\/dadorana.ch\/fr\/wp-json\/wp\/v2\/product\/70797","targetHints":{"allow":["GET"]}}],"collection":[{"href":"https:\/\/dadorana.ch\/fr\/wp-json\/wp\/v2\/product"}],"about":[{"href":"https:\/\/dadorana.ch\/fr\/wp-json\/wp\/v2\/types\/product"}],"version-history":[{"count":0,"href":"https:\/\/dadorana.ch\/fr\/wp-json\/wp\/v2\/product\/70797\/revisions"}],"wp:featuredmedia":[{"embeddable":true,"href":"https:\/\/dadorana.ch\/fr\/wp-json\/wp\/v2\/media\/70776"}],"wp:attachment":[{"href":"https:\/\/dadorana.ch\/fr\/wp-json\/wp\/v2\/media?parent=70797"}],"wp:term":[{"taxonomy":"pwb-brand","embeddable":true,"href":"https:\/\/dadorana.ch\/fr\/wp-json\/wp\/v2\/pwb-brand?post=70797"},{"taxonomy":"product_brand","embeddable":true,"href":"https:\/\/dadorana.ch\/fr\/wp-json\/wp\/v2\/product_brand?post=70797"},{"taxonomy":"product_cat","embeddable":true,"href":"https:\/\/dadorana.ch\/fr\/wp-json\/wp\/v2\/product_cat?post=70797"},{"taxonomy":"product_tag","embeddable":true,"href":"https:\/\/dadorana.ch\/fr\/wp-json\/wp\/v2\/product_tag?post=70797"}],"curies":[{"name":"wp","href":"https:\/\/api.w.org\/{rel}","templated":true}]}}