{"id":72074,"date":"2026-03-23T16:11:34","date_gmt":"2026-03-23T15:11:34","guid":{"rendered":"https:\/\/dadorana.ch\/produkt\/bepure-semi-moist-soft-snackz-mit-kaese-semi-moist\/"},"modified":"2026-04-14T13:26:41","modified_gmt":"2026-04-14T11:26:41","slug":"bepure-semi-moist-soft-snackz-mit-kaese-semi-moist","status":"publish","type":"product","link":"https:\/\/dadorana.ch\/fr\/produit\/bepure-semi-moist-soft-snackz-mit-kaese-semi-moist\/","title":{"rendered":"bePure Semi\u200b-\u200bMoist Soft Snackz au fromage"},"content":{"rendered":"<p>La consistance des bePure Dog Semi-Moist Soft Snackz Fromage sans c\u00e9r\u00e9ales est\u00a0<strong>douce et les friandises peuvent \u00eatre facilement d\u00e9coup\u00e9es<\/strong>\u00a0pendant l&rsquo;entra\u00eenement pour \u00eatre utilis\u00e9es comme r\u00e9compense. Cela \u00e9vite en outre que le chien ne soit distrait par une longue mastication.<\/p>\n<p><strong>Les avantages :<\/strong><\/p>\n<ul>\n<li>Avec du fromage<\/li>\n<li>Sans c\u00e9r\u00e9ales<\/li>\n<li>Doux pour les dents et les gencives<\/li>\n<li>Id\u00e9al comme r\u00e9compense d&rsquo;entra\u00eenement<\/li>\n<li>Sans ajout de colorants ni de conservateurs<\/li>\n<li>Juteux et doux<\/li>\n<li>Forme mignonne<\/li>\n<\/ul>\n","protected":false},"excerpt":{"rendered":"<ul>\n<li><span style=\"color: #ff8800;\">Friandise moelleuse pour chiens avec du fromage comme r\u00e9compense pour l&rsquo;entra\u00eenement<\/span><\/li>\n<\/ul>\n","protected":false},"featured_media":73500,"template":"","meta":[],"pwb-brand":[7769],"product_brand":[7770],"product_cat":[7651,7155,7167],"product_tag":[],"class_list":{"0":"post-72074","1":"product","2":"type-product","3":"status-publish","4":"has-post-thumbnail","6":"pwb-brand-bepure","7":"product_brand-bepure","8":"product_cat-snacks","9":"product_cat-chiens","10":"product_cat-tous","11":"pa_brand-bepure","12":"pa_eigenschaften-sans-ble","13":"pa_eigenschaften-sans-cereales","14":"pa_eigenschaften-sans-gluten","15":"pa_eigenschaften-semi-humide","16":"pa_geschmack-fromage","17":"pa_haustier-chien-2","18":"pa_marke-bepure","19":"pa_ursprungsland-suisse","20":"pa_z_cat2-hundefutter","21":"pa_z_product_type-hundesnacks","23":"first","24":"instock","25":"taxable","26":"shipping-taxable","27":"purchasable","28":"product-type-simple"},"brands":[{"id":7769,"name":"bePure","slug":"bepure"}],"meta_box":{"lieferant":"Businesscom","lieferanten_email":"","produktzusammensetzung":"","restock_quantities_galaxus":"5","galaxus_restock_time":"21","galaxus_restock_date":"","galaxus_preis":"","export":"Nein","signalwort":[],"gefahrenpiktogramm":[],"gefahrenhinweise":[]},"_links":{"self":[{"href":"https:\/\/dadorana.ch\/fr\/wp-json\/wp\/v2\/product\/72074","targetHints":{"allow":["GET"]}}],"collection":[{"href":"https:\/\/dadorana.ch\/fr\/wp-json\/wp\/v2\/product"}],"about":[{"href":"https:\/\/dadorana.ch\/fr\/wp-json\/wp\/v2\/types\/product"}],"version-history":[{"count":0,"href":"https:\/\/dadorana.ch\/fr\/wp-json\/wp\/v2\/product\/72074\/revisions"}],"wp:featuredmedia":[{"embeddable":true,"href":"https:\/\/dadorana.ch\/fr\/wp-json\/wp\/v2\/media\/73500"}],"wp:attachment":[{"href":"https:\/\/dadorana.ch\/fr\/wp-json\/wp\/v2\/media?parent=72074"}],"wp:term":[{"taxonomy":"pwb-brand","embeddable":true,"href":"https:\/\/dadorana.ch\/fr\/wp-json\/wp\/v2\/pwb-brand?post=72074"},{"taxonomy":"product_brand","embeddable":true,"href":"https:\/\/dadorana.ch\/fr\/wp-json\/wp\/v2\/product_brand?post=72074"},{"taxonomy":"product_cat","embeddable":true,"href":"https:\/\/dadorana.ch\/fr\/wp-json\/wp\/v2\/product_cat?post=72074"},{"taxonomy":"product_tag","embeddable":true,"href":"https:\/\/dadorana.ch\/fr\/wp-json\/wp\/v2\/product_tag?post=72074"}],"curies":[{"name":"wp","href":"https:\/\/api.w.org\/{rel}","templated":true}]}}