{"id":72887,"date":"2026-03-22T12:07:55","date_gmt":"2026-03-22T11:07:55","guid":{"rendered":"https:\/\/dadorana.ch\/produkt\/bepure-rinder-riffi-fuer-hunde\/"},"modified":"2026-04-14T13:26:41","modified_gmt":"2026-04-14T11:26:41","slug":"bepure-boeuf-riffi","status":"publish","type":"product","link":"https:\/\/dadorana.ch\/fr\/produit\/bepure-boeuf-riffi\/","title":{"rendered":"bePure B\u0153uf Riffi"},"content":{"rendered":"<div class=\"product-info__content product-info__toggle-target\">\n<div class=\"wysiwyg\">\n<div class=\"product-info__content product-info__toggle-target\">\n<div class=\"wysiwyg\">\n<div class=\"product-info__content product-info__toggle-target\">\n<div class=\"wysiwyg\">\n<div class=\"product-info__content product-info__toggle-target\">\n<div class=\"wysiwyg\">\n<div class=\"product-info__content product-info__toggle-target\">\n<div class=\"wysiwyg\">\n<p>Les Riffi bovins bePure sont compos\u00e9s de<strong>\u00a0viande de b\u0153uf pure<\/strong>\u00a0et constituent une d\u00e9licieuse friandise \u00e0 m\u00e2cher qui\u00a0<strong>renforce les muscles de la mastication<\/strong>\u00a0et prend soin des\u00a0<strong>dents et des gencives<\/strong>\u00a0de mani\u00e8re naturelle.<\/p>\n<p>Leur taille compacte en fait un snack parfait pour les d\u00e9placements ou comme petite r\u00e9compense entre les repas.<\/p>\n<\/div>\n<\/div>\n<p><strong>Remarque :<\/strong>\u00a0veuillez toujours donner les articles \u00e0 m\u00e2cher sous surveillance.<\/p>\n<\/div>\n<\/div>\n<\/div>\n<\/div>\n<\/div>\n<\/div>\n<p><strong>Avantages :<\/strong><\/p>\n<\/div>\n<\/div>\n<ul>\n<li>avec viande de b\u0153uf<\/li>\n<li>soutient les muscles de la mastication<\/li>\n<li>favorise l&rsquo;hygi\u00e8ne dentaire<\/li>\n<li>pour tous les groupes d&rsquo;\u00e2ge<\/li>\n<\/ul>\n","protected":false},"excerpt":{"rendered":"<ul>\n<li><span style=\"color: #ff8800;\">Savoureux snack \u00e0 m\u00e2cher \u00e0 base de viande de b\u0153uf s\u00e9ch\u00e9e<\/span><\/li>\n<\/ul>\n","protected":false},"featured_media":72882,"template":"","meta":[],"pwb-brand":[7769],"product_brand":[7770],"product_cat":[8138,7155,7167],"product_tag":[],"class_list":{"0":"post-72887","1":"product","2":"type-product","3":"status-publish","4":"has-post-thumbnail","6":"pwb-brand-bepure","7":"product_brand-bepure","8":"product_cat-articles-a-macher","9":"product_cat-chiens","10":"product_cat-tous","11":"pa_brand-bepure","12":"pa_geschmack-boeuf","13":"pa_haustier-chien-2","14":"pa_marke-bepure","15":"pa_ursprungsland-allemagne","16":"pa_z_cat2-hundefutter","18":"first","19":"instock","20":"taxable","21":"shipping-taxable","22":"purchasable","23":"product-type-variable"},"brands":[{"id":7769,"name":"bePure","slug":"bepure"}],"meta_box":{"lieferant":"Businesscom","lieferanten_email":"","produktzusammensetzung":"","restock_quantities_galaxus":"5","galaxus_restock_time":"21","galaxus_restock_date":"","galaxus_preis":"","export":"Nein","signalwort":[],"gefahrenpiktogramm":[],"gefahrenhinweise":[]},"_links":{"self":[{"href":"https:\/\/dadorana.ch\/fr\/wp-json\/wp\/v2\/product\/72887","targetHints":{"allow":["GET"]}}],"collection":[{"href":"https:\/\/dadorana.ch\/fr\/wp-json\/wp\/v2\/product"}],"about":[{"href":"https:\/\/dadorana.ch\/fr\/wp-json\/wp\/v2\/types\/product"}],"version-history":[{"count":0,"href":"https:\/\/dadorana.ch\/fr\/wp-json\/wp\/v2\/product\/72887\/revisions"}],"wp:featuredmedia":[{"embeddable":true,"href":"https:\/\/dadorana.ch\/fr\/wp-json\/wp\/v2\/media\/72882"}],"wp:attachment":[{"href":"https:\/\/dadorana.ch\/fr\/wp-json\/wp\/v2\/media?parent=72887"}],"wp:term":[{"taxonomy":"pwb-brand","embeddable":true,"href":"https:\/\/dadorana.ch\/fr\/wp-json\/wp\/v2\/pwb-brand?post=72887"},{"taxonomy":"product_brand","embeddable":true,"href":"https:\/\/dadorana.ch\/fr\/wp-json\/wp\/v2\/product_brand?post=72887"},{"taxonomy":"product_cat","embeddable":true,"href":"https:\/\/dadorana.ch\/fr\/wp-json\/wp\/v2\/product_cat?post=72887"},{"taxonomy":"product_tag","embeddable":true,"href":"https:\/\/dadorana.ch\/fr\/wp-json\/wp\/v2\/product_tag?post=72887"}],"curies":[{"name":"wp","href":"https:\/\/api.w.org\/{rel}","templated":true}]}}