{"id":73024,"date":"2026-03-26T15:40:26","date_gmt":"2026-03-26T14:40:26","guid":{"rendered":"https:\/\/dadorana.ch\/produkt\/bepure-kaninchenohren\/"},"modified":"2026-04-20T09:46:45","modified_gmt":"2026-04-20T07:46:45","slug":"bepure-oreilles-de-lapin","status":"publish","type":"product","link":"https:\/\/dadorana.ch\/fr\/produit\/bepure-oreilles-de-lapin\/","title":{"rendered":"bePure Oreilles de lapin"},"content":{"rendered":"<div class=\"product-info__content product-info__toggle-target\">\n<div class=\"wysiwyg\">\n<div class=\"product-info__content product-info__toggle-target\">\n<div class=\"wysiwyg\">\n<div class=\"product-info__content product-info__toggle-target\">\n<div class=\"wysiwyg\">\n<div class=\"product-info__content product-info__toggle-target\">\n<div class=\"wysiwyg\">\n<div class=\"product-info__content product-info__toggle-target\">\n<div class=\"wysiwyg\">\n<div class=\"product-info__content product-info__toggle-target\">\n<div class=\"wysiwyg\">\n<div class=\"product-info__content product-info__toggle-target\">\n<div class=\"wysiwyg\">\n<div class=\"product-info__content product-info__toggle-target\">\n<div class=\"wysiwyg\">\n<div class=\"product-info__content product-info__toggle-target\">\n<div class=\"wysiwyg\">\n<div class=\"product-info__content product-info__toggle-target\">\n<div class=\"wysiwyg\">\n<p>Les oreilles de lapin bePure offrent un\u00a0<strong>plaisir \u00e0 m\u00e2cher<\/strong>\u00a0de longue dur\u00e9e, id\u00e9al pour les\u00a0<strong>petits chiens<\/strong>, mais qui ravit \u00e9galement les chiens de taille moyenne et grande.<\/p>\n<p>Les oreilles de lapin bePure sont id\u00e9ales comme r\u00e9compense, pour occuper votre animal de compagnie ou tout simplement pour le choyer. Parall\u00e8lement, les deux vari\u00e9t\u00e9s contribuent \u00e0 l&rsquo;<strong>entretien des dents et des gencives<\/strong>\u00a0et favorisent une musculature masticatoire saine.<\/p>\n<p>Que ce soit pour les r\u00e9compenser, les occuper ou simplement les g\u00e2ter, les\u00a0<strong>oreilles de lapin bePure<\/strong>\u00a0sont un snack \u00e0 m\u00e2cher polyvalent et naturel que votre chien adorera.<\/p>\n<\/div>\n<\/div>\n<p><strong>Remarque :<\/strong>\u00a0veuillez toujours donner les aliments \u00e0 m\u00e2cher sous surveillance.<\/p>\n<\/div>\n<\/div>\n<\/div>\n<\/div>\n<\/div>\n<\/div>\n<p><strong>Avantages :<\/strong><\/p>\n<\/div>\n<\/div>\n<ul>\n<li>soutient les muscles de la mastication<\/li>\n<li>favorise l&rsquo;hygi\u00e8ne dentaire<\/li>\n<li>100 % naturel<\/li>\n<li>friandise \u00e0 m\u00e2cher pour chiens<\/li>\n<\/ul>\n<\/div>\n<\/div>\n<\/div>\n<\/div>\n<\/div>\n<\/div>\n<\/div>\n<\/div>\n<\/div>\n<\/div>\n","protected":false},"excerpt":{"rendered":"<ul>\n<li><span style=\"color: #ff8800;\">Oreilles de lapin naturelles en sachet avec fermeture ZIP<\/span><\/li>\n<\/ul>\n","protected":false},"featured_media":73023,"template":"","meta":[],"pwb-brand":[7769],"product_brand":[7770],"product_cat":[8138,7155,7167],"product_tag":[],"class_list":{"0":"post-73024","1":"product","2":"type-product","3":"status-publish","4":"has-post-thumbnail","6":"pwb-brand-bepure","7":"product_brand-bepure","8":"product_cat-articles-a-macher","9":"product_cat-chiens","10":"product_cat-tous","11":"pa_brand-bepure","12":"pa_geschmack-lapin","13":"pa_haustier-chien-2","14":"pa_marke-bepure","15":"pa_ursprungsland-allemagne","16":"pa_z_cat2-hundefutter","18":"first","19":"instock","20":"taxable","21":"shipping-taxable","22":"purchasable","23":"product-type-simple"},"brands":[{"id":7769,"name":"bePure","slug":"bepure"}],"meta_box":{"lieferant":"Businesscom","lieferanten_email":"","produktzusammensetzung":"","restock_quantities_galaxus":"10","galaxus_restock_time":"3","galaxus_restock_date":"","galaxus_preis":"","export":"Nein","signalwort":[],"gefahrenpiktogramm":[],"gefahrenhinweise":[]},"_links":{"self":[{"href":"https:\/\/dadorana.ch\/fr\/wp-json\/wp\/v2\/product\/73024","targetHints":{"allow":["GET"]}}],"collection":[{"href":"https:\/\/dadorana.ch\/fr\/wp-json\/wp\/v2\/product"}],"about":[{"href":"https:\/\/dadorana.ch\/fr\/wp-json\/wp\/v2\/types\/product"}],"version-history":[{"count":0,"href":"https:\/\/dadorana.ch\/fr\/wp-json\/wp\/v2\/product\/73024\/revisions"}],"wp:featuredmedia":[{"embeddable":true,"href":"https:\/\/dadorana.ch\/fr\/wp-json\/wp\/v2\/media\/73023"}],"wp:attachment":[{"href":"https:\/\/dadorana.ch\/fr\/wp-json\/wp\/v2\/media?parent=73024"}],"wp:term":[{"taxonomy":"pwb-brand","embeddable":true,"href":"https:\/\/dadorana.ch\/fr\/wp-json\/wp\/v2\/pwb-brand?post=73024"},{"taxonomy":"product_brand","embeddable":true,"href":"https:\/\/dadorana.ch\/fr\/wp-json\/wp\/v2\/product_brand?post=73024"},{"taxonomy":"product_cat","embeddable":true,"href":"https:\/\/dadorana.ch\/fr\/wp-json\/wp\/v2\/product_cat?post=73024"},{"taxonomy":"product_tag","embeddable":true,"href":"https:\/\/dadorana.ch\/fr\/wp-json\/wp\/v2\/product_tag?post=73024"}],"curies":[{"name":"wp","href":"https:\/\/api.w.org\/{rel}","templated":true}]}}