{"id":73033,"date":"2026-03-28T17:11:41","date_gmt":"2026-03-28T16:11:41","guid":{"rendered":"https:\/\/dadorana.ch\/produkt\/rogz-africa-exotic-calming-support-strauss\/"},"modified":"2026-04-14T13:18:45","modified_gmt":"2026-04-14T11:18:45","slug":"rogz-africa-exotic-calming-support-autruche","status":"publish","type":"product","link":"https:\/\/dadorana.ch\/fr\/produit\/rogz-africa-exotic-calming-support-autruche\/","title":{"rendered":"rogz Africa Exotic Calming Support autruche"},"content":{"rendered":"<p>Les\u00a0<strong>snacks rogz Africa Exotic Calming Support<\/strong>\u00a0combinent un plaisir de haute qualit\u00e9 et une utilit\u00e9 fonctionnelle. Fabriqu\u00e9s \u00e0 partir de v\u00e9ritable viande d&rsquo;autruche hypoallerg\u00e9nique provenant d&rsquo;\u00e9levages sauvages durables et \u00e9thiques en Afrique du Sud, ils constituent une source de prot\u00e9ines exclusive et particuli\u00e8rement bien tol\u00e9r\u00e9e \u2013 id\u00e9ale \u00e9galement pour les chiens sensibles.<\/p>\n<p>La\u00a0<strong>recette sans c\u00e9r\u00e9ales<\/strong>\u00a0est\u00a0<strong>enrichie de camomille et de passiflore<\/strong>\u00a0\u2013 deux substances v\u00e9g\u00e9tales \u00e9prouv\u00e9es qui\u00a0<strong>apaisent<\/strong>\u00a0naturellement le syst\u00e8me nerveux et favorisent l&rsquo;\u00e9quilibre int\u00e9rieur. Ces friandises sont donc le choix id\u00e9al dans les situations stressantes telles que les visites chez le v\u00e9t\u00e9rinaire, les voyages, les feux d&rsquo;artifice ou les orages.<\/p>\n<p>Gr\u00e2ce au traitement soigneux, le go\u00fbt et les nutriments sont pr\u00e9serv\u00e9s de mani\u00e8re optimale, tandis que les additifs, colorants et conservateurs artificiels sont totalement absents.<\/p>\n<p><strong>Avantages en un coup d&rsquo;\u0153il :<\/strong><\/p>\n<ul>\n<li>Soutient les chiens en situation de stress de mani\u00e8re naturelle<\/li>\n<li>Avec camomille &amp; passiflore pour plus de calme et de d\u00e9tente<\/li>\n<li>Fabriqu\u00e9 \u00e0 partir de viande d&rsquo;autruche durable de haute qualit\u00e9<\/li>\n<li>Hypoallerg\u00e9nique, sans c\u00e9r\u00e9ales &amp; facile \u00e0 dig\u00e9rer<\/li>\n<li>Id\u00e9al pour les chiens sensibles ou nerveux<\/li>\n<li>Sans additifs artificiels \u2013 100 % naturel<\/li>\n<\/ul>\n","protected":false},"excerpt":{"rendered":"<ul>\n<li>\n<div class=\"cs-buybox__section cs-buybox__section--essentials\">\n<div class=\"product attribute cs-buybox__std\">\n<div class=\"value\">\n<p><span style=\"color: #ff8800;\">Friandises douces d&rsquo;autruche, soutien naturel en cas de stress<\/span><\/p>\n<\/div>\n<\/div>\n<\/div>\n<div class=\"cs-buybox__section cs-buybox__section--product-form\">\n<div class=\"cs-buybox__shoppable\">\u00a0<\/div>\n<\/div>\n<\/li>\n<\/ul>\n","protected":false},"featured_media":73496,"template":"","meta":[],"pwb-brand":[7881],"product_brand":[7884],"product_cat":[7651,7155,7167],"product_tag":[],"class_list":{"0":"post-73033","1":"product","2":"type-product","3":"status-publish","4":"has-post-thumbnail","6":"pwb-brand-rogz","7":"product_brand-rogz","8":"product_cat-snacks","9":"product_cat-chiens","10":"product_cat-tous","11":"pa_brand-rogz","12":"pa_eigenschaften-calmant","13":"pa_eigenschaften-digestion-sensible","14":"pa_eigenschaften-sans-ble","15":"pa_eigenschaften-sans-cereales","16":"pa_eigenschaften-semi-humide","17":"pa_geschmack-autruche","18":"pa_haustier-chien-2","19":"pa_marke-rogz","20":"pa_ursprungsland-afrique-du-sud","21":"pa_z_cat2-hundefutter","23":"first","24":"instock","25":"taxable","26":"shipping-taxable","27":"purchasable","28":"product-type-simple"},"brands":[{"id":7881,"name":"Rogz","slug":"rogz"}],"meta_box":{"lieferant":"Businesscom","lieferanten_email":"","produktzusammensetzung":"","restock_quantities_galaxus":"5","galaxus_restock_time":"21","galaxus_restock_date":"","galaxus_preis":"","export":"Nein","signalwort":[],"gefahrenpiktogramm":[],"gefahrenhinweise":[]},"_links":{"self":[{"href":"https:\/\/dadorana.ch\/fr\/wp-json\/wp\/v2\/product\/73033","targetHints":{"allow":["GET"]}}],"collection":[{"href":"https:\/\/dadorana.ch\/fr\/wp-json\/wp\/v2\/product"}],"about":[{"href":"https:\/\/dadorana.ch\/fr\/wp-json\/wp\/v2\/types\/product"}],"version-history":[{"count":0,"href":"https:\/\/dadorana.ch\/fr\/wp-json\/wp\/v2\/product\/73033\/revisions"}],"wp:featuredmedia":[{"embeddable":true,"href":"https:\/\/dadorana.ch\/fr\/wp-json\/wp\/v2\/media\/73496"}],"wp:attachment":[{"href":"https:\/\/dadorana.ch\/fr\/wp-json\/wp\/v2\/media?parent=73033"}],"wp:term":[{"taxonomy":"pwb-brand","embeddable":true,"href":"https:\/\/dadorana.ch\/fr\/wp-json\/wp\/v2\/pwb-brand?post=73033"},{"taxonomy":"product_brand","embeddable":true,"href":"https:\/\/dadorana.ch\/fr\/wp-json\/wp\/v2\/product_brand?post=73033"},{"taxonomy":"product_cat","embeddable":true,"href":"https:\/\/dadorana.ch\/fr\/wp-json\/wp\/v2\/product_cat?post=73033"},{"taxonomy":"product_tag","embeddable":true,"href":"https:\/\/dadorana.ch\/fr\/wp-json\/wp\/v2\/product_tag?post=73033"}],"curies":[{"name":"wp","href":"https:\/\/api.w.org\/{rel}","templated":true}]}}