{"id":73055,"date":"2026-03-28T17:11:43","date_gmt":"2026-03-28T16:11:43","guid":{"rendered":"https:\/\/dadorana.ch\/produkt\/rogz-africa-exotic-digestive-help-strauss\/"},"modified":"2026-04-14T13:18:24","modified_gmt":"2026-04-14T11:18:24","slug":"rogz-africa-exotic-digestive-help-autruche","status":"publish","type":"product","link":"https:\/\/dadorana.ch\/fr\/produit\/rogz-africa-exotic-digestive-help-autruche\/","title":{"rendered":"rogz Africa Exotic Digestive Help Autruche"},"content":{"rendered":"<p>Les\u00a0<strong>snacks rogz Africa Exotic Digestive Help<\/strong>\u00a0associent un plaisir de haute qualit\u00e9 \u00e0 une fonction cibl\u00e9e pour la sant\u00e9 intestinale de votre chien. Fabriqu\u00e9s \u00e0 partir de v\u00e9ritable viande d&rsquo;autruche maigre provenant d&rsquo;\u00e9levages sauvages durables et \u00e9thiques en Afrique du Sud, ils constituent une source de prot\u00e9ines hypoallerg\u00e9nique et facile \u00e0 dig\u00e9rer \u2013 id\u00e9ale \u00e9galement pour les chiens sensibles.<\/p>\n<p>La\u00a0<strong>recette sans c\u00e9r\u00e9ales<\/strong>\u00a0est sp\u00e9cialement adapt\u00e9e aux besoins des animaux sensibles. L&rsquo;inuline et les fibres naturelles de pois soutiennent activement une flore intestinale saine, favorisent l&rsquo;absorption des nutriments et contribuent \u00e0 un processus digestif r\u00e9gulier et \u00e9quilibr\u00e9.<\/p>\n<p>Qu&rsquo;il s&rsquo;agisse d&rsquo;une petite r\u00e9compense ou d&rsquo;un snack fonctionnel entre les repas, Digestive Help assure le bien-\u00eatre de l&rsquo;int\u00e9rieur, sans colorants, ar\u00f4mes ou conservateurs artificiels.<\/p>\n<p><strong>Les avantages en un coup d&rsquo;\u0153il :<\/strong><\/p>\n<ul>\n<li>Soutient la fonction digestive naturelle<\/li>\n<li>Avec inuline et fibres de pois pour une flore intestinale saine<\/li>\n<li>Viande d&rsquo;autruche hypoallerg\u00e9nique issue d&rsquo;un \u00e9levage \u00e9thique en plein air<\/li>\n<li>Sans c\u00e9r\u00e9ales, facile \u00e0 dig\u00e9rer &amp; id\u00e9al pour les chiens sensibles<\/li>\n<li>Sans additifs artificiels \u2013 100 % naturel<\/li>\n<\/ul>\n","protected":false},"excerpt":{"rendered":"<ul>\n<li><span style=\"color: #ff8800;\">Friandises douces d&rsquo;autruche, soutien naturel pour une digestion saine<\/span><\/li>\n<\/ul>\n","protected":false},"featured_media":73053,"template":"","meta":[],"pwb-brand":[7881],"product_brand":[7884],"product_cat":[7651,7155,7167],"product_tag":[],"class_list":{"0":"post-73055","1":"product","2":"type-product","3":"status-publish","4":"has-post-thumbnail","6":"pwb-brand-rogz","7":"product_brand-rogz","8":"product_cat-snacks","9":"product_cat-chiens","10":"product_cat-tous","11":"pa_brand-rogz","12":"pa_eigenschaften-digestion-sensible","13":"pa_eigenschaften-monoproteine","14":"pa_eigenschaften-sans-ble","15":"pa_eigenschaften-sans-cereales","16":"pa_eigenschaften-sans-gluten","17":"pa_eigenschaften-semi-humide","18":"pa_geschmack-autruche","19":"pa_haustier-chien-2","20":"pa_marke-rogz","21":"pa_ursprungsland-afrique-du-sud","22":"pa_z_cat2-hundefutter","23":"pa_z_product_type-hundesnacks","25":"first","26":"instock","27":"taxable","28":"shipping-taxable","29":"purchasable","30":"product-type-simple"},"brands":[{"id":7881,"name":"Rogz","slug":"rogz"}],"meta_box":{"lieferant":"Businesscom","lieferanten_email":"","produktzusammensetzung":"","restock_quantities_galaxus":"5","galaxus_restock_time":"21","galaxus_restock_date":"","galaxus_preis":"","export":"Nein","signalwort":[],"gefahrenpiktogramm":[],"gefahrenhinweise":[]},"_links":{"self":[{"href":"https:\/\/dadorana.ch\/fr\/wp-json\/wp\/v2\/product\/73055","targetHints":{"allow":["GET"]}}],"collection":[{"href":"https:\/\/dadorana.ch\/fr\/wp-json\/wp\/v2\/product"}],"about":[{"href":"https:\/\/dadorana.ch\/fr\/wp-json\/wp\/v2\/types\/product"}],"version-history":[{"count":0,"href":"https:\/\/dadorana.ch\/fr\/wp-json\/wp\/v2\/product\/73055\/revisions"}],"wp:featuredmedia":[{"embeddable":true,"href":"https:\/\/dadorana.ch\/fr\/wp-json\/wp\/v2\/media\/73053"}],"wp:attachment":[{"href":"https:\/\/dadorana.ch\/fr\/wp-json\/wp\/v2\/media?parent=73055"}],"wp:term":[{"taxonomy":"pwb-brand","embeddable":true,"href":"https:\/\/dadorana.ch\/fr\/wp-json\/wp\/v2\/pwb-brand?post=73055"},{"taxonomy":"product_brand","embeddable":true,"href":"https:\/\/dadorana.ch\/fr\/wp-json\/wp\/v2\/product_brand?post=73055"},{"taxonomy":"product_cat","embeddable":true,"href":"https:\/\/dadorana.ch\/fr\/wp-json\/wp\/v2\/product_cat?post=73055"},{"taxonomy":"product_tag","embeddable":true,"href":"https:\/\/dadorana.ch\/fr\/wp-json\/wp\/v2\/product_tag?post=73055"}],"curies":[{"name":"wp","href":"https:\/\/api.w.org\/{rel}","templated":true}]}}