{"id":73072,"date":"2026-03-28T17:11:45","date_gmt":"2026-03-28T16:11:45","guid":{"rendered":"https:\/\/dadorana.ch\/produkt\/rogz-africa-exotic-skin-coat-help-zebra\/"},"modified":"2026-04-14T13:18:22","modified_gmt":"2026-04-14T11:18:22","slug":"rogz-africa-exotic-skin-coat-help-zebre","status":"publish","type":"product","link":"https:\/\/dadorana.ch\/fr\/produit\/rogz-africa-exotic-skin-coat-help-zebre\/","title":{"rendered":"rogz Africa Exotic Skin &#038; Coat Help Z\u00e8bre"},"content":{"rendered":"<p>Les\u00a0<strong>friandises rogz Africa Exotic Skin &amp; Coat Help<\/strong>\u00a0sont le choix id\u00e9al pour les chiens qui souffrent de peau s\u00e8che, de d\u00e9mangeaisons ou d&rsquo;un pelage terne. Fabriqu\u00e9s \u00e0 partir de viande de z\u00e8bre tendre provenant d&rsquo;un \u00e9levage \u00e9thique et durable en Afrique du Sud, ils s\u00e9duisent par leur source de prot\u00e9ines hypoallerg\u00e9niques de haute qualit\u00e9 \u2013 parfaits pour les chiens sensibles.<\/p>\n<p>La\u00a0<strong>recette sans c\u00e9r\u00e9ales<\/strong>\u00a0est compl\u00e9t\u00e9e par de la graisse de poulet riche en nutriments et de l&rsquo;huile de saumon fine, qui fournissent de pr\u00e9cieux acides gras om\u00e9ga-3 et om\u00e9ga-6. Ceux-ci soutiennent la barri\u00e8re naturelle de la peau, ont un effet anti-inflammatoire et assurent un pelage souple et brillant.<\/p>\n<p>Les Africa Exotic Treatz Skin &amp; Coat Help allient ainsi plaisir supr\u00eame et effet fonctionnel \u2013 un d\u00e9licieux snack qui contribue activement au bien-\u00eatre de votre chien.<\/p>\n<p><strong>Avantages en un coup d&rsquo;\u0153il :<\/strong><\/p>\n<ul>\n<li>Favorise la sant\u00e9 de la peau &amp; la brillance du pelage<\/li>\n<li>Avec des acides gras om\u00e9ga-3 et om\u00e9ga-6 issus de l&rsquo;huile de saumon et de la graisse de poulet<\/li>\n<li>A base de viande de z\u00e8bre tendre \u2013 hypoallerg\u00e9nique &amp; facile \u00e0 dig\u00e9rer<\/li>\n<li>Sans c\u00e9r\u00e9ales &amp; bien tol\u00e9r\u00e9 \u2013 id\u00e9al pour les chiens sensibles<\/li>\n<li>Viande issue d&rsquo;un \u00e9levage \u00e9thique et durable en Afrique du Sud<\/li>\n<li>Sans colorants, ar\u00f4mes ou conservateurs artificiels<\/li>\n<\/ul>\n","protected":false},"excerpt":{"rendered":"<ul>\n<li><span style=\"color: #ff8800;\">Friandises douces au z\u00e8bre, soin naturel pour la peau et le pelage<\/span><\/li>\n<\/ul>\n","protected":false},"featured_media":73070,"template":"","meta":[],"pwb-brand":[7881],"product_brand":[7884],"product_cat":[7651,7155,7167],"product_tag":[],"class_list":{"0":"post-73072","1":"product","2":"type-product","3":"status-publish","4":"has-post-thumbnail","6":"pwb-brand-rogz","7":"product_brand-rogz","8":"product_cat-snacks","9":"product_cat-chiens","10":"product_cat-tous","11":"pa_brand-rogz","12":"pa_eigenschaften-peau-et-fourrure","13":"pa_eigenschaften-sans-ble","14":"pa_eigenschaften-sans-cereales","15":"pa_eigenschaften-sans-gluten","16":"pa_eigenschaften-semi-humide","17":"pa_geschmack-zebre","18":"pa_haustier-chien-2","19":"pa_marke-rogz","20":"pa_ursprungsland-afrique-du-sud","21":"pa_z_cat2-hundefutter","22":"pa_z_product_type-hundesnacks","24":"first","25":"instock","26":"taxable","27":"shipping-taxable","28":"purchasable","29":"product-type-simple"},"brands":[{"id":7881,"name":"Rogz","slug":"rogz"}],"meta_box":{"lieferant":"Businesscom","lieferanten_email":"","produktzusammensetzung":"","restock_quantities_galaxus":"5","galaxus_restock_time":"21","galaxus_restock_date":"","galaxus_preis":"","export":"Nein","signalwort":[],"gefahrenpiktogramm":[],"gefahrenhinweise":[]},"_links":{"self":[{"href":"https:\/\/dadorana.ch\/fr\/wp-json\/wp\/v2\/product\/73072","targetHints":{"allow":["GET"]}}],"collection":[{"href":"https:\/\/dadorana.ch\/fr\/wp-json\/wp\/v2\/product"}],"about":[{"href":"https:\/\/dadorana.ch\/fr\/wp-json\/wp\/v2\/types\/product"}],"version-history":[{"count":0,"href":"https:\/\/dadorana.ch\/fr\/wp-json\/wp\/v2\/product\/73072\/revisions"}],"wp:featuredmedia":[{"embeddable":true,"href":"https:\/\/dadorana.ch\/fr\/wp-json\/wp\/v2\/media\/73070"}],"wp:attachment":[{"href":"https:\/\/dadorana.ch\/fr\/wp-json\/wp\/v2\/media?parent=73072"}],"wp:term":[{"taxonomy":"pwb-brand","embeddable":true,"href":"https:\/\/dadorana.ch\/fr\/wp-json\/wp\/v2\/pwb-brand?post=73072"},{"taxonomy":"product_brand","embeddable":true,"href":"https:\/\/dadorana.ch\/fr\/wp-json\/wp\/v2\/product_brand?post=73072"},{"taxonomy":"product_cat","embeddable":true,"href":"https:\/\/dadorana.ch\/fr\/wp-json\/wp\/v2\/product_cat?post=73072"},{"taxonomy":"product_tag","embeddable":true,"href":"https:\/\/dadorana.ch\/fr\/wp-json\/wp\/v2\/product_tag?post=73072"}],"curies":[{"name":"wp","href":"https:\/\/api.w.org\/{rel}","templated":true}]}}