{"id":73133,"date":"2026-03-28T17:11:46","date_gmt":"2026-03-28T16:11:46","guid":{"rendered":"https:\/\/dadorana.ch\/produkt\/rogz-africa-prime-huhn\/"},"modified":"2026-04-14T13:16:54","modified_gmt":"2026-04-14T11:16:54","slug":"rogz-africa-prime-au-poulet","status":"publish","type":"product","link":"https:\/\/dadorana.ch\/fr\/produit\/rogz-africa-prime-au-poulet\/","title":{"rendered":"rogz Africa Prime au poulet"},"content":{"rendered":"<p>Les\u00a0<strong>friandises rogz Africa Prime\u00a0<\/strong>au poulet sont des friandises particuli\u00e8rement tendres et sans c\u00e9r\u00e9ales en provenance d&rsquo;Afrique du Sud \u2013 parfaitement adapt\u00e9es aux chiens \u00e0 l&rsquo;estomac sensible, allergiques ou ayant des besoins alimentaires sp\u00e9cifiques<\/p>\n<p>La recette est bas\u00e9e sur\u00a0<strong>de la f\u00e9cule de pomme de terre facile \u00e0 dig\u00e9rer<\/strong>\u00a0et des prot\u00e9ines de poulet de haute qualit\u00e9, ce qui rend ces friandises non seulement d\u00e9licieuses, mais aussi tr\u00e8s bien tol\u00e9r\u00e9es. Gr\u00e2ce \u00e0 leur consistance molle, elles sont faciles \u00e0 m\u00e2cher et id\u00e9ales pour les petits chiens ou les entra\u00eenements fr\u00e9quents.<\/p>\n<p>Fabriqu\u00e9es sans sucre, sans soja ni additifs artificiels, les friandises Africa Prime Poulet offrent un plaisir naturel de qualit\u00e9 sup\u00e9rieure \u2013 hypoallerg\u00e9nique, doux et irr\u00e9sistiblement d\u00e9licieux.<\/p>\n<p><strong>Les avantages en un coup d&rsquo;\u0153il :<\/strong><\/p>\n<ul>\n<li>Consistance douce et facile \u00e0 m\u00e2cher \u2013 id\u00e9al pour les petits chiens et les chiots (\u00e0 partir de 6 Mois)<\/li>\n<li>Recette sans c\u00e9r\u00e9ales &amp; hypoallerg\u00e9nique<\/li>\n<li>Sans sucre, soja, colorants &amp; conservateurs<\/li>\n<li>Prot\u00e9ines de poulet de haute qualit\u00e9 en provenance d&rsquo;Afrique du Sud<\/li>\n<li>Particuli\u00e8rement bien tol\u00e9r\u00e9 \u2013 m\u00eame par les chiens sensibles<\/li>\n<\/ul>\n","protected":false},"excerpt":{"rendered":"<ul>\n<li><span style=\"color: #ff8800;\">Un plaisir tout en douceur pour les chiens sensibles<\/span><\/li>\n<\/ul>\n","protected":false},"featured_media":73131,"template":"","meta":[],"pwb-brand":[7881],"product_brand":[7884],"product_cat":[7651,7155,7167],"product_tag":[],"class_list":{"0":"post-73133","1":"product","2":"type-product","3":"status-publish","4":"has-post-thumbnail","6":"pwb-brand-rogz","7":"product_brand-rogz","8":"product_cat-snacks","9":"product_cat-chiens","10":"product_cat-tous","11":"pa_brand-rogz","12":"pa_eigenschaften-sans-ble","13":"pa_eigenschaften-sans-cereales","14":"pa_eigenschaften-sans-gluten","15":"pa_eigenschaften-semi-humide","16":"pa_geschmack-poulet","17":"pa_haustier-chien-2","18":"pa_marke-rogz","19":"pa_ursprungsland-afrique-du-sud","20":"pa_z_cat2-hundefutter","22":"first","23":"instock","24":"taxable","25":"shipping-taxable","26":"purchasable","27":"product-type-simple"},"brands":[{"id":7881,"name":"Rogz","slug":"rogz"}],"meta_box":{"lieferant":"Businesscom","lieferanten_email":"","produktzusammensetzung":"","restock_quantities_galaxus":"5","galaxus_restock_time":"21","galaxus_restock_date":"","galaxus_preis":"","export":"Nein","signalwort":[],"gefahrenpiktogramm":[],"gefahrenhinweise":[],"url_sicherheitdsdatenblatt":""},"_links":{"self":[{"href":"https:\/\/dadorana.ch\/fr\/wp-json\/wp\/v2\/product\/73133","targetHints":{"allow":["GET"]}}],"collection":[{"href":"https:\/\/dadorana.ch\/fr\/wp-json\/wp\/v2\/product"}],"about":[{"href":"https:\/\/dadorana.ch\/fr\/wp-json\/wp\/v2\/types\/product"}],"version-history":[{"count":2,"href":"https:\/\/dadorana.ch\/fr\/wp-json\/wp\/v2\/product\/73133\/revisions"}],"predecessor-version":[{"id":76171,"href":"https:\/\/dadorana.ch\/fr\/wp-json\/wp\/v2\/product\/73133\/revisions\/76171"}],"wp:featuredmedia":[{"embeddable":true,"href":"https:\/\/dadorana.ch\/fr\/wp-json\/wp\/v2\/media\/73131"}],"wp:attachment":[{"href":"https:\/\/dadorana.ch\/fr\/wp-json\/wp\/v2\/media?parent=73133"}],"wp:term":[{"taxonomy":"pwb-brand","embeddable":true,"href":"https:\/\/dadorana.ch\/fr\/wp-json\/wp\/v2\/pwb-brand?post=73133"},{"taxonomy":"product_brand","embeddable":true,"href":"https:\/\/dadorana.ch\/fr\/wp-json\/wp\/v2\/product_brand?post=73133"},{"taxonomy":"product_cat","embeddable":true,"href":"https:\/\/dadorana.ch\/fr\/wp-json\/wp\/v2\/product_cat?post=73133"},{"taxonomy":"product_tag","embeddable":true,"href":"https:\/\/dadorana.ch\/fr\/wp-json\/wp\/v2\/product_tag?post=73133"}],"curies":[{"name":"wp","href":"https:\/\/api.w.org\/{rel}","templated":true}]}}