{"id":73149,"date":"2026-03-28T17:11:49","date_gmt":"2026-03-28T16:11:49","guid":{"rendered":"https:\/\/dadorana.ch\/produkt\/rogz-africa-prime-lamm\/"},"modified":"2026-04-14T13:16:34","modified_gmt":"2026-04-14T11:16:34","slug":"rogz-africa-prime-a-lagneau","status":"publish","type":"product","link":"https:\/\/dadorana.ch\/fr\/produit\/rogz-africa-prime-a-lagneau\/","title":{"rendered":"rogz Africa Prime \u00e0 l&rsquo;agneau"},"content":{"rendered":"<p>Les\u00a0<strong>snacks rogz Africa Prime \u00e0 l&rsquo;agneau<\/strong>\u00a0sont des friandises molles sans c\u00e9r\u00e9ales en provenance d&rsquo;Afrique du Sud, sp\u00e9cialement con\u00e7ues pour les chiens ayant une digestion sensible ou des allergies. Gr\u00e2ce \u00e0 la combinaison de f\u00e9cule de pomme de terre facile \u00e0 dig\u00e9rer et d&rsquo;un go\u00fbt d\u00e9licat d&rsquo;agneau, elles offrent une r\u00e9compense savoureuse et hypoallerg\u00e9nique \u2013 id\u00e9ale pour une utilisation quotidienne.<\/p>\n<p>La recette est exempte de c\u00e9r\u00e9ales, de sucre, de soja et d&rsquo;agents conservateurs artificiels, ce qui garantit une tol\u00e9rance maximale. Gr\u00e2ce \u00e0 leur consistance molle, les friandises sont faciles \u00e0 m\u00e2cher et conviennent \u00e9galement parfaitement aux petits chiens ou aux personnes \u00e2g\u00e9es.<\/p>\n<p>Que ce soit pendant l&rsquo;entra\u00eenement ou comme petite attention entre deux, les snacks rogz Africa Prime \u00e0 l&rsquo;agneau convainquent par leur go\u00fbt naturel et leur composition digeste.<\/p>\n<p><strong>Les avantages en un coup d&rsquo;\u0153il :<\/strong><\/p>\n<ul>\n<li>Consistance molle, facile \u00e0 m\u00e2cher<\/li>\n<li>Sans c\u00e9r\u00e9ales, hypoallerg\u00e9nique &amp; bien tol\u00e9r\u00e9<\/li>\n<li>Exempt de sucre, de soja et d&rsquo;additifs artificiels<\/li>\n<li>Avec un go\u00fbt d&rsquo;agneau aromatique pour un maximum de plaisir<\/li>\n<li>Id\u00e9al pour les chiens sensibles et allergiques<\/li>\n<\/ul>\n","protected":false},"excerpt":{"rendered":"<ul>\n<li><span style=\"color: #ff8800;\">R\u00e9compense naturelle pour les chiens sensibles<\/span><\/li>\n<\/ul>\n","protected":false},"featured_media":73147,"template":"","meta":[],"pwb-brand":[7881],"product_brand":[7884],"product_cat":[7651,7155,7167],"product_tag":[],"class_list":{"0":"post-73149","1":"product","2":"type-product","3":"status-publish","4":"has-post-thumbnail","6":"pwb-brand-rogz","7":"product_brand-rogz","8":"product_cat-snacks","9":"product_cat-chiens","10":"product_cat-tous","11":"pa_brand-rogz","12":"pa_eigenschaften-sans-cereales","13":"pa_eigenschaften-sans-gluten","14":"pa_eigenschaften-semi-humide","15":"pa_eigenschaften-urinary","16":"pa_geschmack-agneau","17":"pa_haustier-chien-2","18":"pa_marke-rogz","19":"pa_ursprungsland-afrique-du-sud","20":"pa_z_cat2-hundefutter","22":"first","23":"instock","24":"taxable","25":"shipping-taxable","26":"purchasable","27":"product-type-simple"},"brands":[{"id":7881,"name":"Rogz","slug":"rogz"}],"meta_box":{"lieferant":"Businesscom","lieferanten_email":"","produktzusammensetzung":"","restock_quantities_galaxus":"5","galaxus_restock_time":"21","galaxus_restock_date":"","galaxus_preis":"","export":"Nein","signalwort":[],"gefahrenpiktogramm":[],"gefahrenhinweise":[]},"_links":{"self":[{"href":"https:\/\/dadorana.ch\/fr\/wp-json\/wp\/v2\/product\/73149","targetHints":{"allow":["GET"]}}],"collection":[{"href":"https:\/\/dadorana.ch\/fr\/wp-json\/wp\/v2\/product"}],"about":[{"href":"https:\/\/dadorana.ch\/fr\/wp-json\/wp\/v2\/types\/product"}],"version-history":[{"count":0,"href":"https:\/\/dadorana.ch\/fr\/wp-json\/wp\/v2\/product\/73149\/revisions"}],"wp:featuredmedia":[{"embeddable":true,"href":"https:\/\/dadorana.ch\/fr\/wp-json\/wp\/v2\/media\/73147"}],"wp:attachment":[{"href":"https:\/\/dadorana.ch\/fr\/wp-json\/wp\/v2\/media?parent=73149"}],"wp:term":[{"taxonomy":"pwb-brand","embeddable":true,"href":"https:\/\/dadorana.ch\/fr\/wp-json\/wp\/v2\/pwb-brand?post=73149"},{"taxonomy":"product_brand","embeddable":true,"href":"https:\/\/dadorana.ch\/fr\/wp-json\/wp\/v2\/product_brand?post=73149"},{"taxonomy":"product_cat","embeddable":true,"href":"https:\/\/dadorana.ch\/fr\/wp-json\/wp\/v2\/product_cat?post=73149"},{"taxonomy":"product_tag","embeddable":true,"href":"https:\/\/dadorana.ch\/fr\/wp-json\/wp\/v2\/product_tag?post=73149"}],"curies":[{"name":"wp","href":"https:\/\/api.w.org\/{rel}","templated":true}]}}