{"id":73224,"date":"2026-03-28T17:18:17","date_gmt":"2026-03-28T16:18:17","guid":{"rendered":"https:\/\/dadorana.ch\/produkt\/in-fluence-dentiz-sticks-hirsch\/"},"modified":"2026-04-14T13:16:34","modified_gmt":"2026-04-14T11:16:34","slug":"in-fluence-dentiz-sticks-au-cerf","status":"publish","type":"product","link":"https:\/\/dadorana.ch\/fr\/produit\/in-fluence-dentiz-sticks-au-cerf\/","title":{"rendered":"In-Fluence Dentiz Sticks au cerf"},"content":{"rendered":"<p>La forme triangulaire sp\u00e9ciale du <strong>IN-FLUENCE Dentiz Sticks<\/strong> favorise l&rsquo;abrasion m\u00e9canique de la plaque dentaire et du tartre tout en renfor\u00e7ant les muscles de la mastication. Notre d\u00e9licieux <strong>IN-FLUENCE Dentiz Sticks au saumon<\/strong> est la solution id\u00e9ale pour associer l&rsquo;hygi\u00e8ne dentaire au plaisir de m\u00e2cher. C&rsquo;est le snack parfait entre les repas.\u00a0<\/p>\n<p>Les\u00a0<strong>b\u00e2tonnets Dentiz au cerf, compos\u00e9s \u00e0 89,0 % de viande de cerf<\/strong>,\u00a0<strong>de<\/strong>\u00a0fibres v\u00e9g\u00e9tales et d&rsquo;extrait de levure (Macrogard), sont agr\u00e9ables \u00e0 m\u00e2cher et favorisent le nettoyage des dents. Leur forme triangulaire contribue au nettoyage m\u00e9canique des dents. La production en Suisse est synonyme de qualit\u00e9 contr\u00f4l\u00e9e.<\/p>\n<p><strong>Avantages :<\/strong><\/p>\n<ul>\n<li>Combinaison de soin dentaire quotidien et de friandise \u00e0 m\u00e2cher<\/li>\n<li>Favorise la sant\u00e9 dentaire<\/li>\n<li>R\u00e9pond \u00e0 l&rsquo;instinct de mastication<\/li>\n<li>Id\u00e9al pour l&rsquo;hygi\u00e8ne dentaire<\/li>\n<li>Recommand\u00e9 par les v\u00e9t\u00e9rinaires<\/li>\n<li>Forme triangulaire pour un nettoyage m\u00e9canique efficace des dents<\/li>\n<li>Fabriqu\u00e9 avec de la viande suisse<\/li>\n<li>La friandise id\u00e9ale entre les repas<\/li>\n<\/ul>\n","protected":false},"excerpt":{"rendered":"<ul>\n<li><span style=\"color: #ff8800;\">Kausticks mit Hirsch<\/span><\/li>\n<\/ul>\n","protected":false},"featured_media":73222,"template":"","meta":[],"pwb-brand":[7880],"product_brand":[7883],"product_cat":[7651,7155,7360,7167],"product_tag":[],"class_list":{"0":"post-73224","1":"product","2":"type-product","3":"status-publish","4":"has-post-thumbnail","6":"pwb-brand-in-fluence","7":"product_brand-in-fluence","8":"product_cat-snacks","9":"product_cat-chiens","10":"product_cat-produits-de-soins","11":"product_cat-tous","12":"pa_brand-in-fluence","13":"pa_geschmack-cerf","14":"pa_haustier-chien-2","15":"pa_marke-in-fluence","16":"pa_ursprungsland-suisse","17":"pa_z_cat2-hundefutter","18":"pa_z_product_type-hundesnacks","20":"first","21":"instock","22":"taxable","23":"shipping-taxable","24":"purchasable","25":"product-type-simple"},"brands":[{"id":7880,"name":"In-Fluence","slug":"in-fluence"}],"meta_box":{"lieferant":"Businesscom","lieferanten_email":"","produktzusammensetzung":"","restock_quantities_galaxus":"5","galaxus_restock_time":"21","galaxus_restock_date":"","galaxus_preis":"","export":"Nein","signalwort":[],"gefahrenpiktogramm":[],"gefahrenhinweise":[]},"_links":{"self":[{"href":"https:\/\/dadorana.ch\/fr\/wp-json\/wp\/v2\/product\/73224","targetHints":{"allow":["GET"]}}],"collection":[{"href":"https:\/\/dadorana.ch\/fr\/wp-json\/wp\/v2\/product"}],"about":[{"href":"https:\/\/dadorana.ch\/fr\/wp-json\/wp\/v2\/types\/product"}],"version-history":[{"count":0,"href":"https:\/\/dadorana.ch\/fr\/wp-json\/wp\/v2\/product\/73224\/revisions"}],"wp:featuredmedia":[{"embeddable":true,"href":"https:\/\/dadorana.ch\/fr\/wp-json\/wp\/v2\/media\/73222"}],"wp:attachment":[{"href":"https:\/\/dadorana.ch\/fr\/wp-json\/wp\/v2\/media?parent=73224"}],"wp:term":[{"taxonomy":"pwb-brand","embeddable":true,"href":"https:\/\/dadorana.ch\/fr\/wp-json\/wp\/v2\/pwb-brand?post=73224"},{"taxonomy":"product_brand","embeddable":true,"href":"https:\/\/dadorana.ch\/fr\/wp-json\/wp\/v2\/product_brand?post=73224"},{"taxonomy":"product_cat","embeddable":true,"href":"https:\/\/dadorana.ch\/fr\/wp-json\/wp\/v2\/product_cat?post=73224"},{"taxonomy":"product_tag","embeddable":true,"href":"https:\/\/dadorana.ch\/fr\/wp-json\/wp\/v2\/product_tag?post=73224"}],"curies":[{"name":"wp","href":"https:\/\/api.w.org\/{rel}","templated":true}]}}