{"id":73230,"date":"2026-03-26T15:39:04","date_gmt":"2026-03-26T14:39:04","guid":{"rendered":"https:\/\/dadorana.ch\/produkt\/bepure-kaese-chips\/"},"modified":"2026-04-14T13:20:47","modified_gmt":"2026-04-14T11:20:47","slug":"bepure-chips-au-fromage","status":"publish","type":"product","link":"https:\/\/dadorana.ch\/fr\/produit\/bepure-chips-au-fromage\/","title":{"rendered":"bePure Chips au fromage"},"content":{"rendered":"<p>Avec les chips au fromage de bePure, votre compagnon va vivre un v\u00e9ritable plaisir gustatif ! Produites en exclusivit\u00e9 sous le soleil du Toggenburg.<\/p>\n<p>Les chiens adorent le fromage ! Les chips au fromage sont fabriqu\u00e9es \u00e0 partir <strong>de lait de montagne 100 % suisse,<\/strong>\u00a0c&rsquo;est pourquoi elles contiennent beaucoup de prot\u00e9ines et de calcium.<\/p>\n<p><strong>Pr\u00e9paration :<\/strong>\u00a0mettre le nombre de chips souhait\u00e9 pendant env. 30-60 sec. (900\/600 watts) dans le micro-ondes ou pendant 3 min. dans le four pr\u00e9chauff\u00e9 (200 \u00b0C), puis bien laisser refroidir.<\/p>\n<p>Une fois cuites, les chips conviennent aux chiens \u00e0 partir de 10 semaines.<\/p>\n<p><strong>Avantages :<\/strong><\/p>\n<ul>\n<li>\u00e0 base de lait suisse<\/li>\n<li>fabriqu\u00e9es en Suisse<\/li>\n<li>sans gluten ni lactose<\/li>\n<li>riche en calcium et en prot\u00e9ines<\/li>\n<li>\u00e0 pr\u00e9parer soi-m\u00eame \u00e0 la maison<\/li>\n<\/ul>\n","protected":false},"excerpt":{"rendered":"<ul>\n<li><span style=\"color: #ff8800;\">Chips de fromage riches en prot\u00e9ines \u00e0 faire soi-m\u00eame, avec du lait suisse<\/span><\/li>\n<\/ul>\n","protected":false},"featured_media":72255,"template":"","meta":[],"pwb-brand":[7769],"product_brand":[7770],"product_cat":[8138,7155,7167],"product_tag":[],"class_list":{"0":"post-73230","1":"product","2":"type-product","3":"status-publish","4":"has-post-thumbnail","6":"pwb-brand-bepure","7":"product_brand-bepure","8":"product_cat-articles-a-macher","9":"product_cat-chiens","10":"product_cat-tous","11":"pa_brand-bepure","12":"pa_eigenschaften-sans-ble","13":"pa_eigenschaften-sans-cereales","14":"pa_eigenschaften-sans-gluten","15":"pa_geschmack-fromage","16":"pa_haustier-chien-2","17":"pa_marke-bepure","18":"pa_spezialeigenschaft-vegetarien","19":"pa_ursprungsland-suisse","20":"pa_z_cat2-hundefutter","22":"first","23":"instock","24":"taxable","25":"shipping-taxable","26":"purchasable","27":"product-type-simple"},"brands":[{"id":7769,"name":"bePure","slug":"bepure"}],"meta_box":{"lieferant":"Businesscom","lieferanten_email":"","produktzusammensetzung":"","restock_quantities_galaxus":"5","galaxus_restock_time":"21","galaxus_restock_date":"","galaxus_preis":"","export":"Nein","signalwort":[],"gefahrenpiktogramm":[],"gefahrenhinweise":[]},"_links":{"self":[{"href":"https:\/\/dadorana.ch\/fr\/wp-json\/wp\/v2\/product\/73230","targetHints":{"allow":["GET"]}}],"collection":[{"href":"https:\/\/dadorana.ch\/fr\/wp-json\/wp\/v2\/product"}],"about":[{"href":"https:\/\/dadorana.ch\/fr\/wp-json\/wp\/v2\/types\/product"}],"version-history":[{"count":0,"href":"https:\/\/dadorana.ch\/fr\/wp-json\/wp\/v2\/product\/73230\/revisions"}],"wp:featuredmedia":[{"embeddable":true,"href":"https:\/\/dadorana.ch\/fr\/wp-json\/wp\/v2\/media\/72255"}],"wp:attachment":[{"href":"https:\/\/dadorana.ch\/fr\/wp-json\/wp\/v2\/media?parent=73230"}],"wp:term":[{"taxonomy":"pwb-brand","embeddable":true,"href":"https:\/\/dadorana.ch\/fr\/wp-json\/wp\/v2\/pwb-brand?post=73230"},{"taxonomy":"product_brand","embeddable":true,"href":"https:\/\/dadorana.ch\/fr\/wp-json\/wp\/v2\/product_brand?post=73230"},{"taxonomy":"product_cat","embeddable":true,"href":"https:\/\/dadorana.ch\/fr\/wp-json\/wp\/v2\/product_cat?post=73230"},{"taxonomy":"product_tag","embeddable":true,"href":"https:\/\/dadorana.ch\/fr\/wp-json\/wp\/v2\/product_tag?post=73230"}],"curies":[{"name":"wp","href":"https:\/\/api.w.org\/{rel}","templated":true}]}}