{"id":73268,"date":"2026-03-29T11:45:16","date_gmt":"2026-03-29T09:45:16","guid":{"rendered":"https:\/\/dadorana.ch\/produkt\/in-fluence-plaque-spray-zahnpflegemittel\/"},"modified":"2026-04-03T02:27:50","modified_gmt":"2026-04-03T00:27:50","slug":"in-fluence-plaque-spray-produits-de-soins-dentaires","status":"publish","type":"product","link":"https:\/\/dadorana.ch\/fr\/produit\/in-fluence-plaque-spray-produits-de-soins-dentaires\/","title":{"rendered":"In\u200b-\u200bFluence Plaque Spray produits de soins dentaires"},"content":{"rendered":"<p>Le\u00a0<strong>spray antiplaque In-Fluence<\/strong>\u00a0est un produit d&rsquo;hygi\u00e8ne dentaire pour chiens, con\u00e7u pour une\u00a0<strong>hygi\u00e8ne buccale simple, douce et efficace<\/strong>, sans aucun brossage de dents. Il convient particuli\u00e8rement aux chiens aux gencives sensibles ou aux animaux qui ne tol\u00e8rent pas un nettoyage classique des dents.<\/p>\n<p>La formule innovante avec des enzymes bioactives favorise l&rsquo;<strong>inhibition de la formation de la plaque dentaire et du tartre<\/strong>\u00a0et contribue \u00e0 l&rsquo;entretien des gencives. En m\u00eame temps, le spray peut aider \u00e0 rafra\u00eechir l&rsquo;haleine et \u00e0 am\u00e9liorer le bien-\u00eatre g\u00e9n\u00e9ral dans la bouche.<\/p>\n<p>Gr\u00e2ce \u00e0 son utilisation simple, le spray antiplaque s&rsquo;int\u00e8gre facilement dans la routine quotidienne de soins. L&rsquo;accent est mis sur la\u00a0<strong>protection, l&rsquo;aptitude \u00e0 l&rsquo;usage quotidien et le bien-\u00eatre de l&rsquo;animal<\/strong>, sans sollicitation m\u00e9canique des dents ou des gencives.<\/p>\n<p><strong>Avantages :<\/strong><\/p>\n<ul>\n<li>Soin dentaire simple, doux et efficace<\/li>\n<li>Inhibe la formation de la plaque dentaire et du tartre<\/li>\n<li>Prend soin des gencives sensibles<\/li>\n<li>Convient aux chiens qui ne tol\u00e8rent pas le brossage des dents<\/li>\n<li>Favorise une haleine fra\u00eeche<\/li>\n<\/ul>\n","protected":false},"excerpt":{"rendered":"<ul>\n<li><span style=\"color: #ff8800;\">Spray pour un soin simple des dents et des gencives chez les chiens sans brossage des dents<\/span><\/li>\n<\/ul>\n","protected":false},"featured_media":73265,"template":"","meta":[],"pwb-brand":[7880],"product_brand":[7883],"product_cat":[7155,7360,7167],"product_tag":[],"class_list":{"0":"post-73268","1":"product","2":"type-product","3":"status-publish","4":"has-post-thumbnail","6":"pwb-brand-in-fluence","7":"product_brand-in-fluence","8":"product_cat-chiens","9":"product_cat-produits-de-soins","10":"product_cat-tous","11":"pa_brand-in-fluence","12":"pa_eigenschaften-pflegeprodukte-soins-dentaires","13":"pa_haustier-chien-2","14":"pa_marke-in-fluence","15":"pa_ursprungsland-allemagne","16":"pa_z_cat2-pflege","18":"first","19":"instock","20":"taxable","21":"shipping-taxable","22":"purchasable","23":"product-type-simple"},"brands":[{"id":7880,"name":"In-Fluence","slug":"in-fluence"}],"meta_box":{"lieferant":"Businesscom","lieferanten_email":"","produktzusammensetzung":"","restock_quantities_galaxus":"5","galaxus_restock_time":"21","galaxus_restock_date":"","galaxus_preis":"","export":"Nein","signalwort":[],"gefahrenpiktogramm":[],"gefahrenhinweise":[]},"_links":{"self":[{"href":"https:\/\/dadorana.ch\/fr\/wp-json\/wp\/v2\/product\/73268","targetHints":{"allow":["GET"]}}],"collection":[{"href":"https:\/\/dadorana.ch\/fr\/wp-json\/wp\/v2\/product"}],"about":[{"href":"https:\/\/dadorana.ch\/fr\/wp-json\/wp\/v2\/types\/product"}],"version-history":[{"count":0,"href":"https:\/\/dadorana.ch\/fr\/wp-json\/wp\/v2\/product\/73268\/revisions"}],"wp:featuredmedia":[{"embeddable":true,"href":"https:\/\/dadorana.ch\/fr\/wp-json\/wp\/v2\/media\/73265"}],"wp:attachment":[{"href":"https:\/\/dadorana.ch\/fr\/wp-json\/wp\/v2\/media?parent=73268"}],"wp:term":[{"taxonomy":"pwb-brand","embeddable":true,"href":"https:\/\/dadorana.ch\/fr\/wp-json\/wp\/v2\/pwb-brand?post=73268"},{"taxonomy":"product_brand","embeddable":true,"href":"https:\/\/dadorana.ch\/fr\/wp-json\/wp\/v2\/product_brand?post=73268"},{"taxonomy":"product_cat","embeddable":true,"href":"https:\/\/dadorana.ch\/fr\/wp-json\/wp\/v2\/product_cat?post=73268"},{"taxonomy":"product_tag","embeddable":true,"href":"https:\/\/dadorana.ch\/fr\/wp-json\/wp\/v2\/product_tag?post=73268"}],"curies":[{"name":"wp","href":"https:\/\/api.w.org\/{rel}","templated":true}]}}