{"id":73275,"date":"2026-03-30T13:36:40","date_gmt":"2026-03-30T11:36:40","guid":{"rendered":"https:\/\/dadorana.ch\/produkt\/in-fluence-immune-support\/"},"modified":"2026-04-14T13:14:02","modified_gmt":"2026-04-14T11:14:02","slug":"in-fluence-immune-support","status":"publish","type":"product","link":"https:\/\/dadorana.ch\/fr\/produit\/in-fluence-immune-support\/","title":{"rendered":"In-Fluence Immune Support"},"content":{"rendered":"<p>Les\u00a0<strong>comprim\u00e9s \u00e0 croquer<\/strong>\u00a0<strong>IN-FLUENCE Immune Support<\/strong>\u00a0ont \u00e9t\u00e9 d\u00e9velopp\u00e9s pour soutenir de mani\u00e8re cibl\u00e9e le\u00a0<strong>syst\u00e8me immunitaire des chiens et des chats<\/strong>\u00a0et renforcer leurs d\u00e9fenses naturelles. Ces comprim\u00e9s app\u00e9tissants contiennent une combinaison bien pens\u00e9e d&rsquo;<strong>\u00e9chinac\u00e9e,\u00a0<\/strong>de\u00a0<strong>propolis,\u00a0<\/strong>de\u00a0<strong>zinc,\u00a0<\/strong>de\u00a0<strong>b\u00eata-glucanes<\/strong>\u00a0ainsi que de\u00a0<strong>vitamines<\/strong>\u00a0essentielles qui accompagnent l&rsquo;organisme dans sa fonction de d\u00e9fense quotidienne.<\/p>\n<p>Ces comprim\u00e9s \u00e0 croquer sont particuli\u00e8rement recommand\u00e9s pour\u00a0<strong>les jeunes animaux en pleine croissance<\/strong>,\u00a0<strong>les animaux \u00e2g\u00e9s,<\/strong>\u00a0ainsi que pour\u00a0<strong>stabiliser le syst\u00e8me immunitaire apr\u00e8s une maladie<\/strong>. Ils apportent \u00e9galement une aide pr\u00e9cieuse pour soutenir les d\u00e9fenses de l&rsquo;organisme pendant les p\u00e9riodes de stress, comme\u00a0<strong>le printemps et l&rsquo;automne<\/strong>.<\/p>\n<p>Gr\u00e2ce \u00e0 leur formule bien accept\u00e9e, les comprim\u00e9s \u00e0 croquer sont volontiers consomm\u00e9s et s\u2019int\u00e8grent facilement dans le quotidien. Ainsi,\u00a0<strong>IN-FLUENCE Immune Support<\/strong>\u00a0allie un apport nutritionnel fonctionnel \u00e0 une petite collation savoureuse.<\/p>\n","protected":false},"excerpt":{"rendered":"<ul>\n<li><span style=\"color: #ff8800;\">De d\u00e9licieux comprim\u00e9s \u00e0 croquer pour renforcer le syst\u00e8me immunitaire des chiens et des chats<\/span><\/li>\n<\/ul>\n","protected":false},"featured_media":73101,"template":"","meta":[],"pwb-brand":[7880],"product_brand":[7883],"product_cat":[7227,7238,7155,7274,7167],"product_tag":[],"class_list":{"0":"post-73275","1":"product","2":"type-product","3":"status-publish","4":"has-post-thumbnail","6":"pwb-brand-in-fluence","7":"product_brand-in-fluence","8":"product_cat-complements-alimentaires","9":"product_cat-chats","10":"product_cat-chiens","11":"product_cat-complements-alimentaires-chats","12":"product_cat-tous","13":"pa_brand-in-fluence","14":"pa_eigenschaften-systeme-immunitaire","15":"pa_haustier-chat","16":"pa_haustier-chien-2","17":"pa_marke-in-fluence","18":"pa_ursprungsland-allemagne","19":"pa_z_cat2-hundefutter","21":"first","22":"instock","23":"taxable","24":"shipping-taxable","25":"purchasable","26":"product-type-simple"},"brands":[{"id":7880,"name":"In-Fluence","slug":"in-fluence"}],"meta_box":{"lieferant":"Businesscom","lieferanten_email":"","produktzusammensetzung":"","restock_quantities_galaxus":"5","galaxus_restock_time":"21","galaxus_restock_date":"","galaxus_preis":"","export":"Nein","signalwort":[],"gefahrenpiktogramm":[],"gefahrenhinweise":[]},"_links":{"self":[{"href":"https:\/\/dadorana.ch\/fr\/wp-json\/wp\/v2\/product\/73275","targetHints":{"allow":["GET"]}}],"collection":[{"href":"https:\/\/dadorana.ch\/fr\/wp-json\/wp\/v2\/product"}],"about":[{"href":"https:\/\/dadorana.ch\/fr\/wp-json\/wp\/v2\/types\/product"}],"version-history":[{"count":2,"href":"https:\/\/dadorana.ch\/fr\/wp-json\/wp\/v2\/product\/73275\/revisions"}],"predecessor-version":[{"id":76156,"href":"https:\/\/dadorana.ch\/fr\/wp-json\/wp\/v2\/product\/73275\/revisions\/76156"}],"wp:featuredmedia":[{"embeddable":true,"href":"https:\/\/dadorana.ch\/fr\/wp-json\/wp\/v2\/media\/73101"}],"wp:attachment":[{"href":"https:\/\/dadorana.ch\/fr\/wp-json\/wp\/v2\/media?parent=73275"}],"wp:term":[{"taxonomy":"pwb-brand","embeddable":true,"href":"https:\/\/dadorana.ch\/fr\/wp-json\/wp\/v2\/pwb-brand?post=73275"},{"taxonomy":"product_brand","embeddable":true,"href":"https:\/\/dadorana.ch\/fr\/wp-json\/wp\/v2\/product_brand?post=73275"},{"taxonomy":"product_cat","embeddable":true,"href":"https:\/\/dadorana.ch\/fr\/wp-json\/wp\/v2\/product_cat?post=73275"},{"taxonomy":"product_tag","embeddable":true,"href":"https:\/\/dadorana.ch\/fr\/wp-json\/wp\/v2\/product_tag?post=73275"}],"curies":[{"name":"wp","href":"https:\/\/api.w.org\/{rel}","templated":true}]}}