{"id":73283,"date":"2026-03-30T13:36:41","date_gmt":"2026-03-30T11:36:41","guid":{"rendered":"https:\/\/dadorana.ch\/produkt\/in-fluence-coat-support\/"},"modified":"2026-04-14T13:14:02","modified_gmt":"2026-04-14T11:14:02","slug":"in-fluence-coat-support","status":"publish","type":"product","link":"https:\/\/dadorana.ch\/fr\/produit\/in-fluence-coat-support\/","title":{"rendered":"In-Fluence Coat Support"},"content":{"rendered":"<p>Les\u00a0<strong>comprim\u00e9s \u00e0 croquer IN-FLUENCE Coat Support<\/strong>\u00a0ont \u00e9t\u00e9 d\u00e9velopp\u00e9s pour prendre soin de\u00a0<strong>la peau et du pelage des chiens et des chats<\/strong>. Ces comprim\u00e9s \u00e0 croquer savoureux contiennent une combinaison \u00e9quilibr\u00e9e de\u00a0<strong>levure, d&rsquo;acides gras om\u00e9ga-3 et om\u00e9ga-6,\u00a0<\/strong>de\u00a0<strong>biotine et\u00a0<\/strong>de\u00a0<strong>zinc<\/strong>, qui r\u00e9gulent la pousse des poils, renforcent la structure du pelage et soignent la peau de l&rsquo;int\u00e9rieur.<\/p>\n<p>Les nutriments qu&rsquo;elles contiennent contribuent \u00e0 rendre\u00a0<strong>le pelage brillant<\/strong>\u00a0et\u00a0<strong>\u00e0 stabiliser<\/strong>\u00a0la\u00a0<strong>barri\u00e8re cutan\u00e9e<\/strong>. En m\u00eame temps, elles ont un effet apaisant sur les peaux sensibles ou irrit\u00e9es. Ces comprim\u00e9s \u00e0 croquer conviennent donc particuli\u00e8rement bien aux animaux ayant\u00a0<strong>un pelage terne<\/strong>,\u00a0<strong>des irritations cutan\u00e9es<\/strong>\u00a0ou comme soutien cibl\u00e9\u00a0<strong>pendant la mue<\/strong>.<\/p>\n<p>Gr\u00e2ce \u00e0 leur formule tr\u00e8s bien accept\u00e9e, ces comprim\u00e9s sont volontiers consomm\u00e9s et s\u2019int\u00e8grent facilement au quotidien. Les\u00a0<strong>comprim\u00e9s \u00e0 m\u00e2cher IN-FLUENCE Coat Support<\/strong>\u00a0allient ainsi un apport nutritionnel fonctionnel \u00e0 une petite friandise savoureuse que votre compagnon \u00e0 quatre pattes appr\u00e9ciera chaque jour.<\/p>\n","protected":false},"excerpt":{"rendered":"<ul>\n<li><span style=\"color: #ff8800;\">De d\u00e9licieux comprim\u00e9s \u00e0 croquer pour prendre soin de la peau et du Pelage des chiens et des chats<\/span><\/li>\n<\/ul>\n","protected":false},"featured_media":73281,"template":"","meta":[],"pwb-brand":[7880],"product_brand":[7883],"product_cat":[7227,7238,7155,7274,7167],"product_tag":[],"class_list":{"0":"post-73283","1":"product","2":"type-product","3":"status-publish","4":"has-post-thumbnail","6":"pwb-brand-in-fluence","7":"product_brand-in-fluence","8":"product_cat-complements-alimentaires","9":"product_cat-chats","10":"product_cat-chiens","11":"product_cat-complements-alimentaires-chats","12":"product_cat-tous","13":"pa_brand-in-fluence","14":"pa_eigenschaften-peau-et-fourrure","15":"pa_haustier-chat","16":"pa_haustier-chien-2","17":"pa_marke-in-fluence","18":"pa_ursprungsland-allemagne","19":"pa_z_cat2-hundefutter","21":"first","22":"instock","23":"taxable","24":"shipping-taxable","25":"purchasable","26":"product-type-simple"},"brands":[{"id":7880,"name":"In-Fluence","slug":"in-fluence"}],"meta_box":{"lieferant":"Businesscom","lieferanten_email":"","produktzusammensetzung":"","restock_quantities_galaxus":"5","galaxus_restock_time":"21","galaxus_restock_date":"","galaxus_preis":"","export":"Nein","signalwort":[],"gefahrenpiktogramm":[],"gefahrenhinweise":[]},"_links":{"self":[{"href":"https:\/\/dadorana.ch\/fr\/wp-json\/wp\/v2\/product\/73283","targetHints":{"allow":["GET"]}}],"collection":[{"href":"https:\/\/dadorana.ch\/fr\/wp-json\/wp\/v2\/product"}],"about":[{"href":"https:\/\/dadorana.ch\/fr\/wp-json\/wp\/v2\/types\/product"}],"version-history":[{"count":2,"href":"https:\/\/dadorana.ch\/fr\/wp-json\/wp\/v2\/product\/73283\/revisions"}],"predecessor-version":[{"id":76157,"href":"https:\/\/dadorana.ch\/fr\/wp-json\/wp\/v2\/product\/73283\/revisions\/76157"}],"wp:featuredmedia":[{"embeddable":true,"href":"https:\/\/dadorana.ch\/fr\/wp-json\/wp\/v2\/media\/73281"}],"wp:attachment":[{"href":"https:\/\/dadorana.ch\/fr\/wp-json\/wp\/v2\/media?parent=73283"}],"wp:term":[{"taxonomy":"pwb-brand","embeddable":true,"href":"https:\/\/dadorana.ch\/fr\/wp-json\/wp\/v2\/pwb-brand?post=73283"},{"taxonomy":"product_brand","embeddable":true,"href":"https:\/\/dadorana.ch\/fr\/wp-json\/wp\/v2\/product_brand?post=73283"},{"taxonomy":"product_cat","embeddable":true,"href":"https:\/\/dadorana.ch\/fr\/wp-json\/wp\/v2\/product_cat?post=73283"},{"taxonomy":"product_tag","embeddable":true,"href":"https:\/\/dadorana.ch\/fr\/wp-json\/wp\/v2\/product_tag?post=73283"}],"curies":[{"name":"wp","href":"https:\/\/api.w.org\/{rel}","templated":true}]}}