{"id":73317,"date":"2026-03-30T13:36:49","date_gmt":"2026-03-30T11:36:49","guid":{"rendered":"https:\/\/dadorana.ch\/produkt\/in-fluence-probiotic-pet-spray\/"},"modified":"2026-04-03T02:27:42","modified_gmt":"2026-04-03T00:27:42","slug":"in-fluence-probiotic-pet-spray","status":"publish","type":"product","link":"https:\/\/dadorana.ch\/fr\/produit\/in-fluence-probiotic-pet-spray\/","title":{"rendered":"In-Fluence Probiotic Pet Spray"},"content":{"rendered":"<p>Le\u00a0<strong>spray In-Fluence Probiotic Pet<\/strong>\u00a0est un produit de soin polyvalent pour les chiens et les chats et leur environnement. Il a \u00e9t\u00e9 con\u00e7u pour\u00a0<strong>r\u00e9duire les odeurs des animaux<\/strong>\u00a0tout en favorisant un environnement agr\u00e9able et hygi\u00e9nique. Le spray peut \u00eatre utilis\u00e9 directement sur l&rsquo;animal ainsi que sur les textiles et dans les abris pour animaux.<\/p>\n<p>La formulation probiotique est con\u00e7ue pour une\u00a0<strong>utilisation durable et respectueuse des animaux<\/strong>. Elle peut aider \u00e0 r\u00e9duire les odeurs ind\u00e9sirables et \u00e0 am\u00e9liorer le bien-\u00eatre de l&rsquo;animal et de l&rsquo;homme au quotidien. Gr\u00e2ce \u00e0 son utilisation simple, le spray s&rsquo;int\u00e8gre facilement dans la routine quotidienne de soins et de nettoyage.<\/p>\n<p>Le Probiotic Pet Spray est con\u00e7u pour une utilisation r\u00e9guli\u00e8re et peut \u00eatre utilis\u00e9 de mani\u00e8re flexible dans diff\u00e9rents domaines. L&rsquo;accent est mis sur\u00a0<strong>la praticit\u00e9 au quotidien, la facilit\u00e9 d&rsquo;utilisation et la propret\u00e9 de l&rsquo;environnement<\/strong>.<\/p>\n<p><strong>Avantages :<\/strong><\/p>\n<ul>\n<li>R\u00e9duit les odeurs animales dans les zones d&rsquo;habitation et de s\u00e9jour<\/li>\n<li>Convient pour les animaux, les textiles et les abris pour animaux<\/li>\n<li>Favorise un environnement hygi\u00e9nique<\/li>\n<li>Formulation respectueuse des animaux et durable<\/li>\n<li>Facile \u00e0 int\u00e9grer dans la routine quotidienne<\/li>\n<\/ul>\n","protected":false},"excerpt":{"rendered":"<ul>\n<li><span style=\"color: #ff8800;\">Spray anti-odeur et anti-allerg\u00e8ne \u00e0 utiliser sur les accessoires et directement sur les chiens et chats<\/span><\/li>\n<\/ul>\n","protected":false},"featured_media":73316,"template":"","meta":[],"pwb-brand":[7880],"product_brand":[7883],"product_cat":[7360,7238,7155,7272,7167],"product_tag":[],"class_list":{"0":"post-73317","1":"product","2":"type-product","3":"status-publish","4":"has-post-thumbnail","6":"pwb-brand-in-fluence","7":"product_brand-in-fluence","8":"product_cat-produits-de-soins","9":"product_cat-chats","10":"product_cat-chiens","11":"product_cat-produits-de-soin-chats","12":"product_cat-tous","13":"pa_brand-in-fluence","14":"pa_haustier-chat","15":"pa_haustier-chien-2","16":"pa_marke-in-fluence","17":"pa_pflegemittel-anwendungsberei-nettoyage","18":"pa_pflegemittel-anwendungsberei-neutralisant-et-eliminateur-dodeurs","19":"pa_ursprungsland-allemagne","20":"pa_z_cat2-hygiene","22":"first","23":"instock","24":"taxable","25":"shipping-taxable","26":"purchasable","27":"product-type-simple"},"brands":[{"id":7880,"name":"In-Fluence","slug":"in-fluence"}],"meta_box":{"lieferant":"Businesscom","lieferanten_email":"","produktzusammensetzung":"","restock_quantities_galaxus":"5","galaxus_restock_time":"21","galaxus_restock_date":"","galaxus_preis":"","export":"Nein","signalwort":[],"gefahrenpiktogramm":[],"gefahrenhinweise":[]},"_links":{"self":[{"href":"https:\/\/dadorana.ch\/fr\/wp-json\/wp\/v2\/product\/73317","targetHints":{"allow":["GET"]}}],"collection":[{"href":"https:\/\/dadorana.ch\/fr\/wp-json\/wp\/v2\/product"}],"about":[{"href":"https:\/\/dadorana.ch\/fr\/wp-json\/wp\/v2\/types\/product"}],"version-history":[{"count":0,"href":"https:\/\/dadorana.ch\/fr\/wp-json\/wp\/v2\/product\/73317\/revisions"}],"wp:featuredmedia":[{"embeddable":true,"href":"https:\/\/dadorana.ch\/fr\/wp-json\/wp\/v2\/media\/73316"}],"wp:attachment":[{"href":"https:\/\/dadorana.ch\/fr\/wp-json\/wp\/v2\/media?parent=73317"}],"wp:term":[{"taxonomy":"pwb-brand","embeddable":true,"href":"https:\/\/dadorana.ch\/fr\/wp-json\/wp\/v2\/pwb-brand?post=73317"},{"taxonomy":"product_brand","embeddable":true,"href":"https:\/\/dadorana.ch\/fr\/wp-json\/wp\/v2\/product_brand?post=73317"},{"taxonomy":"product_cat","embeddable":true,"href":"https:\/\/dadorana.ch\/fr\/wp-json\/wp\/v2\/product_cat?post=73317"},{"taxonomy":"product_tag","embeddable":true,"href":"https:\/\/dadorana.ch\/fr\/wp-json\/wp\/v2\/product_tag?post=73317"}],"curies":[{"name":"wp","href":"https:\/\/api.w.org\/{rel}","templated":true}]}}