{"id":73370,"date":"2026-03-30T13:36:50","date_gmt":"2026-03-30T11:36:50","guid":{"rendered":"https:\/\/dadorana.ch\/produkt\/in-fluence-multi-vitamin-pulver\/"},"modified":"2026-04-03T02:27:40","modified_gmt":"2026-04-03T00:27:40","slug":"in-fluence-multi-vitamin-poudre","status":"publish","type":"product","link":"https:\/\/dadorana.ch\/fr\/produit\/in-fluence-multi-vitamin-poudre\/","title":{"rendered":"In-Fluence Multi-Vitamin poudre"},"content":{"rendered":"<p><strong>Apport optimal en vitamines pour une vie de chien saine<br \/><\/strong>La poudre multi-vitamines In-Fluence 400 g est le compl\u00e9ment id\u00e9al \u00e0 l&rsquo;alimentation quotidienne de votre chien. Un apport \u00e9quilibr\u00e9 en vitamines constitue la base d&rsquo;une vie vitale et active. Dans certaines phases de la vie, comme la croissance ou la vieillesse, le besoin en vitamines peut \u00eatre augment\u00e9. Cette poudre assure que votre chien est parfaitement approvisionn\u00e9 dans toutes les situations de la vie.<\/p>\n<p><strong>Soutien cibl\u00e9 gr\u00e2ce \u00e0 une formulation r\u00e9fl\u00e9chie<br \/><\/strong>La formulation sp\u00e9cialement d\u00e9velopp\u00e9e de la poudre multi-vitamines In-Fluence contient des vitamines soigneusement s\u00e9lectionn\u00e9es qui renforcent l&rsquo;organisme de votre chien. Que ce soit pour les chiots qui ont besoin d&rsquo;un d\u00e9part sain dans la vie, ou pour les chiens actifs qui r\u00e9alisent des performances sportives optimales \u2013 ce produit soutient la r\u00e9sistance naturelle et contribue \u00e0 maintenir la vitalit\u00e9. Votre chien b\u00e9n\u00e9ficie d&rsquo;une sant\u00e9 renforc\u00e9e et d&rsquo;une joie de vivre accrue.<\/p>\n<p><strong>Applicabilit\u00e9 polyvalente pour chaque phase de la vie<br \/><\/strong>La poudre multi-vitamines In-Fluence n&rsquo;est pas seulement savoureuse, mais aussi polyvalente. Elle convient parfaitement aux diff\u00e9rents besoins des chiots, des chiens actifs et des chiens plus \u00e2g\u00e9s. Que votre chien ait besoin de soutien dans son activit\u00e9 quotidienne ou dans une phase de vie tranquille, cette poudre est un pr\u00e9cieux compl\u00e9ment \u00e0 l&rsquo;alimentation normale. Assurez une vie longue, saine et vitale \u00e0 votre chien avec cette solution pratique.<\/p>\n","protected":false},"excerpt":{"rendered":"<ul>\n<li><span style=\"color: #ff8800;\">renforce l&rsquo;organisme<\/span><\/li>\n<li><span style=\"color: #ff8800;\">soutient le syst\u00e8me immunitaire<\/span><\/li>\n<li><span style=\"color: #ff8800;\">augmente la vitalit\u00e9<\/span><\/li>\n<li><span style=\"color: #ff8800;\">convient aux chiots, aux chiens \u00e2g\u00e9s et aux chiens actifs et sportifs<\/span><\/li>\n<\/ul>\n","protected":false},"featured_media":73369,"template":"","meta":[],"pwb-brand":[7880],"product_brand":[7883],"product_cat":[7227,7155,7167],"product_tag":[],"class_list":{"0":"post-73370","1":"product","2":"type-product","3":"status-publish","4":"has-post-thumbnail","6":"pwb-brand-in-fluence","7":"product_brand-in-fluence","8":"product_cat-complements-alimentaires","9":"product_cat-chiens","10":"product_cat-tous","11":"pa_brand-in-fluence","12":"pa_eigenschaften-vitamines","13":"pa_haustier-chien-2","14":"pa_marke-in-fluence","15":"pa_ursprungsland-allemagne","16":"pa_z_cat2-hundefutter","18":"first","19":"instock","20":"taxable","21":"shipping-taxable","22":"purchasable","23":"product-type-simple"},"brands":[{"id":7880,"name":"In-Fluence","slug":"in-fluence"}],"meta_box":{"lieferant":"Businesscom","lieferanten_email":"","produktzusammensetzung":"","restock_quantities_galaxus":"5","galaxus_restock_time":"21","galaxus_restock_date":"","galaxus_preis":"","export":"Nein","signalwort":[],"gefahrenpiktogramm":[],"gefahrenhinweise":[]},"_links":{"self":[{"href":"https:\/\/dadorana.ch\/fr\/wp-json\/wp\/v2\/product\/73370","targetHints":{"allow":["GET"]}}],"collection":[{"href":"https:\/\/dadorana.ch\/fr\/wp-json\/wp\/v2\/product"}],"about":[{"href":"https:\/\/dadorana.ch\/fr\/wp-json\/wp\/v2\/types\/product"}],"version-history":[{"count":0,"href":"https:\/\/dadorana.ch\/fr\/wp-json\/wp\/v2\/product\/73370\/revisions"}],"wp:featuredmedia":[{"embeddable":true,"href":"https:\/\/dadorana.ch\/fr\/wp-json\/wp\/v2\/media\/73369"}],"wp:attachment":[{"href":"https:\/\/dadorana.ch\/fr\/wp-json\/wp\/v2\/media?parent=73370"}],"wp:term":[{"taxonomy":"pwb-brand","embeddable":true,"href":"https:\/\/dadorana.ch\/fr\/wp-json\/wp\/v2\/pwb-brand?post=73370"},{"taxonomy":"product_brand","embeddable":true,"href":"https:\/\/dadorana.ch\/fr\/wp-json\/wp\/v2\/product_brand?post=73370"},{"taxonomy":"product_cat","embeddable":true,"href":"https:\/\/dadorana.ch\/fr\/wp-json\/wp\/v2\/product_cat?post=73370"},{"taxonomy":"product_tag","embeddable":true,"href":"https:\/\/dadorana.ch\/fr\/wp-json\/wp\/v2\/product_tag?post=73370"}],"curies":[{"name":"wp","href":"https:\/\/api.w.org\/{rel}","templated":true}]}}