{"id":73947,"date":"2026-04-01T07:00:29","date_gmt":"2026-04-01T05:00:29","guid":{"rendered":"https:\/\/dadorana.ch\/produkt\/rinti-filetto-mit-huhn-huehnerherz-in-gelee\/"},"modified":"2026-04-03T11:40:09","modified_gmt":"2026-04-03T09:40:09","slug":"rinti-filetto-au-poulet-coeur-de-poulet-en-gelee","status":"publish","type":"product","link":"https:\/\/dadorana.ch\/fr\/produit\/rinti-filetto-au-poulet-coeur-de-poulet-en-gelee\/","title":{"rendered":"Rinti Filetto au Poulet &#038; C\u0153ur de Poulet en gel\u00e9e"},"content":{"rendered":"<p><strong>Rinti Filetto\u00a0<\/strong>au<strong>\u00a0poulet &amp; c\u0153ur de poulet\u00a0<\/strong>en gel\u00e9e<strong>\u00a0<\/strong>est une\u00a0<strong>nourriture humide<\/strong>\u00a0facile \u00e0 dig\u00e9rer et savoureuse\u00a0 pour\u00a0<strong>les chiens<\/strong>\u00a0<strong>adultes<\/strong>\u00a0.\u00a0Recette compos\u00e9e de filets de poulet clair en gel\u00e9e d\u00e9licate, garnie de c\u0153urs de poulet.<\/p>\n<p>Ce repas a \u00e9t\u00e9 pr\u00e9par\u00e9 avec la m\u00e9thode sp\u00e9ciale de conservation de Rinti pour garantir \u00e0 la fois une digestion facile et une exp\u00e9rience gustative particuli\u00e8re.<\/p>\n<p><strong>Avantages du produit :<\/strong><\/p>\n<ul>\n<li>Filet de poulet clair en gel\u00e9e<\/li>\n<li>Facile \u00e0 dig\u00e9rer<\/li>\n<li>Sans colorants ni conservateurs<\/li>\n<li>Sachet fra\u00eecheur<\/li>\n<\/ul>\n","protected":false},"excerpt":{"rendered":"<ul>\n<li><span style=\"color: #ff8800;\">Aliment humide facile \u00e0 dig\u00e9rer et savoureux pour les chiens adultes<\/span><\/li>\n<\/ul>\n","protected":false},"featured_media":73438,"template":"","meta":[],"pwb-brand":[7805],"product_brand":[7806],"product_cat":[7650,7155,7167],"product_tag":[],"class_list":{"0":"post-73947","1":"product","2":"type-product","3":"status-publish","4":"has-post-thumbnail","6":"pwb-brand-rinti","7":"product_brand-rinti","8":"product_cat-nourriture-humide","9":"product_cat-chiens","10":"product_cat-tous","11":"pa_brand-rinti","12":"pa_geschmack-poulet","13":"pa_haustier-chien-2","14":"pa_marke-rinti","15":"pa_ursprungsland-chine","16":"pa_z_cat2-hundefutter","17":"pa_z_product_type-nassfutter","19":"first","20":"instock","21":"taxable","22":"shipping-taxable","23":"purchasable","24":"product-type-simple"},"brands":[{"id":7805,"name":"Rinti","slug":"rinti"}],"meta_box":{"lieferant":"Businesscom","lieferanten_email":"","produktzusammensetzung":"","restock_quantities_galaxus":"5","galaxus_restock_time":"21","galaxus_restock_date":"","galaxus_preis":"","export":"Nein","signalwort":[],"gefahrenpiktogramm":[],"gefahrenhinweise":[]},"_links":{"self":[{"href":"https:\/\/dadorana.ch\/fr\/wp-json\/wp\/v2\/product\/73947","targetHints":{"allow":["GET"]}}],"collection":[{"href":"https:\/\/dadorana.ch\/fr\/wp-json\/wp\/v2\/product"}],"about":[{"href":"https:\/\/dadorana.ch\/fr\/wp-json\/wp\/v2\/types\/product"}],"version-history":[{"count":0,"href":"https:\/\/dadorana.ch\/fr\/wp-json\/wp\/v2\/product\/73947\/revisions"}],"wp:featuredmedia":[{"embeddable":true,"href":"https:\/\/dadorana.ch\/fr\/wp-json\/wp\/v2\/media\/73438"}],"wp:attachment":[{"href":"https:\/\/dadorana.ch\/fr\/wp-json\/wp\/v2\/media?parent=73947"}],"wp:term":[{"taxonomy":"pwb-brand","embeddable":true,"href":"https:\/\/dadorana.ch\/fr\/wp-json\/wp\/v2\/pwb-brand?post=73947"},{"taxonomy":"product_brand","embeddable":true,"href":"https:\/\/dadorana.ch\/fr\/wp-json\/wp\/v2\/product_brand?post=73947"},{"taxonomy":"product_cat","embeddable":true,"href":"https:\/\/dadorana.ch\/fr\/wp-json\/wp\/v2\/product_cat?post=73947"},{"taxonomy":"product_tag","embeddable":true,"href":"https:\/\/dadorana.ch\/fr\/wp-json\/wp\/v2\/product_tag?post=73947"}],"curies":[{"name":"wp","href":"https:\/\/api.w.org\/{rel}","templated":true}]}}