{"id":74057,"date":"2026-03-31T02:19:19","date_gmt":"2026-03-31T00:19:19","guid":{"rendered":"https:\/\/dadorana.ch\/produkt\/in-fluence-tick-spray-parasitenschutz\/"},"modified":"2026-04-19T16:56:49","modified_gmt":"2026-04-19T14:56:49","slug":"in-fluence-tick-spray-produit-antiparasitaires","status":"publish","type":"product","link":"https:\/\/dadorana.ch\/fr\/produit\/in-fluence-tick-spray-produit-antiparasitaires\/","title":{"rendered":"In\u200b-\u200bFluence Tick Spray produit antiparasitaires"},"content":{"rendered":"<p>Le\u00a0<strong>spray In-Fluence Tick<\/strong>\u00a0est un antiparasitaire pour chiens con\u00e7u pour offrir\u00a0<strong>une protection fiable contre les tiques, les puces et les moustiques<\/strong>. La formule \u00e0 base naturelle convient \u00e0 une utilisation cibl\u00e9e au quotidien et favorise la protection de votre chien lors des promenades et des s\u00e9jours \u00e0 l&rsquo;ext\u00e9rieur.<\/p>\n<p>La combinaison de substances actives s\u00e9lectionn\u00e9es a \u00e9t\u00e9 sp\u00e9cialement con\u00e7ue pour repousser les parasites. Le spray peut aider \u00e0 tenir les tiques et autres insectes \u00e0 distance et contribuer ainsi au bien-\u00eatre de l&rsquo;animal. Le flacon pulv\u00e9risateur pratique permet une application simple et r\u00e9guli\u00e8re.<\/p>\n<p>Le spray Tick convient \u00e0 une utilisation r\u00e9guli\u00e8re et s&rsquo;int\u00e8gre facilement dans la routine de soins. L&rsquo;accent est mis sur la\u00a0<strong>protection, la facilit\u00e9 d&rsquo;utilisation au quotidien et le bien-\u00eatre de l&rsquo;animal<\/strong>.<\/p>\n<p><strong>Avantages :<\/strong><\/p>\n<ul>\n<li>Protection fiable contre les tiques, les puces et les moustiques<\/li>\n<li>Efficacit\u00e9 jusqu&rsquo;\u00e0 8 heures<\/li>\n<li>Formule \u00e0 base naturelle<\/li>\n<li>Application facile gr\u00e2ce au flacon pulv\u00e9risateur pratique<\/li>\n<li>Convient pour une utilisation r\u00e9guli\u00e8re<\/li>\n<\/ul>\n","protected":false},"excerpt":{"rendered":"<ul>\n<li>\n<div class=\"cs-buybox__section cs-buybox__section--essentials\">\n<div class=\"product attribute cs-buybox__std\">\n<div class=\"value\">\n<p><span style=\"color: #ff8800;\">Spray anti-tiques pour chiens avec jusqu&rsquo;\u00e0 8 heures de protection<\/span><\/p>\n<\/div>\n<\/div>\n<\/div>\n<div class=\"cs-buybox__section cs-buybox__section--product-form\">\n<div class=\"cs-buybox__shoppable\">\u00a0<\/div>\n<\/div>\n<div class=\"cs-buybox__shoppable-item-price\">\n<div class=\"price-box price-final_price\" data-role=\"priceBox\" data-product-id=\"42211\" data-price-box=\"product-id-42211\">\u00a0<\/div>\n<\/div>\n<\/li>\n<\/ul>\n","protected":false},"featured_media":74056,"template":"","meta":[],"pwb-brand":[7880],"product_brand":[7883],"product_cat":[7155,7360,7167],"product_tag":[],"class_list":{"0":"post-74057","1":"product","2":"type-product","3":"status-publish","4":"has-post-thumbnail","6":"pwb-brand-in-fluence","7":"product_brand-in-fluence","8":"product_cat-chiens","9":"product_cat-produits-de-soins","10":"product_cat-tous","11":"pa_brand-in-fluence","12":"pa_eigenschaften-pflegeprodukte-protection-antiparasitaire","13":"pa_haustier-chien-2","14":"pa_marke-in-fluence","15":"pa_ursprungsland-allemagne","16":"pa_z_cat2-pflege","17":"pa_z_product_type-parasitenschutz","19":"first","20":"instock","21":"taxable","22":"shipping-taxable","23":"purchasable","24":"product-type-variable"},"brands":[{"id":7880,"name":"In-Fluence","slug":"in-fluence"}],"meta_box":{"lieferant":"Businesscom","lieferanten_email":"","produktzusammensetzung":"","restock_quantities_galaxus":"5","galaxus_restock_time":"21","galaxus_restock_date":"","galaxus_preis":"","export":"Nein","signalwort":[],"gefahrenpiktogramm":[],"gefahrenhinweise":[]},"_links":{"self":[{"href":"https:\/\/dadorana.ch\/fr\/wp-json\/wp\/v2\/product\/74057","targetHints":{"allow":["GET"]}}],"collection":[{"href":"https:\/\/dadorana.ch\/fr\/wp-json\/wp\/v2\/product"}],"about":[{"href":"https:\/\/dadorana.ch\/fr\/wp-json\/wp\/v2\/types\/product"}],"version-history":[{"count":0,"href":"https:\/\/dadorana.ch\/fr\/wp-json\/wp\/v2\/product\/74057\/revisions"}],"wp:featuredmedia":[{"embeddable":true,"href":"https:\/\/dadorana.ch\/fr\/wp-json\/wp\/v2\/media\/74056"}],"wp:attachment":[{"href":"https:\/\/dadorana.ch\/fr\/wp-json\/wp\/v2\/media?parent=74057"}],"wp:term":[{"taxonomy":"pwb-brand","embeddable":true,"href":"https:\/\/dadorana.ch\/fr\/wp-json\/wp\/v2\/pwb-brand?post=74057"},{"taxonomy":"product_brand","embeddable":true,"href":"https:\/\/dadorana.ch\/fr\/wp-json\/wp\/v2\/product_brand?post=74057"},{"taxonomy":"product_cat","embeddable":true,"href":"https:\/\/dadorana.ch\/fr\/wp-json\/wp\/v2\/product_cat?post=74057"},{"taxonomy":"product_tag","embeddable":true,"href":"https:\/\/dadorana.ch\/fr\/wp-json\/wp\/v2\/product_tag?post=74057"}],"curies":[{"name":"wp","href":"https:\/\/api.w.org\/{rel}","templated":true}]}}