{"id":74067,"date":"2026-03-31T21:50:24","date_gmt":"2026-03-31T19:50:24","guid":{"rendered":"https:\/\/dadorana.ch\/produkt\/in-fluence-lachsoel-mit-hanf-und-30-cdb\/"},"modified":"2026-04-14T13:12:39","modified_gmt":"2026-04-14T11:12:39","slug":"in-fluence-huile-de-saumon-avec-chanvre-et-30-cdb","status":"publish","type":"product","link":"https:\/\/dadorana.ch\/fr\/produit\/in-fluence-huile-de-saumon-avec-chanvre-et-30-cdb\/","title":{"rendered":"In\u200b-\u200bFluence Huile de saumon avec chanvre et 3,0 % CDB"},"content":{"rendered":"<p>Une interaction unique: <strong>l&rsquo;huile de saumon avec le chanvre<\/strong> pour les animaux domestiques<\/p>\n<p>In-Fluence <strong>Huile de saumon avec chanvre 3,0 % CBD<\/strong> 10 ml combine une huile de saumon norv\u00e9gienne de haute qualit\u00e9 avec une fine poudre de fleurs de chanvre certifi\u00e9es. Ce m\u00e9lange unique est compl\u00e9t\u00e9 par de la pr\u00e9cieuse vitamine E, ce qui constitue une combinaison optimale pour la sant\u00e9 et le bien-\u00eatre des chiens et des chats. Le produit est riche en acides gras om\u00e9ga-3, connus pour leurs effets b\u00e9n\u00e9fiques sur la peau et le pelage.<\/p>\n<p>Bien-\u00eatre et s\u00e9curit\u00e9 pour votre animal de compagnie<\/p>\n<p>Les ingr\u00e9dients soigneusement s\u00e9lectionn\u00e9s ont un effet apaisant et \u00e9quilibrant, favorisent une digestion r\u00e9gul\u00e9e et peuvent att\u00e9nuer la sensation de douleur. Comme elle est exempte de THC, de terp\u00e8nes et de ph\u00e9nols, l&rsquo;huile de saumon au chanvre In-Fluence pour chiens et chats est bien tol\u00e9r\u00e9e et s\u00fbre \u00e0 utiliser. Ce compl\u00e9ment est un choix id\u00e9al pour les propri\u00e9taires d&rsquo;animaux qui souhaitent favoriser le bien-\u00eatre de leurs animaux de compagnie de mani\u00e8re naturelle.<\/p>\n","protected":false},"excerpt":{"rendered":"<ul>\n<li><span style=\"color: #ff8800;\">huile de saumon norv\u00e9gienne pour chiens et chats<\/span><\/li>\n<li><span style=\"color: #ff8800;\">r\u00e9gule la digestion<\/span><\/li>\n<li><span style=\"color: #ff8800;\">procure un effet apaisant<\/span><\/li>\n<li><span style=\"color: #ff8800;\">bien tol\u00e9r\u00e9e<\/span><\/li>\n<li><span style=\"color: #ff8800;\">riche en acides gras om\u00e9ga-3<\/span><\/li>\n<li><span style=\"color: #ff8800;\">sans THC, terp\u00e8nes ni ph\u00e9nols<\/span><\/li>\n<li><span style=\"color: #ff8800;\">agit positivement sur la perception de la douleur<\/span><\/li>\n<li><span style=\"color: #ff8800;\">favorise la sant\u00e9 de la peau et du pelage<\/span><\/li>\n<li><span style=\"color: #ff8800;\">effet positif sur la digestion<\/span><\/li>\n<\/ul>\n","protected":false},"featured_media":74065,"template":"","meta":[],"pwb-brand":[7880],"product_brand":[7883],"product_cat":[7227,7238,7155,7274,7167],"product_tag":[],"class_list":{"0":"post-74067","1":"product","2":"type-product","3":"status-publish","4":"has-post-thumbnail","6":"pwb-brand-in-fluence","7":"product_brand-in-fluence","8":"product_cat-complements-alimentaires","9":"product_cat-chats","10":"product_cat-chiens","11":"product_cat-complements-alimentaires-chats","12":"product_cat-tous","13":"pa_brand-in-fluence","14":"pa_eigenschaften-calmant","15":"pa_haustier-chat","16":"pa_haustier-chien-2","17":"pa_marke-in-fluence","18":"pa_spezialeigenschaft-cbd","19":"pa_ursprungsland-allemagne","20":"pa_z_cat2-hundefutter","22":"first","23":"instock","24":"taxable","25":"shipping-taxable","26":"purchasable","27":"product-type-simple"},"brands":[{"id":7880,"name":"In-Fluence","slug":"in-fluence"}],"meta_box":{"lieferant":"Businesscom","lieferanten_email":"","produktzusammensetzung":"","restock_quantities_galaxus":"5","galaxus_restock_time":"21","galaxus_restock_date":"","galaxus_preis":"","export":"Nein","signalwort":[],"gefahrenpiktogramm":[],"gefahrenhinweise":[]},"_links":{"self":[{"href":"https:\/\/dadorana.ch\/fr\/wp-json\/wp\/v2\/product\/74067","targetHints":{"allow":["GET"]}}],"collection":[{"href":"https:\/\/dadorana.ch\/fr\/wp-json\/wp\/v2\/product"}],"about":[{"href":"https:\/\/dadorana.ch\/fr\/wp-json\/wp\/v2\/types\/product"}],"version-history":[{"count":0,"href":"https:\/\/dadorana.ch\/fr\/wp-json\/wp\/v2\/product\/74067\/revisions"}],"wp:featuredmedia":[{"embeddable":true,"href":"https:\/\/dadorana.ch\/fr\/wp-json\/wp\/v2\/media\/74065"}],"wp:attachment":[{"href":"https:\/\/dadorana.ch\/fr\/wp-json\/wp\/v2\/media?parent=74067"}],"wp:term":[{"taxonomy":"pwb-brand","embeddable":true,"href":"https:\/\/dadorana.ch\/fr\/wp-json\/wp\/v2\/pwb-brand?post=74067"},{"taxonomy":"product_brand","embeddable":true,"href":"https:\/\/dadorana.ch\/fr\/wp-json\/wp\/v2\/product_brand?post=74067"},{"taxonomy":"product_cat","embeddable":true,"href":"https:\/\/dadorana.ch\/fr\/wp-json\/wp\/v2\/product_cat?post=74067"},{"taxonomy":"product_tag","embeddable":true,"href":"https:\/\/dadorana.ch\/fr\/wp-json\/wp\/v2\/product_tag?post=74067"}],"curies":[{"name":"wp","href":"https:\/\/api.w.org\/{rel}","templated":true}]}}